{"id":964,"date":"2017-11-28T12:02:05","date_gmt":"2017-11-28T11:02:05","guid":{"rendered":"https:\/\/menopearl.com?page_id=964"},"modified":"2020-09-03T22:58:06","modified_gmt":"2020-09-03T20:58:06","slug":"service-patientinnen-videos","status":"publish","type":"page","link":"https:\/\/menopearl.com\/de\/service-patientinnen-videos\/","title":{"rendered":"Videos"},"content":{"rendered":"\n<div style=\"height:35px\" aria-hidden=\"true\" class=\"wp-block-spacer\"><\/div>\n\n\n\n<h4 class=\"has-purple-color has-text-color wp-block-heading\"><strong>DIE WECHSELJAHRE<\/strong>: WIE SIE DEN SYMPTOMEN SANFT VORBEUGEN K\u00d6NNEN<\/h4>\n\n\n\n<p>Prim. Univ.Doz. Dr. Martin Imhof<br>Karl Landsteiner Institut f\u00fcr zellorientierte Therapie in der Gyn\u00e4kologie, St. P\u00f6lten, \u00d6sterreich<br>Landesklinikum Korneuburg\/Wien, \u00d6sterreich<\/p>\n\n\n\n<figure class=\"wp-block-embed-youtube wp-block-embed is-type-video is-provider-youtube wp-embed-aspect-16-9 wp-has-aspect-ratio\"><div class=\"wp-block-embed__wrapper\">\n<iframe loading=\"lazy\" title=\"Die Wechseljahre \u2013 Wie Sie den Symptomen mit hochwertigen Rotklee Pr\u00e4paraten sanft vorbeugen k\u00f6nnen\" width=\"1778\" height=\"1000\" src=\"https:\/\/www.youtube.com\/embed\/kDLrWBvUTNo?feature=oembed\" frameborder=\"0\" allow=\"accelerometer; autoplay; encrypted-media; gyroscope; picture-in-picture\" allowfullscreen><\/iframe>\n<\/div><\/figure>\n","protected":false},"excerpt":{"rendered":"<p>DIE WECHSELJAHRE: WIE SIE DEN SYMPTOMEN SANFT VORBEUGEN K\u00d6NNEN Prim. Univ.Doz. Dr. Martin ImhofKarl Landsteiner Institut f\u00fcr zellorientierte Therapie in der Gyn\u00e4kologie, St. P\u00f6lten, \u00d6sterreichLandesklinikum Korneuburg\/Wien, \u00d6sterreich<\/p>\n","protected":false},"author":1,"featured_media":0,"parent":0,"menu_order":0,"comment_status":"closed","ping_status":"closed","template":"","meta":{"_acf_changed":false,"footnotes":""},"class_list":["post-964","page","type-page","status-publish","hentry"],"acf":[],"yoast_head":"<!-- This site is optimized with the Yoast SEO plugin v24.5 - https:\/\/yoast.com\/wordpress\/plugins\/seo\/ -->\n<title>Videos - MENOPEARL\u00ae<\/title>\n<meta name=\"robots\" content=\"index, follow, max-snippet:-1, max-image-preview:large, max-video-preview:-1\" \/>\n<link rel=\"canonical\" href=\"https:\/\/menopearl.com\/de\/service-patientinnen-videos\/\" \/>\n<meta property=\"og:locale\" content=\"de_DE\" \/>\n<meta property=\"og:type\" content=\"article\" \/>\n<meta property=\"og:title\" content=\"Videos - MENOPEARL\u00ae\" \/>\n<meta property=\"og:description\" content=\"DIE WECHSELJAHRE: WIE SIE DEN SYMPTOMEN SANFT VORBEUGEN K\u00d6NNEN Prim. Univ.Doz. Dr. Martin ImhofKarl Landsteiner Institut f\u00fcr zellorientierte Therapie in der Gyn\u00e4kologie, St. P\u00f6lten, \u00d6sterreichLandesklinikum Korneuburg\/Wien, \u00d6sterreich\" \/>\n<meta property=\"og:url\" content=\"https:\/\/menopearl.com\/de\/service-patientinnen-videos\/\" \/>\n<meta property=\"og:site_name\" content=\"MENOPEARL\u00ae\" \/>\n<meta property=\"article:modified_time\" content=\"2020-09-03T20:58:06+00:00\" \/>\n<meta name=\"twitter:card\" content=\"summary_large_image\" \/>\n<script type=\"application\/ld+json\" class=\"yoast-schema-graph\">{\"@context\":\"https:\/\/schema.org\",\"@graph\":[{\"@type\":\"WebPage\",\"@id\":\"https:\/\/menopearl.com\/de\/service-patientinnen-videos\/\",\"url\":\"https:\/\/menopearl.com\/de\/service-patientinnen-videos\/\",\"name\":\"Videos - MENOPEARL\u00ae\",\"isPartOf\":{\"@id\":\"https:\/\/menopearl.com\/#website\"},\"datePublished\":\"2017-11-28T11:02:05+00:00\",\"dateModified\":\"2020-09-03T20:58:06+00:00\",\"breadcrumb\":{\"@id\":\"https:\/\/menopearl.com\/de\/service-patientinnen-videos\/#breadcrumb\"},\"inLanguage\":\"de\",\"potentialAction\":[{\"@type\":\"ReadAction\",\"target\":[\"https:\/\/menopearl.com\/de\/service-patientinnen-videos\/\"]}]},{\"@type\":\"BreadcrumbList\",\"@id\":\"https:\/\/menopearl.com\/de\/service-patientinnen-videos\/#breadcrumb\",\"itemListElement\":[{\"@type\":\"ListItem\",\"position\":1,\"name\":\"Home\",\"item\":\"https:\/\/menopearl.com\/de\/\"},{\"@type\":\"ListItem\",\"position\":2,\"name\":\"Videos\"}]},{\"@type\":\"WebSite\",\"@id\":\"https:\/\/menopearl.com\/#website\",\"url\":\"https:\/\/menopearl.com\/\",\"name\":\"MENOPEARL\u00ae\",\"description\":\"Your companion during Menopause\",\"potentialAction\":[{\"@type\":\"SearchAction\",\"target\":{\"@type\":\"EntryPoint\",\"urlTemplate\":\"https:\/\/menopearl.com\/?s={search_term_string}\"},\"query-input\":{\"@type\":\"PropertyValueSpecification\",\"valueRequired\":true,\"valueName\":\"search_term_string\"}}],\"inLanguage\":\"de\"}]}<\/script>\n<!-- \/ Yoast SEO plugin. -->","yoast_head_json":{"title":"Videos - MENOPEARL\u00ae","robots":{"index":"index","follow":"follow","max-snippet":"max-snippet:-1","max-image-preview":"max-image-preview:large","max-video-preview":"max-video-preview:-1"},"canonical":"https:\/\/menopearl.com\/de\/service-patientinnen-videos\/","og_locale":"de_DE","og_type":"article","og_title":"Videos - MENOPEARL\u00ae","og_description":"DIE WECHSELJAHRE: WIE SIE DEN SYMPTOMEN SANFT VORBEUGEN K\u00d6NNEN Prim. Univ.Doz. Dr. Martin ImhofKarl Landsteiner Institut f\u00fcr zellorientierte Therapie in der Gyn\u00e4kologie, St. P\u00f6lten, \u00d6sterreichLandesklinikum Korneuburg\/Wien, \u00d6sterreich","og_url":"https:\/\/menopearl.com\/de\/service-patientinnen-videos\/","og_site_name":"MENOPEARL\u00ae","article_modified_time":"2020-09-03T20:58:06+00:00","twitter_card":"summary_large_image","schema":{"@context":"https:\/\/schema.org","@graph":[{"@type":"WebPage","@id":"https:\/\/menopearl.com\/de\/service-patientinnen-videos\/","url":"https:\/\/menopearl.com\/de\/service-patientinnen-videos\/","name":"Videos - MENOPEARL\u00ae","isPartOf":{"@id":"https:\/\/menopearl.com\/#website"},"datePublished":"2017-11-28T11:02:05+00:00","dateModified":"2020-09-03T20:58:06+00:00","breadcrumb":{"@id":"https:\/\/menopearl.com\/de\/service-patientinnen-videos\/#breadcrumb"},"inLanguage":"de","potentialAction":[{"@type":"ReadAction","target":["https:\/\/menopearl.com\/de\/service-patientinnen-videos\/"]}]},{"@type":"BreadcrumbList","@id":"https:\/\/menopearl.com\/de\/service-patientinnen-videos\/#breadcrumb","itemListElement":[{"@type":"ListItem","position":1,"name":"Home","item":"https:\/\/menopearl.com\/de\/"},{"@type":"ListItem","position":2,"name":"Videos"}]},{"@type":"WebSite","@id":"https:\/\/menopearl.com\/#website","url":"https:\/\/menopearl.com\/","name":"MENOPEARL\u00ae","description":"Your companion during Menopause","potentialAction":[{"@type":"SearchAction","target":{"@type":"EntryPoint","urlTemplate":"https:\/\/menopearl.com\/?s={search_term_string}"},"query-input":{"@type":"PropertyValueSpecification","valueRequired":true,"valueName":"search_term_string"}}],"inLanguage":"de"}]}},"_links":{"self":[{"href":"https:\/\/menopearl.com\/de\/wp-json\/wp\/v2\/pages\/964","targetHints":{"allow":["GET"]}}],"collection":[{"href":"https:\/\/menopearl.com\/de\/wp-json\/wp\/v2\/pages"}],"about":[{"href":"https:\/\/menopearl.com\/de\/wp-json\/wp\/v2\/types\/page"}],"author":[{"embeddable":true,"href":"https:\/\/menopearl.com\/de\/wp-json\/wp\/v2\/users\/1"}],"replies":[{"embeddable":true,"href":"https:\/\/menopearl.com\/de\/wp-json\/wp\/v2\/comments?post=964"}],"version-history":[{"count":10,"href":"https:\/\/menopearl.com\/de\/wp-json\/wp\/v2\/pages\/964\/revisions"}],"predecessor-version":[{"id":2179,"href":"https:\/\/menopearl.com\/de\/wp-json\/wp\/v2\/pages\/964\/revisions\/2179"}],"wp:attachment":[{"href":"https:\/\/menopearl.com\/de\/wp-json\/wp\/v2\/media?parent=964"}],"curies":[{"name":"wp","href":"https:\/\/api.w.org\/{rel}","templated":true}]}}