{"id":673,"date":"2017-01-12T11:10:02","date_gmt":"2017-01-12T10:10:02","guid":{"rendered":"https:\/\/menopearl.com\/at\/?page_id=673"},"modified":"2022-11-17T12:51:00","modified_gmt":"2022-11-17T11:51:00","slug":"videos","status":"publish","type":"page","link":"https:\/\/menopearl.com\/de\/videos\/","title":{"rendered":"Videos"},"content":{"rendered":"\n<h4 class=\"has-purple-color has-text-color wp-block-heading\"><strong>MENOPEARL\u00ae &#8211; STUDY SUMMARY PRESENTED BY PROF. MARTIN IMHOF<\/strong><\/h4>\n\n\n\n<figure class=\"wp-block-embed is-type-video is-provider-vimeo wp-block-embed-vimeo wp-embed-aspect-16-9 wp-has-aspect-ratio\"><div class=\"wp-block-embed__wrapper\">\n<iframe loading=\"lazy\" title=\"MENOPEARL - Study Summary Presented By Prof. Martin Imhof\" src=\"https:\/\/player.vimeo.com\/video\/531356471?h=3e5bf35992&amp;app_id=122963\" width=\"1778\" height=\"1000\" frameborder=\"0\" allow=\"autoplay; fullscreen; picture-in-picture\" allowfullscreen><\/iframe>\n<\/div><\/figure>\n\n\n\n<h4 class=\"has-purple-color has-text-color wp-block-heading\"><strong>INTERVIEW: \u00dcBER DIE MF11RCE\u00ae-FORSCHUNG AM KARL-LANDSTEINER-INSTITUT<\/strong><\/h4>\n\n\n\n<p>Univ.-Prof. Dr. Martin Imhof<br>Karl Landsteiner Institut f\u00fcr zellorientierte Therapie in der Gyn\u00e4kologie, St. P\u00f6lten, \u00d6sterreich<br>Landesklinikum Korneuburg\/Wien, \u00d6sterreich<\/p>\n\n\n\n<figure class=\"wp-block-embed is-type-video is-provider-youtube wp-block-embed-youtube wp-embed-aspect-16-9 wp-has-aspect-ratio\"><div class=\"wp-block-embed__wrapper\">\nhttps:\/\/www.youtube.com\/watch?v=GX3l8qY0osE\n<\/div><\/figure>\n\n\n\n<hr class=\"wp-block-separator\"\/>\n\n\n\n<h4 class=\"has-purple-color has-text-color wp-block-heading\"><strong>VORTRAG: ROTKLEE ISOFLAVONE (MF11RCE\u00ae) UNTER DEM ASPEKT DER AKTUELLEN WHI-DISKUSSION<\/strong><\/h4>\n\n\n\n<p>Univ.-Prof. Dr. Martin Imhof<br>Karl Landsteiner Institut f\u00fcr zellorientierte Therapie in der Gyn\u00e4kologie, St. P\u00f6lten, \u00d6sterreich<br>Landesklinikum Korneuburg\/Wien, \u00d6sterreich<br><em>Menopause-Kongress Wien, Dezember 2016<\/em><\/p>\n\n\n\n<div class=\"wp-block-columns is-layout-flex wp-container-core-columns-is-layout-1 wp-block-columns-is-layout-flex\">\n<div class=\"wp-block-column is-layout-flow wp-block-column-is-layout-flow\">\n<figure class=\"wp-block-embed is-type-video is-provider-youtube wp-block-embed-youtube wp-embed-aspect-16-9 wp-has-aspect-ratio\"><div class=\"wp-block-embed__wrapper\">\nhttps:\/\/www.youtube.com\/watch?v=1bLjtzChYPw\n<\/div><figcaption>Kurzversion<\/figcaption><\/figure>\n<\/div>\n\n\n\n<div class=\"wp-block-column is-layout-flow wp-block-column-is-layout-flow\">\n<figure class=\"wp-block-embed is-type-video is-provider-youtube wp-block-embed-youtube wp-embed-aspect-16-9 wp-has-aspect-ratio\"><div class=\"wp-block-embed__wrapper\">\nhttps:\/\/www.youtube.com\/watch?v=kPSgvuTizF0\n<\/div><figcaption>Langversion<\/figcaption><\/figure>\n<\/div>\n<\/div>\n","protected":false},"excerpt":{"rendered":"<p>MENOPEARL\u00ae &#8211; STUDY SUMMARY PRESENTED BY PROF. MARTIN IMHOF INTERVIEW: \u00dcBER DIE MF11RCE\u00ae-FORSCHUNG AM KARL-LANDSTEINER-INSTITUT Univ.-Prof. Dr. Martin ImhofKarl Landsteiner Institut f\u00fcr zellorientierte Therapie in der Gyn\u00e4kologie, St. P\u00f6lten, \u00d6sterreichLandesklinikum Korneuburg\/Wien, \u00d6sterreich VORTRAG: ROTKLEE ISOFLAVONE (MF11RCE\u00ae) UNTER DEM ASPEKT DER AKTUELLEN WHI-DISKUSSION Univ.-Prof. Dr. Martin ImhofKarl Landsteiner Institut f\u00fcr zellorientierte Therapie in der Gyn\u00e4kologie, St.<a class=\"excerpt-read-more\" href=\"https:\/\/menopearl.com\/de\/videos\/\" title=\"ReadVideos\">&#8230; Read more &raquo;<\/a><\/p>\n","protected":false},"author":6,"featured_media":0,"parent":0,"menu_order":0,"comment_status":"closed","ping_status":"closed","template":"","meta":{"_acf_changed":false,"footnotes":""},"class_list":["post-673","page","type-page","status-publish","hentry"],"acf":[],"yoast_head":"<!-- This site is optimized with the Yoast SEO plugin v24.5 - https:\/\/yoast.com\/wordpress\/plugins\/seo\/ -->\n<title>Videos - MENOPEARL\u00ae<\/title>\n<meta name=\"robots\" content=\"index, follow, max-snippet:-1, max-image-preview:large, max-video-preview:-1\" \/>\n<link rel=\"canonical\" href=\"https:\/\/menopearl.com\/de\/videos\/\" \/>\n<meta property=\"og:locale\" content=\"de_DE\" \/>\n<meta property=\"og:type\" content=\"article\" \/>\n<meta property=\"og:title\" content=\"Videos - MENOPEARL\u00ae\" \/>\n<meta property=\"og:description\" content=\"MENOPEARL\u00ae &#8211; STUDY SUMMARY PRESENTED BY PROF. MARTIN IMHOF INTERVIEW: \u00dcBER DIE MF11RCE\u00ae-FORSCHUNG AM KARL-LANDSTEINER-INSTITUT Univ.-Prof. Dr. Martin ImhofKarl Landsteiner Institut f\u00fcr zellorientierte Therapie in der Gyn\u00e4kologie, St. P\u00f6lten, \u00d6sterreichLandesklinikum Korneuburg\/Wien, \u00d6sterreich VORTRAG: ROTKLEE ISOFLAVONE (MF11RCE\u00ae) UNTER DEM ASPEKT DER AKTUELLEN WHI-DISKUSSION Univ.-Prof. Dr. Martin ImhofKarl Landsteiner Institut f\u00fcr zellorientierte Therapie in der Gyn\u00e4kologie, St.... Read more &raquo;\" \/>\n<meta property=\"og:url\" content=\"https:\/\/menopearl.com\/de\/videos\/\" \/>\n<meta property=\"og:site_name\" content=\"MENOPEARL\u00ae\" \/>\n<meta property=\"article:modified_time\" content=\"2022-11-17T11:51:00+00:00\" \/>\n<meta name=\"twitter:card\" content=\"summary_large_image\" \/>\n<meta name=\"twitter:label1\" content=\"Gesch\u00e4tzte Lesezeit\" \/>\n\t<meta name=\"twitter:data1\" content=\"1\u00a0Minute\" \/>\n<script type=\"application\/ld+json\" class=\"yoast-schema-graph\">{\"@context\":\"https:\/\/schema.org\",\"@graph\":[{\"@type\":\"WebPage\",\"@id\":\"https:\/\/menopearl.com\/de\/videos\/\",\"url\":\"https:\/\/menopearl.com\/de\/videos\/\",\"name\":\"Videos - MENOPEARL\u00ae\",\"isPartOf\":{\"@id\":\"https:\/\/menopearl.com\/#website\"},\"datePublished\":\"2017-01-12T10:10:02+00:00\",\"dateModified\":\"2022-11-17T11:51:00+00:00\",\"breadcrumb\":{\"@id\":\"https:\/\/menopearl.com\/de\/videos\/#breadcrumb\"},\"inLanguage\":\"de\",\"potentialAction\":[{\"@type\":\"ReadAction\",\"target\":[\"https:\/\/menopearl.com\/de\/videos\/\"]}]},{\"@type\":\"BreadcrumbList\",\"@id\":\"https:\/\/menopearl.com\/de\/videos\/#breadcrumb\",\"itemListElement\":[{\"@type\":\"ListItem\",\"position\":1,\"name\":\"Home\",\"item\":\"https:\/\/menopearl.com\/de\/\"},{\"@type\":\"ListItem\",\"position\":2,\"name\":\"Videos\"}]},{\"@type\":\"WebSite\",\"@id\":\"https:\/\/menopearl.com\/#website\",\"url\":\"https:\/\/menopearl.com\/\",\"name\":\"MENOPEARL\u00ae\",\"description\":\"Your companion during Menopause\",\"potentialAction\":[{\"@type\":\"SearchAction\",\"target\":{\"@type\":\"EntryPoint\",\"urlTemplate\":\"https:\/\/menopearl.com\/?s={search_term_string}\"},\"query-input\":{\"@type\":\"PropertyValueSpecification\",\"valueRequired\":true,\"valueName\":\"search_term_string\"}}],\"inLanguage\":\"de\"}]}<\/script>\n<!-- \/ Yoast SEO plugin. -->","yoast_head_json":{"title":"Videos - MENOPEARL\u00ae","robots":{"index":"index","follow":"follow","max-snippet":"max-snippet:-1","max-image-preview":"max-image-preview:large","max-video-preview":"max-video-preview:-1"},"canonical":"https:\/\/menopearl.com\/de\/videos\/","og_locale":"de_DE","og_type":"article","og_title":"Videos - MENOPEARL\u00ae","og_description":"MENOPEARL\u00ae &#8211; STUDY SUMMARY PRESENTED BY PROF. MARTIN IMHOF INTERVIEW: \u00dcBER DIE MF11RCE\u00ae-FORSCHUNG AM KARL-LANDSTEINER-INSTITUT Univ.-Prof. Dr. Martin ImhofKarl Landsteiner Institut f\u00fcr zellorientierte Therapie in der Gyn\u00e4kologie, St. P\u00f6lten, \u00d6sterreichLandesklinikum Korneuburg\/Wien, \u00d6sterreich VORTRAG: ROTKLEE ISOFLAVONE (MF11RCE\u00ae) UNTER DEM ASPEKT DER AKTUELLEN WHI-DISKUSSION Univ.-Prof. Dr. Martin ImhofKarl Landsteiner Institut f\u00fcr zellorientierte Therapie in der Gyn\u00e4kologie, St.... Read more &raquo;","og_url":"https:\/\/menopearl.com\/de\/videos\/","og_site_name":"MENOPEARL\u00ae","article_modified_time":"2022-11-17T11:51:00+00:00","twitter_card":"summary_large_image","twitter_misc":{"Gesch\u00e4tzte Lesezeit":"1\u00a0Minute"},"schema":{"@context":"https:\/\/schema.org","@graph":[{"@type":"WebPage","@id":"https:\/\/menopearl.com\/de\/videos\/","url":"https:\/\/menopearl.com\/de\/videos\/","name":"Videos - MENOPEARL\u00ae","isPartOf":{"@id":"https:\/\/menopearl.com\/#website"},"datePublished":"2017-01-12T10:10:02+00:00","dateModified":"2022-11-17T11:51:00+00:00","breadcrumb":{"@id":"https:\/\/menopearl.com\/de\/videos\/#breadcrumb"},"inLanguage":"de","potentialAction":[{"@type":"ReadAction","target":["https:\/\/menopearl.com\/de\/videos\/"]}]},{"@type":"BreadcrumbList","@id":"https:\/\/menopearl.com\/de\/videos\/#breadcrumb","itemListElement":[{"@type":"ListItem","position":1,"name":"Home","item":"https:\/\/menopearl.com\/de\/"},{"@type":"ListItem","position":2,"name":"Videos"}]},{"@type":"WebSite","@id":"https:\/\/menopearl.com\/#website","url":"https:\/\/menopearl.com\/","name":"MENOPEARL\u00ae","description":"Your companion during Menopause","potentialAction":[{"@type":"SearchAction","target":{"@type":"EntryPoint","urlTemplate":"https:\/\/menopearl.com\/?s={search_term_string}"},"query-input":{"@type":"PropertyValueSpecification","valueRequired":true,"valueName":"search_term_string"}}],"inLanguage":"de"}]}},"_links":{"self":[{"href":"https:\/\/menopearl.com\/de\/wp-json\/wp\/v2\/pages\/673","targetHints":{"allow":["GET"]}}],"collection":[{"href":"https:\/\/menopearl.com\/de\/wp-json\/wp\/v2\/pages"}],"about":[{"href":"https:\/\/menopearl.com\/de\/wp-json\/wp\/v2\/types\/page"}],"author":[{"embeddable":true,"href":"https:\/\/menopearl.com\/de\/wp-json\/wp\/v2\/users\/6"}],"replies":[{"embeddable":true,"href":"https:\/\/menopearl.com\/de\/wp-json\/wp\/v2\/comments?post=673"}],"version-history":[{"count":29,"href":"https:\/\/menopearl.com\/de\/wp-json\/wp\/v2\/pages\/673\/revisions"}],"predecessor-version":[{"id":3030,"href":"https:\/\/menopearl.com\/de\/wp-json\/wp\/v2\/pages\/673\/revisions\/3030"}],"wp:attachment":[{"href":"https:\/\/menopearl.com\/de\/wp-json\/wp\/v2\/media?parent=673"}],"curies":[{"name":"wp","href":"https:\/\/api.w.org\/{rel}","templated":true}]}}