{"id":387,"date":"2016-11-29T08:42:23","date_gmt":"2016-11-29T07:42:23","guid":{"rendered":"http:\/\/menopearl\/?page_id=387"},"modified":"2020-09-11T10:52:30","modified_gmt":"2020-09-11T08:52:30","slug":"wie-wirkt-hyaluronsaeure","status":"publish","type":"page","link":"https:\/\/menopearl.com\/de\/fuer-mediziner\/wie-wirkt-hyaluronsaeure\/","title":{"rendered":"Wie wirkt Hyalurons\u00e4ure?"},"content":{"rendered":"\n<div class=\"wp-block-cover alignfull is-position-center-center menopearl-page-header\" style=\"background-image:url(https:\/\/menopearl.com\/de\/wp-content\/uploads\/2020\/09\/page-header-bg-scaled.jpg);background-color:#000000;background-position:50% 50%\"><div class=\"wp-block-cover__inner-container is-layout-flow wp-block-cover-is-layout-flow\">\n<p class=\"has-text-align-center has-white-color has-text-color\">\u00abTREFFEN SIE DIE RICHTIGE WAHL.\u00bb<br>MENO<strong>PEARL<\/strong>\u00ae<\/p>\n\n\n\n<div class=\"wp-block-image show-for-medium\"><figure class=\"aligncenter size-large is-resized\"><img loading=\"lazy\" decoding=\"async\" src=\"https:\/\/menopearl.com\/wp-content\/uploads\/2020\/08\/pearl.png\" alt=\"\" class=\"wp-image-1496\" width=\"72\" height=\"72\" srcset=\"https:\/\/menopearl.com\/wp-content\/uploads\/2020\/08\/pearl.png 288w, https:\/\/menopearl.com\/wp-content\/uploads\/2020\/08\/pearl-150x150.png 150w, https:\/\/menopearl.com\/wp-content\/uploads\/2020\/08\/pearl-125x125.png 125w\" sizes=\"auto, (max-width: 72px) 100vw, 72px\" \/><\/figure><\/div>\n\n\n\n<p><\/p>\n<\/div><\/div>\n\n\n\n<h1 class=\"has-text-align-center has-purple-color has-text-color wp-block-heading\">WIE WIRKT HYALURONS\u00c4URE?<\/h1>\n\n\n\n<h5 class=\"has-purple-color has-text-color wp-block-heading\"><strong>Die in Menopearl\u00ae enthaltene Hyalurons\u00e4ure<\/strong><\/h5>\n\n\n\n<ul class=\"wp-block-list\"><li>zeichnet sich durch ein niedriges und standardisiertes Molekulargewicht aus.<\/li><li>besitzt eine ausgezeichnete Bioverf\u00fcgbarkeit: 68 % nach 24 Stunden.<\/li><li>baut den Wasserhaushalt der Haut von innen heraus auf.<\/li><li>wird durch Biofermentation gewonnen und ist frei von tierischen Komponenten.<\/li><\/ul>\n\n\n\n<h2 class=\"has-text-align-center has-purple-color has-text-color wp-block-heading\">WISSENSCHAFTLICHE STUDIEN HYALURONS\u00c4URE<\/h2>\n\n\n\n<h5 class=\"has-text-align-center wp-block-heading\"><strong>DIE HYALURONS\u00c4URE IN MENOPEARL\u00ae&nbsp;ZEICHNET SICH DURCH EINE HERVORRAGENDE BIOVERF\u00dcGBARKEIT AUS. <a href=\"#ref1\"><sup>1)<\/sup><\/a><\/strong><\/h5>\n\n\n\n<div class=\"wp-block-columns is-layout-flex wp-container-core-columns-is-layout-1 wp-block-columns-is-layout-flex\">\n<div class=\"wp-block-column is-layout-flow wp-block-column-is-layout-flow\">\n<p class=\"has-text-align-center\">Hohe Bio\u00ad\u00adverf\u00fcgbarkeit von 68 % nach 24 Stunden<\/p>\n\n\n\n<div class=\"wp-block-image no-margin-bottom\"><figure class=\"aligncenter size-medium\"><img loading=\"lazy\" decoding=\"async\" width=\"300\" height=\"214\" src=\"https:\/\/menopearl.com\/wp-content\/uploads\/2020\/09\/mp_graph_ha1_NEU_RGB-300x214.png\" alt=\"\" class=\"wp-image-2219\" srcset=\"https:\/\/menopearl.com\/wp-content\/uploads\/2020\/09\/mp_graph_ha1_NEU_RGB-300x214.png 300w, https:\/\/menopearl.com\/wp-content\/uploads\/2020\/09\/mp_graph_ha1_NEU_RGB-1024x729.png 1024w, https:\/\/menopearl.com\/wp-content\/uploads\/2020\/09\/mp_graph_ha1_NEU_RGB-768x547.png 768w, https:\/\/menopearl.com\/wp-content\/uploads\/2020\/09\/mp_graph_ha1_NEU_RGB.png 1200w\" sizes=\"auto, (max-width: 300px) 100vw, 300px\" \/><\/figure><\/div>\n<\/div>\n\n\n\n<div class=\"wp-block-column is-layout-flow wp-block-column-is-layout-flow\">\n<p class=\"has-text-align-center\">Durchschnittliche Konzentration von Hyalurons\u00e4ure nach einer oralen Dosis<\/p>\n\n\n\n<div class=\"wp-block-image no-margin-bottom\"><figure class=\"aligncenter size-medium is-resized\"><img loading=\"lazy\" decoding=\"async\" src=\"https:\/\/menopearl.com\/wp-content\/uploads\/2020\/09\/mp_graph_ha2_NEU_RGB-300x139.png\" alt=\"\" class=\"wp-image-2221\" width=\"300\" height=\"139\" srcset=\"https:\/\/menopearl.com\/wp-content\/uploads\/2020\/09\/mp_graph_ha2_NEU_RGB-300x139.png 300w, https:\/\/menopearl.com\/wp-content\/uploads\/2020\/09\/mp_graph_ha2_NEU_RGB-1024x474.png 1024w, https:\/\/menopearl.com\/wp-content\/uploads\/2020\/09\/mp_graph_ha2_NEU_RGB-768x355.png 768w, https:\/\/menopearl.com\/wp-content\/uploads\/2020\/09\/mp_graph_ha2_NEU_RGB.png 1200w\" sizes=\"auto, (max-width: 300px) 100vw, 300px\" \/><\/figure><\/div>\n\n\n\n<p class=\"has-text-align-center\"><strong><span style=\"color:#77549a\" class=\"has-inline-color\">\u2013 Hyalurons\u00e4ure<\/span><\/strong><br><strong><span style=\"color:#d1c6df\" class=\"has-inline-color\">\u2013&nbsp;Kochsalz<\/span><\/strong><\/p>\n<\/div>\n<\/div>\n\n\n\n<div style=\"height:40px\" aria-hidden=\"true\" class=\"wp-block-spacer\"><\/div>\n\n\n\n<h3 class=\"has-text-align-center has-purple-color has-text-color wp-block-heading\">AUF DIE RICHTIGE HYALURONS\u00c4URE KOMMT ES AN \u2013<strong> 120 MG<\/strong><\/h3>\n\n\n\n<div class=\"wp-block-columns are-vertically-aligned-center is-layout-flex wp-container-core-columns-is-layout-2 wp-block-columns-is-layout-flex\">\n<div class=\"wp-block-column is-vertically-aligned-center is-layout-flow wp-block-column-is-layout-flow\">\n<div class=\"wp-block-image no-margin-bottom\"><figure class=\"aligncenter size-full is-resized\"><img loading=\"lazy\" decoding=\"async\" src=\"https:\/\/menopearl.com\/wp-content\/uploads\/2020\/09\/HA_Beginning_of_Menopause_Age.png\" alt=\"\" class=\"wp-image-2351\" width=\"300\" height=\"298\" srcset=\"https:\/\/menopearl.com\/wp-content\/uploads\/2020\/09\/HA_Beginning_of_Menopause_Age.png 474w, https:\/\/menopearl.com\/wp-content\/uploads\/2020\/09\/HA_Beginning_of_Menopause_Age-150x150.png 150w, https:\/\/menopearl.com\/wp-content\/uploads\/2020\/09\/HA_Beginning_of_Menopause_Age-125x125.png 125w\" sizes=\"auto, (max-width: 300px) 100vw, 300px\" \/><\/figure><\/div>\n<\/div>\n\n\n\n<div class=\"wp-block-column is-vertically-aligned-center is-layout-flow wp-block-column-is-layout-flow\">\n<ul class=\"wp-block-list\"><li>Ab dem 25. Lebensjahr nimmt die k\u00f6rpereigene Produktion kontinuierlich ab.<\/li><li>Mit Einsetzen der Menopause zeigt sich ein deutlicher Abfall.<\/li><li>Der nat\u00fcrliche Gehalt an Hyalurons\u00e4ure betr\u00e4gt im Alter von 50 Jahren nur noch 45 % vom Ausgangswert.<\/li><\/ul>\n<\/div>\n<\/div>\n\n\n\n<div style=\"height:40px\" aria-hidden=\"true\" class=\"wp-block-spacer\"><\/div>\n\n\n\n<h3 class=\"has-text-align-center has-purple-color has-text-color wp-block-heading\">MENOPEARL\u00ae BAUT DEN WASSERHAUSHALT <br>DER HAUT IHRER PATIENTINNEN <strong>VON INNEN HERAUS AUF.<\/strong><\/h3>\n\n\n\n<div class=\"wp-block-columns are-vertically-aligned-center is-layout-flex wp-container-core-columns-is-layout-3 wp-block-columns-is-layout-flex\">\n<div class=\"wp-block-column is-vertically-aligned-center is-layout-flow wp-block-column-is-layout-flow\">\n<div class=\"wp-block-image\"><figure class=\"aligncenter size-full is-resized\"><img loading=\"lazy\" decoding=\"async\" src=\"https:\/\/menopearl.com\/wp-content\/uploads\/2020\/09\/HA_Wasserhaushalt_Haut_Aerzte_DE_EN.png\" alt=\"\" class=\"wp-image-2358\" width=\"300\" height=\"385\" srcset=\"https:\/\/menopearl.com\/wp-content\/uploads\/2020\/09\/HA_Wasserhaushalt_Haut_Aerzte_DE_EN.png 368w, https:\/\/menopearl.com\/wp-content\/uploads\/2020\/09\/HA_Wasserhaushalt_Haut_Aerzte_DE_EN-234x300.png 234w\" sizes=\"auto, (max-width: 300px) 100vw, 300px\" \/><\/figure><\/div>\n<\/div>\n\n\n\n<div class=\"wp-block-column is-vertically-aligned-center is-layout-flow wp-block-column-is-layout-flow\">\n<p class=\"has-text-align-left\">Die niedermolekulare Hyalurons\u00e4ure in Menopearl\u00ae gelangt durch die Blutbahn in alle Hautschichten und entfaltet so ihre Wirkung.<\/p>\n<\/div>\n<\/div>\n\n\n\n<hr class=\"wp-block-separator\"\/>\n\n\n\n<p><em><span style=\"font-size: 80%;\"><a id=\"ref1\"><\/a>1)&nbsp;Oral administration of hyaluronan: A review. New perspectives and evidences of Exceptional HYAL, NutraCos. November\/December 2011: 3-7<\/span><\/em><\/p>\n","protected":false},"excerpt":{"rendered":"<p>WIE WIRKT HYALURONS\u00c4URE? Die in Menopearl\u00ae enthaltene Hyalurons\u00e4ure zeichnet sich durch ein niedriges und standardisiertes Molekulargewicht aus. besitzt eine ausgezeichnete Bioverf\u00fcgbarkeit: 68 % nach 24 Stunden. baut den Wasserhaushalt der Haut von innen heraus auf. wird durch Biofermentation gewonnen und ist frei von tierischen Komponenten. WISSENSCHAFTLICHE STUDIEN HYALURONS\u00c4URE DIE HYALURONS\u00c4URE IN MENOPEARL\u00ae&nbsp;ZEICHNET SICH DURCH EINE<a class=\"excerpt-read-more\" href=\"https:\/\/menopearl.com\/de\/fuer-mediziner\/wie-wirkt-hyaluronsaeure\/\" title=\"ReadWie wirkt Hyalurons\u00e4ure?\">&#8230; Read more &raquo;<\/a><\/p>\n","protected":false},"author":1,"featured_media":0,"parent":119,"menu_order":2,"comment_status":"closed","ping_status":"closed","template":"","meta":{"_acf_changed":false,"footnotes":""},"class_list":["post-387","page","type-page","status-publish","hentry"],"acf":[],"yoast_head":"<!-- This site is optimized with the Yoast SEO plugin v24.5 - https:\/\/yoast.com\/wordpress\/plugins\/seo\/ -->\n<title>MENOPEARL\u00ae - Wie wirkt Hyalurons\u00e4ure in der Menopause auf die Haut?<\/title>\n<meta name=\"description\" content=\"Die niedermolekulare Hyalurons\u00e4ure in Menopearl\u00ae kann besonders gut vom K\u00f6rper aufgenommen werden. Die Haut wird von innen heraus mit Feuchtigkeit versorgt.\" \/>\n<meta name=\"robots\" content=\"index, follow, max-snippet:-1, max-image-preview:large, max-video-preview:-1\" \/>\n<link rel=\"canonical\" href=\"https:\/\/menopearl.com\/de\/fuer-mediziner\/wie-wirkt-hyaluronsaeure\/\" \/>\n<meta property=\"og:locale\" content=\"de_DE\" \/>\n<meta property=\"og:type\" content=\"article\" \/>\n<meta property=\"og:title\" content=\"MENOPEARL\u00ae - Wie wirkt Hyalurons\u00e4ure in der Menopause auf die Haut?\" \/>\n<meta property=\"og:description\" content=\"Die niedermolekulare Hyalurons\u00e4ure in Menopearl\u00ae kann besonders gut vom K\u00f6rper aufgenommen werden. Die Haut wird von innen heraus mit Feuchtigkeit versorgt.\" \/>\n<meta property=\"og:url\" content=\"https:\/\/menopearl.com\/de\/fuer-mediziner\/wie-wirkt-hyaluronsaeure\/\" \/>\n<meta property=\"og:site_name\" content=\"MENOPEARL\u00ae\" \/>\n<meta property=\"article:modified_time\" content=\"2020-09-11T08:52:30+00:00\" \/>\n<meta property=\"og:image\" content=\"https:\/\/menopearl.com\/wp-content\/uploads\/2020\/08\/pearl.png\" \/>\n<meta name=\"twitter:card\" content=\"summary_large_image\" \/>\n<meta name=\"twitter:label1\" content=\"Gesch\u00e4tzte Lesezeit\" \/>\n\t<meta name=\"twitter:data1\" content=\"1\u00a0Minute\" \/>\n<script type=\"application\/ld+json\" class=\"yoast-schema-graph\">{\"@context\":\"https:\/\/schema.org\",\"@graph\":[{\"@type\":\"WebPage\",\"@id\":\"https:\/\/menopearl.com\/de\/fuer-mediziner\/wie-wirkt-hyaluronsaeure\/\",\"url\":\"https:\/\/menopearl.com\/de\/fuer-mediziner\/wie-wirkt-hyaluronsaeure\/\",\"name\":\"MENOPEARL\u00ae - Wie wirkt Hyalurons\u00e4ure in der Menopause auf die Haut?\",\"isPartOf\":{\"@id\":\"https:\/\/menopearl.com\/#website\"},\"primaryImageOfPage\":{\"@id\":\"https:\/\/menopearl.com\/de\/fuer-mediziner\/wie-wirkt-hyaluronsaeure\/#primaryimage\"},\"image\":{\"@id\":\"https:\/\/menopearl.com\/de\/fuer-mediziner\/wie-wirkt-hyaluronsaeure\/#primaryimage\"},\"thumbnailUrl\":\"https:\/\/menopearl.com\/wp-content\/uploads\/2020\/08\/pearl.png\",\"datePublished\":\"2016-11-29T07:42:23+00:00\",\"dateModified\":\"2020-09-11T08:52:30+00:00\",\"description\":\"Die niedermolekulare Hyalurons\u00e4ure in Menopearl\u00ae kann besonders gut vom K\u00f6rper aufgenommen werden. Die Haut wird von innen heraus mit Feuchtigkeit versorgt.\",\"breadcrumb\":{\"@id\":\"https:\/\/menopearl.com\/de\/fuer-mediziner\/wie-wirkt-hyaluronsaeure\/#breadcrumb\"},\"inLanguage\":\"de\",\"potentialAction\":[{\"@type\":\"ReadAction\",\"target\":[\"https:\/\/menopearl.com\/de\/fuer-mediziner\/wie-wirkt-hyaluronsaeure\/\"]}]},{\"@type\":\"ImageObject\",\"inLanguage\":\"de\",\"@id\":\"https:\/\/menopearl.com\/de\/fuer-mediziner\/wie-wirkt-hyaluronsaeure\/#primaryimage\",\"url\":\"https:\/\/menopearl.com\/wp-content\/uploads\/2020\/08\/pearl.png\",\"contentUrl\":\"https:\/\/menopearl.com\/wp-content\/uploads\/2020\/08\/pearl.png\"},{\"@type\":\"BreadcrumbList\",\"@id\":\"https:\/\/menopearl.com\/de\/fuer-mediziner\/wie-wirkt-hyaluronsaeure\/#breadcrumb\",\"itemListElement\":[{\"@type\":\"ListItem\",\"position\":1,\"name\":\"Home\",\"item\":\"https:\/\/menopearl.com\/de\/\"},{\"@type\":\"ListItem\",\"position\":2,\"name\":\"Informationen f\u00fcr Mediziner\",\"item\":\"https:\/\/menopearl.com\/de\/fuer-mediziner\/\"},{\"@type\":\"ListItem\",\"position\":3,\"name\":\"Wie wirkt Hyalurons\u00e4ure?\"}]},{\"@type\":\"WebSite\",\"@id\":\"https:\/\/menopearl.com\/#website\",\"url\":\"https:\/\/menopearl.com\/\",\"name\":\"MENOPEARL\u00ae\",\"description\":\"Your companion during Menopause\",\"potentialAction\":[{\"@type\":\"SearchAction\",\"target\":{\"@type\":\"EntryPoint\",\"urlTemplate\":\"https:\/\/menopearl.com\/?s={search_term_string}\"},\"query-input\":{\"@type\":\"PropertyValueSpecification\",\"valueRequired\":true,\"valueName\":\"search_term_string\"}}],\"inLanguage\":\"de\"}]}<\/script>\n<!-- \/ Yoast SEO plugin. -->","yoast_head_json":{"title":"MENOPEARL\u00ae - Wie wirkt Hyalurons\u00e4ure in der Menopause auf die Haut?","description":"Die niedermolekulare Hyalurons\u00e4ure in Menopearl\u00ae kann besonders gut vom K\u00f6rper aufgenommen werden. Die Haut wird von innen heraus mit Feuchtigkeit versorgt.","robots":{"index":"index","follow":"follow","max-snippet":"max-snippet:-1","max-image-preview":"max-image-preview:large","max-video-preview":"max-video-preview:-1"},"canonical":"https:\/\/menopearl.com\/de\/fuer-mediziner\/wie-wirkt-hyaluronsaeure\/","og_locale":"de_DE","og_type":"article","og_title":"MENOPEARL\u00ae - Wie wirkt Hyalurons\u00e4ure in der Menopause auf die Haut?","og_description":"Die niedermolekulare Hyalurons\u00e4ure in Menopearl\u00ae kann besonders gut vom K\u00f6rper aufgenommen werden. Die Haut wird von innen heraus mit Feuchtigkeit versorgt.","og_url":"https:\/\/menopearl.com\/de\/fuer-mediziner\/wie-wirkt-hyaluronsaeure\/","og_site_name":"MENOPEARL\u00ae","article_modified_time":"2020-09-11T08:52:30+00:00","og_image":[{"url":"https:\/\/menopearl.com\/wp-content\/uploads\/2020\/08\/pearl.png","type":"","width":"","height":""}],"twitter_card":"summary_large_image","twitter_misc":{"Gesch\u00e4tzte Lesezeit":"1\u00a0Minute"},"schema":{"@context":"https:\/\/schema.org","@graph":[{"@type":"WebPage","@id":"https:\/\/menopearl.com\/de\/fuer-mediziner\/wie-wirkt-hyaluronsaeure\/","url":"https:\/\/menopearl.com\/de\/fuer-mediziner\/wie-wirkt-hyaluronsaeure\/","name":"MENOPEARL\u00ae - Wie wirkt Hyalurons\u00e4ure in der Menopause auf die Haut?","isPartOf":{"@id":"https:\/\/menopearl.com\/#website"},"primaryImageOfPage":{"@id":"https:\/\/menopearl.com\/de\/fuer-mediziner\/wie-wirkt-hyaluronsaeure\/#primaryimage"},"image":{"@id":"https:\/\/menopearl.com\/de\/fuer-mediziner\/wie-wirkt-hyaluronsaeure\/#primaryimage"},"thumbnailUrl":"https:\/\/menopearl.com\/wp-content\/uploads\/2020\/08\/pearl.png","datePublished":"2016-11-29T07:42:23+00:00","dateModified":"2020-09-11T08:52:30+00:00","description":"Die niedermolekulare Hyalurons\u00e4ure in Menopearl\u00ae kann besonders gut vom K\u00f6rper aufgenommen werden. Die Haut wird von innen heraus mit Feuchtigkeit versorgt.","breadcrumb":{"@id":"https:\/\/menopearl.com\/de\/fuer-mediziner\/wie-wirkt-hyaluronsaeure\/#breadcrumb"},"inLanguage":"de","potentialAction":[{"@type":"ReadAction","target":["https:\/\/menopearl.com\/de\/fuer-mediziner\/wie-wirkt-hyaluronsaeure\/"]}]},{"@type":"ImageObject","inLanguage":"de","@id":"https:\/\/menopearl.com\/de\/fuer-mediziner\/wie-wirkt-hyaluronsaeure\/#primaryimage","url":"https:\/\/menopearl.com\/wp-content\/uploads\/2020\/08\/pearl.png","contentUrl":"https:\/\/menopearl.com\/wp-content\/uploads\/2020\/08\/pearl.png"},{"@type":"BreadcrumbList","@id":"https:\/\/menopearl.com\/de\/fuer-mediziner\/wie-wirkt-hyaluronsaeure\/#breadcrumb","itemListElement":[{"@type":"ListItem","position":1,"name":"Home","item":"https:\/\/menopearl.com\/de\/"},{"@type":"ListItem","position":2,"name":"Informationen f\u00fcr Mediziner","item":"https:\/\/menopearl.com\/de\/fuer-mediziner\/"},{"@type":"ListItem","position":3,"name":"Wie wirkt Hyalurons\u00e4ure?"}]},{"@type":"WebSite","@id":"https:\/\/menopearl.com\/#website","url":"https:\/\/menopearl.com\/","name":"MENOPEARL\u00ae","description":"Your companion during Menopause","potentialAction":[{"@type":"SearchAction","target":{"@type":"EntryPoint","urlTemplate":"https:\/\/menopearl.com\/?s={search_term_string}"},"query-input":{"@type":"PropertyValueSpecification","valueRequired":true,"valueName":"search_term_string"}}],"inLanguage":"de"}]}},"_links":{"self":[{"href":"https:\/\/menopearl.com\/de\/wp-json\/wp\/v2\/pages\/387","targetHints":{"allow":["GET"]}}],"collection":[{"href":"https:\/\/menopearl.com\/de\/wp-json\/wp\/v2\/pages"}],"about":[{"href":"https:\/\/menopearl.com\/de\/wp-json\/wp\/v2\/types\/page"}],"author":[{"embeddable":true,"href":"https:\/\/menopearl.com\/de\/wp-json\/wp\/v2\/users\/1"}],"replies":[{"embeddable":true,"href":"https:\/\/menopearl.com\/de\/wp-json\/wp\/v2\/comments?post=387"}],"version-history":[{"count":45,"href":"https:\/\/menopearl.com\/de\/wp-json\/wp\/v2\/pages\/387\/revisions"}],"predecessor-version":[{"id":2799,"href":"https:\/\/menopearl.com\/de\/wp-json\/wp\/v2\/pages\/387\/revisions\/2799"}],"up":[{"embeddable":true,"href":"https:\/\/menopearl.com\/de\/wp-json\/wp\/v2\/pages\/119"}],"wp:attachment":[{"href":"https:\/\/menopearl.com\/de\/wp-json\/wp\/v2\/media?parent=387"}],"curies":[{"name":"wp","href":"https:\/\/api.w.org\/{rel}","templated":true}]}}