{"id":305,"date":"2016-11-28T20:51:43","date_gmt":"2016-11-28T19:51:43","guid":{"rendered":"http:\/\/menopearl\/?page_id=305"},"modified":"2020-09-11T10:52:16","modified_gmt":"2020-09-11T08:52:16","slug":"wie-wirkt-mf11rce","status":"publish","type":"page","link":"https:\/\/menopearl.com\/de\/fuer-mediziner\/wie-wirkt-mf11rce\/","title":{"rendered":"Wie wirkt MF11RCE\u00ae?"},"content":{"rendered":"\n<div class=\"wp-block-cover alignfull is-position-center-center menopearl-page-header\" style=\"background-image:url(https:\/\/menopearl.com\/de\/wp-content\/uploads\/2020\/09\/page-header-bg-scaled.jpg);background-color:#000000;background-position:50% 50%\"><div class=\"wp-block-cover__inner-container is-layout-flow wp-block-cover-is-layout-flow\">\n<p class=\"has-text-align-center has-white-color has-text-color\">\u00abTREFFEN SIE DIE RICHTIGE WAHL.\u00bb<br>MENO<strong>PEARL<\/strong>\u00ae<\/p>\n\n\n\n<div class=\"wp-block-image show-for-medium\"><figure class=\"aligncenter size-large is-resized\"><img loading=\"lazy\" decoding=\"async\" src=\"https:\/\/menopearl.com\/wp-content\/uploads\/2020\/08\/pearl.png\" alt=\"\" class=\"wp-image-1496\" width=\"72\" height=\"72\" srcset=\"https:\/\/menopearl.com\/wp-content\/uploads\/2020\/08\/pearl.png 288w, https:\/\/menopearl.com\/wp-content\/uploads\/2020\/08\/pearl-150x150.png 150w, https:\/\/menopearl.com\/wp-content\/uploads\/2020\/08\/pearl-125x125.png 125w\" sizes=\"auto, (max-width: 72px) 100vw, 72px\" \/><\/figure><\/div>\n\n\n\n<p><\/p>\n<\/div><\/div>\n\n\n\n<h1 class=\"has-text-align-center has-purple-color has-text-color wp-block-heading\">WIE WIRKT MF11RCE\u00ae?<\/h1>\n\n\n\n<p class=\"has-purple-color has-text-color\"><strong>Wirksamkeit von MF11RCE\u00ae in klinischen Studien best\u00e4tigt:<\/strong><\/p>\n\n\n\n<ul class=\"wp-block-list\"><li>bei vasomotorischen Beschwerden,<\/li><li>depressiver Verstimmung, Angstzust\u00e4nden,<\/li><li>Hautzustand, Kopfbehaarung,<\/li><li>atrophischer Vaginitis, Dyspareunie und Libidoverlust<\/li><\/ul>\n\n\n\n<p>N\u00e4here Informationen zur Forschung \u00fcber MF11CRE\u00ae finden Sie unter:&nbsp;<a href=\"http:\/\/www.mf11rce.at\" target=\"_blank\" rel=\"noopener noreferrer\">www.mf11rce.at<\/a><\/p>\n\n\n\n<div style=\"height:25px\" aria-hidden=\"true\" class=\"wp-block-spacer\"><\/div>\n\n\n\n<h2 class=\"has-text-align-center has-purple-color has-text-color wp-block-heading\">WISSENSCHAFTLICHE STUDIEN MF11RCE\u00ae<\/h2>\n\n\n\n<div style=\"height:25px\" aria-hidden=\"true\" class=\"wp-block-spacer\"><\/div>\n\n\n\n<h5 class=\"has-text-align-center has-purple-color has-text-color wp-block-heading\"><strong>MF11RCE\u00ae&nbsp;HOCHSIGNIFIKANTE REDUKTION BEI VASOMOTORISCHEN BESCHWERDEN&nbsp;<sup><a href=\"#ref2\">2)<\/a><\/sup><\/strong><\/h5>\n\n\n\n<div class=\"wp-block-columns is-layout-flex wp-container-core-columns-is-layout-1 wp-block-columns-is-layout-flex\">\n<div class=\"wp-block-column is-layout-flow wp-block-column-is-layout-flow\">\n<p class=\"has-text-align-center\">Hitzewallungen<\/p>\n\n\n\n<div class=\"wp-block-image no-margin-bottom\"><figure class=\"aligncenter size-medium\"><img loading=\"lazy\" decoding=\"async\" width=\"300\" height=\"183\" src=\"https:\/\/menopearl.com\/wp-content\/uploads\/2016\/12\/mp_graph_hitze_RGB-300x183.png\" alt=\"\" class=\"wp-image-2197\" srcset=\"https:\/\/menopearl.com\/wp-content\/uploads\/2016\/12\/mp_graph_hitze_RGB-300x183.png 300w, https:\/\/menopearl.com\/wp-content\/uploads\/2016\/12\/mp_graph_hitze_RGB-768x469.png 768w, https:\/\/menopearl.com\/wp-content\/uploads\/2016\/12\/mp_graph_hitze_RGB-1024x625.png 1024w, https:\/\/menopearl.com\/wp-content\/uploads\/2016\/12\/mp_graph_hitze_RGB.png 1200w\" sizes=\"auto, (max-width: 300px) 100vw, 300px\" \/><\/figure><\/div>\n<\/div>\n\n\n\n<div class=\"wp-block-column is-layout-flow wp-block-column-is-layout-flow\">\n<p class=\"has-text-align-center\">Nachtschwei\u00df<\/p>\n\n\n\n<div class=\"wp-block-image no-margin-bottom\"><figure class=\"aligncenter size-medium\"><img loading=\"lazy\" decoding=\"async\" width=\"300\" height=\"183\" src=\"https:\/\/menopearl.com\/wp-content\/uploads\/2016\/12\/mp_graph_nacht_RGB-300x183.png\" alt=\"\" class=\"wp-image-2198\" srcset=\"https:\/\/menopearl.com\/wp-content\/uploads\/2016\/12\/mp_graph_nacht_RGB-300x183.png 300w, https:\/\/menopearl.com\/wp-content\/uploads\/2016\/12\/mp_graph_nacht_RGB-768x469.png 768w, https:\/\/menopearl.com\/wp-content\/uploads\/2016\/12\/mp_graph_nacht_RGB-1024x625.png 1024w, https:\/\/menopearl.com\/wp-content\/uploads\/2016\/12\/mp_graph_nacht_RGB.png 1200w\" sizes=\"auto, (max-width: 300px) 100vw, 300px\" \/><\/figure><\/div>\n\n\n\n<p><\/p>\n<\/div>\n<\/div>\n\n\n\n<p class=\"has-text-align-center has-small-font-size\">p\u22640,0001 nach 3 Monaten<\/p>\n\n\n\n<div style=\"height:25px\" aria-hidden=\"true\" class=\"wp-block-spacer\"><\/div>\n\n\n\n<h5 class=\"has-text-align-center has-purple-color has-text-color wp-block-heading\"><strong>MF11RCE\u00ae&nbsp;HOCHSIGNIFIKANTE VERBESSERUNG BEI DEPRESSIVER VERSTIMMUNG UND ANGSTZUST\u00c4NDEN&nbsp;<a href=\"#ref3\"><sup>3)<\/sup><\/a><\/strong><\/h5>\n\n\n\n<div class=\"wp-block-columns is-layout-flex wp-container-core-columns-is-layout-2 wp-block-columns-is-layout-flex\">\n<div class=\"wp-block-column is-layout-flow wp-block-column-is-layout-flow\">\n<p class=\"has-text-align-center\">Depression<\/p>\n\n\n\n<div class=\"wp-block-image\"><figure class=\"aligncenter size-medium\"><img loading=\"lazy\" decoding=\"async\" width=\"300\" height=\"169\" src=\"https:\/\/menopearl.com\/wp-content\/uploads\/2016\/12\/mp_graph_depression_RGB-300x169.png\" alt=\"\" class=\"wp-image-2199\" srcset=\"https:\/\/menopearl.com\/wp-content\/uploads\/2016\/12\/mp_graph_depression_RGB-300x169.png 300w, https:\/\/menopearl.com\/wp-content\/uploads\/2016\/12\/mp_graph_depression_RGB-768x433.png 768w, https:\/\/menopearl.com\/wp-content\/uploads\/2016\/12\/mp_graph_depression_RGB-1024x578.png 1024w, https:\/\/menopearl.com\/wp-content\/uploads\/2016\/12\/mp_graph_depression_RGB.png 1200w\" sizes=\"auto, (max-width: 300px) 100vw, 300px\" \/><\/figure><\/div>\n<\/div>\n\n\n\n<div class=\"wp-block-column is-layout-flow wp-block-column-is-layout-flow\">\n<p class=\"has-text-align-center\">Angstzust\u00e4nde<\/p>\n\n\n\n<div class=\"wp-block-image\"><figure class=\"aligncenter size-medium\"><img loading=\"lazy\" decoding=\"async\" width=\"300\" height=\"169\" src=\"https:\/\/menopearl.com\/wp-content\/uploads\/2016\/12\/mp_graph_angst_RGB-300x169.png\" alt=\"\" class=\"wp-image-2200\" srcset=\"https:\/\/menopearl.com\/wp-content\/uploads\/2016\/12\/mp_graph_angst_RGB-300x169.png 300w, https:\/\/menopearl.com\/wp-content\/uploads\/2016\/12\/mp_graph_angst_RGB-768x433.png 768w, https:\/\/menopearl.com\/wp-content\/uploads\/2016\/12\/mp_graph_angst_RGB-1024x578.png 1024w, https:\/\/menopearl.com\/wp-content\/uploads\/2016\/12\/mp_graph_angst_RGB.png 1200w\" sizes=\"auto, (max-width: 300px) 100vw, 300px\" \/><\/figure><\/div>\n<\/div>\n<\/div>\n\n\n\n<p class=\"has-text-align-center has-small-font-size\">p\u22640,0001 nach 3 Monaten<\/p>\n\n\n\n<div style=\"height:25px\" aria-hidden=\"true\" class=\"wp-block-spacer\"><\/div>\n\n\n\n<h5 class=\"has-text-align-center has-purple-color has-text-color wp-block-heading\"><strong>MF11RCE\u00ae&nbsp;SIGNIFIKANTE VER\u00c4NDERUNG BEI ATROPHISCHER VAGINITIS&nbsp;<a href=\"#ref4\"><sup>4)<\/sup><\/a><\/strong><\/h5>\n\n\n\n<div class=\"wp-block-columns is-layout-flex wp-container-core-columns-is-layout-3 wp-block-columns-is-layout-flex\">\n<div class=\"wp-block-column is-layout-flow wp-block-column-is-layout-flow\">\n<p class=\"has-text-align-center\"><\/p>\n\n\n\n<div class=\"wp-block-image no-margin-bottom\"><figure class=\"aligncenter size-medium\"><img loading=\"lazy\" decoding=\"async\" width=\"300\" height=\"253\" src=\"https:\/\/menopearl.com\/wp-content\/uploads\/2020\/09\/MF11RCE_Atropische_Vaginitis_Zellen-300x253.png\" alt=\"\" class=\"wp-image-2344\" srcset=\"https:\/\/menopearl.com\/wp-content\/uploads\/2020\/09\/MF11RCE_Atropische_Vaginitis_Zellen-300x253.png 300w, https:\/\/menopearl.com\/wp-content\/uploads\/2020\/09\/MF11RCE_Atropische_Vaginitis_Zellen.png 410w\" sizes=\"auto, (max-width: 300px) 100vw, 300px\" \/><\/figure><\/div>\n<\/div>\n\n\n\n<div class=\"wp-block-column is-layout-flow wp-block-column-is-layout-flow\">\n<p class=\"has-text-align-center\">Vaginalzytologie<\/p>\n\n\n\n<div class=\"wp-block-image no-margin-bottom\"><figure class=\"aligncenter size-full is-resized\"><img loading=\"lazy\" decoding=\"async\" src=\"https:\/\/menopearl.com\/wp-content\/uploads\/2020\/09\/MF11RCE_Atropische_Vaginitis.png\" alt=\"\" class=\"wp-image-2347\" width=\"397\" height=\"173\" srcset=\"https:\/\/menopearl.com\/wp-content\/uploads\/2020\/09\/MF11RCE_Atropische_Vaginitis.png 794w, https:\/\/menopearl.com\/wp-content\/uploads\/2020\/09\/MF11RCE_Atropische_Vaginitis-300x131.png 300w, https:\/\/menopearl.com\/wp-content\/uploads\/2020\/09\/MF11RCE_Atropische_Vaginitis-768x335.png 768w\" sizes=\"auto, (max-width: 397px) 100vw, 397px\" \/><\/figure><\/div>\n<\/div>\n<\/div>\n\n\n\n<p class=\"has-text-align-center has-text-color has-small-font-size\" style=\"color:#ff99cc\">Korreliert direkt mit Reduktion von Scheidentrockenheit, Dyspareunie und Libidoverlust<\/p>\n\n\n\n<div style=\"height:25px\" aria-hidden=\"true\" class=\"wp-block-spacer\"><\/div>\n\n\n\n<div class=\"wp-block-columns is-layout-flex wp-container-core-columns-is-layout-4 wp-block-columns-is-layout-flex\">\n<div class=\"wp-block-column is-layout-flow wp-block-column-is-layout-flow\">\n<h5 class=\"has-text-align-center has-purple-color has-text-color wp-block-heading\"><strong>MF11RCE\u00ae&nbsp;SIGNIFIKANTE WIRKUNG AUF DIE HAUT&nbsp;<a href=\"#ref5\"><sup>5)<\/sup><\/a><\/strong><\/h5>\n\n\n\n<p class=\"has-text-align-center\">Hautzustand, Kopfbehaarung und Libido<\/p>\n\n\n\n<div class=\"wp-block-image\"><figure class=\"aligncenter size-medium\"><img loading=\"lazy\" decoding=\"async\" width=\"300\" height=\"226\" src=\"https:\/\/menopearl.com\/wp-content\/uploads\/2016\/12\/mp_graph_haut_RGB-300x226.png\" alt=\"\" class=\"wp-image-2204\" srcset=\"https:\/\/menopearl.com\/wp-content\/uploads\/2016\/12\/mp_graph_haut_RGB-300x226.png 300w, https:\/\/menopearl.com\/wp-content\/uploads\/2016\/12\/mp_graph_haut_RGB-768x579.png 768w, https:\/\/menopearl.com\/wp-content\/uploads\/2016\/12\/mp_graph_haut_RGB-1024x771.png 1024w, https:\/\/menopearl.com\/wp-content\/uploads\/2016\/12\/mp_graph_haut_RGB.png 1200w\" sizes=\"auto, (max-width: 300px) 100vw, 300px\" \/><\/figure><\/div>\n<\/div>\n\n\n\n<div class=\"wp-block-column is-layout-flow wp-block-column-is-layout-flow\">\n<h5 class=\"has-text-align-center has-purple-color has-text-color wp-block-heading\"><strong>MF11RCE\u00ae&nbsp;REDUKTION DER ENDOMETRIUMDICKE&nbsp;<a href=\"#ref6\"><sup>6)<\/sup><\/a><\/strong><\/h5>\n\n\n\n<p class=\"has-text-align-center\">Endometriumdicke<\/p>\n\n\n\n<div class=\"wp-block-image\"><figure class=\"aligncenter size-medium\"><img loading=\"lazy\" decoding=\"async\" width=\"300\" height=\"145\" src=\"https:\/\/menopearl.com\/wp-content\/uploads\/2016\/11\/mp_graph_endo_NEU_RGB-300x145.png\" alt=\"\" class=\"wp-image-2207\" srcset=\"https:\/\/menopearl.com\/wp-content\/uploads\/2016\/11\/mp_graph_endo_NEU_RGB-300x145.png 300w, https:\/\/menopearl.com\/wp-content\/uploads\/2016\/11\/mp_graph_endo_NEU_RGB-768x371.png 768w, https:\/\/menopearl.com\/wp-content\/uploads\/2016\/11\/mp_graph_endo_NEU_RGB-1024x495.png 1024w, https:\/\/menopearl.com\/wp-content\/uploads\/2016\/11\/mp_graph_endo_NEU_RGB.png 1200w\" sizes=\"auto, (max-width: 300px) 100vw, 300px\" \/><\/figure><\/div>\n\n\n\n<ul style=\"color: #ff99cc;\">\n \t<li><span style=\"font-size: 80%; color: #ff99cc;\">Moderater Einfluss auf Testosteronspiegel <\/span><\/li>\n \t<li><span style=\"font-size: 80%; color: #ff99cc;\">\u00d6stradiolspiegel unver\u00e4ndert<\/span><\/li>\n<\/ul>\n<\/div>\n<\/div>\n\n\n\n<div class=\"wp-block-group alignfull has-white-color has-purple-background-color has-text-color has-background\"><div class=\"wp-block-group__inner-container is-layout-flow wp-block-group-is-layout-flow\">\n<h4 class=\"wp-block-heading\"><strong>MF11RCE\u00ae-ISOFLAVONE<\/strong><\/h4>\n\n\n\n<ul class=\"wp-block-list\"><li>MF11RCE\u00ae-Isoflavone besitzen einen standardisierten&nbsp;und garantierten Gehalt der 4 Isoflavon-Subtypen:<br>Formononetin, Biochanin A, Genistein und Daidzein<\/li><li>MF11RCE\u00ae ist ein spezielles Isoflavon-Extrakt, das aus einer Rotkleepflanze&nbsp;gewonnen wird, welche nach GAP (Good Agricultural Practice) Richtlinien kultiviert wird:<br>Kontrollierter Anbau in der EU nach strikten Vorgaben<\/li><li>MF11RCE\u00ae wird entsprechend den GMP (Good Manufacturing Practice) Richtlinien hergestellt:<br>Optimale Reinheit, frei von Schadstoffen, strenge Produktpr\u00fcfung<\/li><\/ul>\n<\/div><\/div>\n\n\n\n<h5 class=\"has-purple-color has-text-color wp-block-heading\"><strong>AUF DIE RICHTIGE DOSIS KOMMT ES AN: MF11RCE\u00ae 80 MG<\/strong><\/h5>\n\n\n\n<ul class=\"wp-block-list\"><li>Reiner, konzentrierter Gehalt von 80 mg MF11RCE\u00ae in einer Tablette.<\/li><li>MF11RCE\u00ae zeichnet sich durch ausgezeichnete Bioverf\u00fcgbarkeit aus. <a href=\"#ref1\"><sup>1)<\/sup><\/a><\/li><li>Die Isoflavone liegen in Form von biologisch aktiven Aglykonen vor und werden daher einfach in den Kreislauf aufgenommen.<\/li><\/ul>\n\n\n\n<p class=\"has-text-align-center has-purple-color has-text-color has-medium-font-size\">Die \u00d6sterreichische Menopause-Gesellschaft empfiehlt&nbsp;Isoflavone als erstes Mittel der Wahl gegen vasomotorische Beschwerden in der Menopause.<\/p>\n\n\n\n<hr class=\"wp-block-separator\"\/>\n\n\n\n<p><strong><span class=\"has-inline-color has-purple-color\">Langzeitsicherheit von Isoflavonen durch EFSA best\u00e4tigt:<\/span><\/strong> Eine umfassende Risikobewertung der Europ\u00e4ischen Beh\u00f6rde f\u00fcr Lebensmittelsicherheit (EFSA) kommt mittels Auswertung von zahlreichen Humanstudien zu dem Ergebnis, dass es keine Anzeichen f\u00fcr unerw\u00fcnschte Wirkungen auf hormonabh\u00e4ngiges Gewebe wie Brust, Geb\u00e4rmutter und Schilddr\u00fcse gibt. Die Langzeitsicherheit wurde f\u00fcr eine t\u00e4gliche Einnahme von bis zu 150 mg Isoflavone \u00fcber einen Zeitraum von mindestens 3 Jahren best\u00e4tigt.<\/p>\n\n\n\n<hr class=\"wp-block-separator\"\/>\n\n\n\n<p><em><span style=\"font-size: 75%;\"><sup><a id=\"ref1\"><\/a>1)<\/sup> Red clover isoflavone metabolite bioavailability is decreased after fructooligosaccharide supplementation (Lipovac M., et al., Fitoterapia 2015, 105: 93-101)<br><\/span><\/em><em><span style=\"font-size: 75%;\"><sup>2)&nbsp;<\/sup>The effect of red clover isoflavone supplementation over vasomotor and menopausal symptoms in postmenopausal women. (Lipovac M., et al. GynecolEndocrinol 2012 28(3): 203-207)<br><\/span><\/em><em><span style=\"font-size: 75%;\"><sup>3)<\/sup> Improvement of postmenopausal depressive and anxiety symptoms after treatment with isoflavones derived from red clover extracts. (Lipovac M., et al. Maturitas 2010 65: 258-261)<br><\/span><\/em><em><span style=\"font-size: 75%;\"><sup>4)<\/sup> Red clover extract (MF11RCE\u00ae) supplementation and postmenopausal vaginal and sexual health. (Chedraui P., et al. Int J Gynaecol Obstet 2006 95(3): 296-7)<br><\/span><\/em><em><span style=\"font-size: 75%;\"><sup>5)<\/sup> Effect of red clover Isoflavones over skin, appendages, and mucosal status in postmenopausal women. (Lipovac M., et al. Obstet Gynecol Int 2011: 9493021)<br><\/span><\/em><em><span style=\"font-size: 75%;\"><sup>6)<\/sup> Effects of a red clover extract (MF11RCE\u00ae) on endometrium and sex hormones in postmenopausal women. (Imhof M., et al. Maturitas 2006 55: 76-81)<\/span><\/em><\/p>\n","protected":false},"excerpt":{"rendered":"<p>WIE WIRKT MF11RCE\u00ae? Wirksamkeit von MF11RCE\u00ae in klinischen Studien best\u00e4tigt: bei vasomotorischen Beschwerden, depressiver Verstimmung, Angstzust\u00e4nden, Hautzustand, Kopfbehaarung, atrophischer Vaginitis, Dyspareunie und Libidoverlust N\u00e4here Informationen zur Forschung \u00fcber MF11CRE\u00ae finden Sie unter:&nbsp;www.mf11rce.at WISSENSCHAFTLICHE STUDIEN MF11RCE\u00ae MF11RCE\u00ae&nbsp;HOCHSIGNIFIKANTE REDUKTION BEI VASOMOTORISCHEN BESCHWERDEN&nbsp;2) Hitzewallungen Nachtschwei\u00df p\u22640,0001 nach 3 Monaten MF11RCE\u00ae&nbsp;HOCHSIGNIFIKANTE VERBESSERUNG BEI DEPRESSIVER VERSTIMMUNG UND ANGSTZUST\u00c4NDEN&nbsp;3) Depression Angstzust\u00e4nde<a class=\"excerpt-read-more\" href=\"https:\/\/menopearl.com\/de\/fuer-mediziner\/wie-wirkt-mf11rce\/\" title=\"ReadWie wirkt MF11RCE\u00ae?\">&#8230; Read more &raquo;<\/a><\/p>\n","protected":false},"author":1,"featured_media":0,"parent":119,"menu_order":1,"comment_status":"closed","ping_status":"closed","template":"","meta":{"_acf_changed":false,"footnotes":""},"class_list":["post-305","page","type-page","status-publish","hentry"],"acf":[],"yoast_head":"<!-- This site is optimized with the Yoast SEO plugin v24.5 - https:\/\/yoast.com\/wordpress\/plugins\/seo\/ -->\n<title>MENOPEARL\u00ae - Wie wirkt MF11RCE\u00ae bei Wechselbeschwerden?<\/title>\n<meta name=\"description\" content=\"Nur Menopearl\u00ae enth\u00e4lt den Rotklee-Extrakt MF11RCE\u00ae, welcher unter strenger Kontrolle in der EU angebaut wird und Wechselbeschwerden lindern kann.\" \/>\n<meta name=\"robots\" content=\"index, follow, max-snippet:-1, max-image-preview:large, max-video-preview:-1\" \/>\n<link rel=\"canonical\" href=\"https:\/\/menopearl.com\/de\/fuer-mediziner\/wie-wirkt-mf11rce\/\" \/>\n<meta property=\"og:locale\" content=\"de_DE\" \/>\n<meta property=\"og:type\" content=\"article\" \/>\n<meta property=\"og:title\" content=\"MENOPEARL\u00ae - Wie wirkt MF11RCE\u00ae bei Wechselbeschwerden?\" \/>\n<meta property=\"og:description\" content=\"Nur Menopearl\u00ae enth\u00e4lt den Rotklee-Extrakt MF11RCE\u00ae, welcher unter strenger Kontrolle in der EU angebaut wird und Wechselbeschwerden lindern kann.\" \/>\n<meta property=\"og:url\" content=\"https:\/\/menopearl.com\/de\/fuer-mediziner\/wie-wirkt-mf11rce\/\" \/>\n<meta property=\"og:site_name\" content=\"MENOPEARL\u00ae\" \/>\n<meta property=\"article:modified_time\" content=\"2020-09-11T08:52:16+00:00\" \/>\n<meta property=\"og:image\" content=\"https:\/\/menopearl.com\/wp-content\/uploads\/2020\/08\/pearl.png\" \/>\n<meta name=\"twitter:card\" content=\"summary_large_image\" \/>\n<meta name=\"twitter:label1\" content=\"Gesch\u00e4tzte Lesezeit\" \/>\n\t<meta name=\"twitter:data1\" content=\"2\u00a0Minuten\" \/>\n<script type=\"application\/ld+json\" class=\"yoast-schema-graph\">{\"@context\":\"https:\/\/schema.org\",\"@graph\":[{\"@type\":\"WebPage\",\"@id\":\"https:\/\/menopearl.com\/de\/fuer-mediziner\/wie-wirkt-mf11rce\/\",\"url\":\"https:\/\/menopearl.com\/de\/fuer-mediziner\/wie-wirkt-mf11rce\/\",\"name\":\"MENOPEARL\u00ae - Wie wirkt MF11RCE\u00ae bei Wechselbeschwerden?\",\"isPartOf\":{\"@id\":\"https:\/\/menopearl.com\/#website\"},\"primaryImageOfPage\":{\"@id\":\"https:\/\/menopearl.com\/de\/fuer-mediziner\/wie-wirkt-mf11rce\/#primaryimage\"},\"image\":{\"@id\":\"https:\/\/menopearl.com\/de\/fuer-mediziner\/wie-wirkt-mf11rce\/#primaryimage\"},\"thumbnailUrl\":\"https:\/\/menopearl.com\/wp-content\/uploads\/2020\/08\/pearl.png\",\"datePublished\":\"2016-11-28T19:51:43+00:00\",\"dateModified\":\"2020-09-11T08:52:16+00:00\",\"description\":\"Nur Menopearl\u00ae enth\u00e4lt den Rotklee-Extrakt MF11RCE\u00ae, welcher unter strenger Kontrolle in der EU angebaut wird und Wechselbeschwerden lindern kann.\",\"breadcrumb\":{\"@id\":\"https:\/\/menopearl.com\/de\/fuer-mediziner\/wie-wirkt-mf11rce\/#breadcrumb\"},\"inLanguage\":\"de\",\"potentialAction\":[{\"@type\":\"ReadAction\",\"target\":[\"https:\/\/menopearl.com\/de\/fuer-mediziner\/wie-wirkt-mf11rce\/\"]}]},{\"@type\":\"ImageObject\",\"inLanguage\":\"de\",\"@id\":\"https:\/\/menopearl.com\/de\/fuer-mediziner\/wie-wirkt-mf11rce\/#primaryimage\",\"url\":\"https:\/\/menopearl.com\/wp-content\/uploads\/2020\/08\/pearl.png\",\"contentUrl\":\"https:\/\/menopearl.com\/wp-content\/uploads\/2020\/08\/pearl.png\"},{\"@type\":\"BreadcrumbList\",\"@id\":\"https:\/\/menopearl.com\/de\/fuer-mediziner\/wie-wirkt-mf11rce\/#breadcrumb\",\"itemListElement\":[{\"@type\":\"ListItem\",\"position\":1,\"name\":\"Home\",\"item\":\"https:\/\/menopearl.com\/de\/\"},{\"@type\":\"ListItem\",\"position\":2,\"name\":\"Informationen f\u00fcr Mediziner\",\"item\":\"https:\/\/menopearl.com\/de\/fuer-mediziner\/\"},{\"@type\":\"ListItem\",\"position\":3,\"name\":\"Wie wirkt MF11RCE\u00ae?\"}]},{\"@type\":\"WebSite\",\"@id\":\"https:\/\/menopearl.com\/#website\",\"url\":\"https:\/\/menopearl.com\/\",\"name\":\"MENOPEARL\u00ae\",\"description\":\"Your companion during Menopause\",\"potentialAction\":[{\"@type\":\"SearchAction\",\"target\":{\"@type\":\"EntryPoint\",\"urlTemplate\":\"https:\/\/menopearl.com\/?s={search_term_string}\"},\"query-input\":{\"@type\":\"PropertyValueSpecification\",\"valueRequired\":true,\"valueName\":\"search_term_string\"}}],\"inLanguage\":\"de\"}]}<\/script>\n<!-- \/ Yoast SEO plugin. -->","yoast_head_json":{"title":"MENOPEARL\u00ae - Wie wirkt MF11RCE\u00ae bei Wechselbeschwerden?","description":"Nur Menopearl\u00ae enth\u00e4lt den Rotklee-Extrakt MF11RCE\u00ae, welcher unter strenger Kontrolle in der EU angebaut wird und Wechselbeschwerden lindern kann.","robots":{"index":"index","follow":"follow","max-snippet":"max-snippet:-1","max-image-preview":"max-image-preview:large","max-video-preview":"max-video-preview:-1"},"canonical":"https:\/\/menopearl.com\/de\/fuer-mediziner\/wie-wirkt-mf11rce\/","og_locale":"de_DE","og_type":"article","og_title":"MENOPEARL\u00ae - Wie wirkt MF11RCE\u00ae bei Wechselbeschwerden?","og_description":"Nur Menopearl\u00ae enth\u00e4lt den Rotklee-Extrakt MF11RCE\u00ae, welcher unter strenger Kontrolle in der EU angebaut wird und Wechselbeschwerden lindern kann.","og_url":"https:\/\/menopearl.com\/de\/fuer-mediziner\/wie-wirkt-mf11rce\/","og_site_name":"MENOPEARL\u00ae","article_modified_time":"2020-09-11T08:52:16+00:00","og_image":[{"url":"https:\/\/menopearl.com\/wp-content\/uploads\/2020\/08\/pearl.png","type":"","width":"","height":""}],"twitter_card":"summary_large_image","twitter_misc":{"Gesch\u00e4tzte Lesezeit":"2\u00a0Minuten"},"schema":{"@context":"https:\/\/schema.org","@graph":[{"@type":"WebPage","@id":"https:\/\/menopearl.com\/de\/fuer-mediziner\/wie-wirkt-mf11rce\/","url":"https:\/\/menopearl.com\/de\/fuer-mediziner\/wie-wirkt-mf11rce\/","name":"MENOPEARL\u00ae - Wie wirkt MF11RCE\u00ae bei Wechselbeschwerden?","isPartOf":{"@id":"https:\/\/menopearl.com\/#website"},"primaryImageOfPage":{"@id":"https:\/\/menopearl.com\/de\/fuer-mediziner\/wie-wirkt-mf11rce\/#primaryimage"},"image":{"@id":"https:\/\/menopearl.com\/de\/fuer-mediziner\/wie-wirkt-mf11rce\/#primaryimage"},"thumbnailUrl":"https:\/\/menopearl.com\/wp-content\/uploads\/2020\/08\/pearl.png","datePublished":"2016-11-28T19:51:43+00:00","dateModified":"2020-09-11T08:52:16+00:00","description":"Nur Menopearl\u00ae enth\u00e4lt den Rotklee-Extrakt MF11RCE\u00ae, welcher unter strenger Kontrolle in der EU angebaut wird und Wechselbeschwerden lindern kann.","breadcrumb":{"@id":"https:\/\/menopearl.com\/de\/fuer-mediziner\/wie-wirkt-mf11rce\/#breadcrumb"},"inLanguage":"de","potentialAction":[{"@type":"ReadAction","target":["https:\/\/menopearl.com\/de\/fuer-mediziner\/wie-wirkt-mf11rce\/"]}]},{"@type":"ImageObject","inLanguage":"de","@id":"https:\/\/menopearl.com\/de\/fuer-mediziner\/wie-wirkt-mf11rce\/#primaryimage","url":"https:\/\/menopearl.com\/wp-content\/uploads\/2020\/08\/pearl.png","contentUrl":"https:\/\/menopearl.com\/wp-content\/uploads\/2020\/08\/pearl.png"},{"@type":"BreadcrumbList","@id":"https:\/\/menopearl.com\/de\/fuer-mediziner\/wie-wirkt-mf11rce\/#breadcrumb","itemListElement":[{"@type":"ListItem","position":1,"name":"Home","item":"https:\/\/menopearl.com\/de\/"},{"@type":"ListItem","position":2,"name":"Informationen f\u00fcr Mediziner","item":"https:\/\/menopearl.com\/de\/fuer-mediziner\/"},{"@type":"ListItem","position":3,"name":"Wie wirkt MF11RCE\u00ae?"}]},{"@type":"WebSite","@id":"https:\/\/menopearl.com\/#website","url":"https:\/\/menopearl.com\/","name":"MENOPEARL\u00ae","description":"Your companion during Menopause","potentialAction":[{"@type":"SearchAction","target":{"@type":"EntryPoint","urlTemplate":"https:\/\/menopearl.com\/?s={search_term_string}"},"query-input":{"@type":"PropertyValueSpecification","valueRequired":true,"valueName":"search_term_string"}}],"inLanguage":"de"}]}},"_links":{"self":[{"href":"https:\/\/menopearl.com\/de\/wp-json\/wp\/v2\/pages\/305","targetHints":{"allow":["GET"]}}],"collection":[{"href":"https:\/\/menopearl.com\/de\/wp-json\/wp\/v2\/pages"}],"about":[{"href":"https:\/\/menopearl.com\/de\/wp-json\/wp\/v2\/types\/page"}],"author":[{"embeddable":true,"href":"https:\/\/menopearl.com\/de\/wp-json\/wp\/v2\/users\/1"}],"replies":[{"embeddable":true,"href":"https:\/\/menopearl.com\/de\/wp-json\/wp\/v2\/comments?post=305"}],"version-history":[{"count":105,"href":"https:\/\/menopearl.com\/de\/wp-json\/wp\/v2\/pages\/305\/revisions"}],"predecessor-version":[{"id":2797,"href":"https:\/\/menopearl.com\/de\/wp-json\/wp\/v2\/pages\/305\/revisions\/2797"}],"up":[{"embeddable":true,"href":"https:\/\/menopearl.com\/de\/wp-json\/wp\/v2\/pages\/119"}],"wp:attachment":[{"href":"https:\/\/menopearl.com\/de\/wp-json\/wp\/v2\/media?parent=305"}],"curies":[{"name":"wp","href":"https:\/\/api.w.org\/{rel}","templated":true}]}}