{"id":269,"date":"2016-11-28T17:02:20","date_gmt":"2016-11-28T16:02:20","guid":{"rendered":"http:\/\/menopearl\/?page_id=269"},"modified":"2020-09-09T20:38:08","modified_gmt":"2020-09-09T18:38:08","slug":"hyaluronsaeure","status":"publish","type":"page","link":"https:\/\/menopearl.com\/de\/mein-menopearl\/hyaluronsaeure\/","title":{"rendered":"Hyalurons\u00e4ure"},"content":{"rendered":"\n<div class=\"wp-block-cover alignfull is-position-center-center menopearl-page-header no-margin-bottom\" style=\"background-image:url(https:\/\/menopearl.com\/wp-content\/uploads\/2020\/09\/page-header-bg-scaled.jpg);background-position:50% 50%\"><div class=\"wp-block-cover__inner-container is-layout-flow wp-block-cover-is-layout-flow\">\n<p class=\"has-text-align-center has-white-color has-text-color\">\u00abFALTEN KONNTEN MIR FR\u00dcHER NICHTS ANHABEN. <strong>ABER WAS SICH IN LETZTER ZEIT ENTFALTET, GEHT MIR UNTER DIE HAUT<\/strong>.\u00bb<\/p>\n\n\n\n<div class=\"wp-block-image show-for-medium\"><figure class=\"aligncenter size-large is-resized\"><img loading=\"lazy\" decoding=\"async\" src=\"http:\/\/menopearl.local\/wp-content\/uploads\/2020\/08\/pearl.png\" alt=\"\" class=\"wp-image-1496\" width=\"72\" height=\"72\" srcset=\"https:\/\/menopearl.com\/wp-content\/uploads\/2020\/08\/pearl.png 288w, https:\/\/menopearl.com\/wp-content\/uploads\/2020\/08\/pearl-150x150.png 150w, https:\/\/menopearl.com\/wp-content\/uploads\/2020\/08\/pearl-125x125.png 125w\" sizes=\"auto, (max-width: 72px) 100vw, 72px\" \/><\/figure><\/div>\n<\/div><\/div>\n\n\n\n<div class=\"wp-block-cover alignfull has-background-dim-70 has-white-background-color has-background-dim is-position-center-center\" style=\"background-image:url(https:\/\/menopearl.com\/wp-content\/uploads\/2020\/09\/molekularstruktur.jpg);min-height:300px;aspect-ratio:unset;\"><div class=\"wp-block-cover__inner-container is-layout-flow wp-block-cover-is-layout-flow\">\n<h1 class=\"has-text-align-center has-purple-color has-text-color wp-block-heading\" id=\"block-d4c5780f-3a99-4129-8374-899cb66a5833\"><strong>HYALURONS\u00c4URE<\/strong><br>EIN NAT\u00dcRLICHER FEUCHTIGKEITSSPENDER<\/h1>\n<\/div><\/div>\n\n\n\n<p>Hyalurons\u00e4ure ist in unserem K\u00f6rper von Natur aus vorhanden. Sie wirkt wie ein Schmiermittel f\u00fcr Gelenke und gewisse Gewebe. Sie kommt vor allem in der Haut und in den Schleimh\u00e4uten, in den Knochen, in den Knorpeln, in der Gelenks\u00adfl\u00fcssigkeit und im Glask\u00f6rper der Augen vor.<\/p>\n\n\n\n<div class=\"wp-block-columns are-vertically-aligned-center is-layout-flex wp-container-core-columns-is-layout-1 wp-block-columns-is-layout-flex\">\n<div class=\"wp-block-column is-vertically-aligned-center is-layout-flow wp-block-column-is-layout-flow\">\n<p>Jeder Mensch verf\u00fcgt von Geburt an \u00fcber ein bestimmtes Kontingent an Hyalurons\u00e4ure, welches mit dem Alter kontinuierlich abnimmt. Besonders in den Wechseljahren zeigt sich ein starker R\u00fcckgang. Der Gehalt an Hyalurons\u00e4ure betr\u00e4gt mit 50 Jahren nur noch ca. 45\u2009% des urspr\u00fcnglichen Wertes.<\/p>\n\n\n\n<p>Durch ihre r\u00e4umliche Struktur besitzt Hyalurons\u00e4ure die F\u00e4higkeit, sehr gro\u00dfe Mengen an Wasser zu binden. Dies wirkt sich positiv auf den k\u00f6rpereigenen Wasserhaushalt aus und l\u00e4sst unsere Haut elastisch und straff bleiben.<\/p>\n<\/div>\n\n\n\n<div class=\"wp-block-column is-vertically-aligned-center is-layout-flow wp-block-column-is-layout-flow\">\n<div class=\"wp-block-image\"><figure class=\"aligncenter size-medium\"><img loading=\"lazy\" decoding=\"async\" width=\"300\" height=\"300\" src=\"https:\/\/menopearl.com\/wp-content\/uploads\/2020\/09\/HA_Beginn_der_Menopause_Alter-300x300.png\" alt=\"\" class=\"wp-image-2433\" srcset=\"https:\/\/menopearl.com\/wp-content\/uploads\/2020\/09\/HA_Beginn_der_Menopause_Alter-300x300.png 300w, https:\/\/menopearl.com\/wp-content\/uploads\/2020\/09\/HA_Beginn_der_Menopause_Alter-150x150.png 150w, https:\/\/menopearl.com\/wp-content\/uploads\/2020\/09\/HA_Beginn_der_Menopause_Alter-125x125.png 125w, https:\/\/menopearl.com\/wp-content\/uploads\/2020\/09\/HA_Beginn_der_Menopause_Alter.png 474w\" sizes=\"auto, (max-width: 300px) 100vw, 300px\" \/><\/figure><\/div>\n<\/div>\n<\/div>\n\n\n\n<h2 class=\"has-text-align-center has-purple-color has-text-color wp-block-heading\">DIE IN MENOPEARL\u00ae ENTHALTENE HYALURONS\u00c4URE <br>WIRKT VON INNEN HERAUS<\/h2>\n\n\n\n<div style=\"height:20px\" aria-hidden=\"true\" class=\"wp-block-spacer\"><\/div>\n\n\n\n<div class=\"wp-block-columns are-vertically-aligned-center is-layout-flex wp-container-core-columns-is-layout-2 wp-block-columns-is-layout-flex\">\n<div class=\"wp-block-column is-vertically-aligned-center is-layout-flow wp-block-column-is-layout-flow\">\n<p>Die Hyalurons\u00e4ure ist aus der Kosmetikindustrie gut bekannt. Dort wird sie h\u00e4ufig als Inhaltsstoff von Cremen eingesetzt. Jedoch kann die auf diese Weise aufgetragene Hyalurons\u00e4ure nur in die \u00e4u\u00dferen Schichten der Haut eindringen.<\/p>\n\n\n\n<p>Besonders wenn unsere Haut trockener und empfindlicher wird, und sich erste Falten bilden, sollten wir Hyalurons\u00e4ure einnehmen. Auch spr\u00f6de Haare und N\u00e4gel, eine trockene Scheide, trockene Augen und Gelenksprobleme sind Anzeichen daf\u00fcr, dass der Gehalt an Hyalurons\u00e4ure abnimmt. Die regelm\u00e4\u00dfige Einnahme versorgt Haut und Schleimh\u00e4ute mit zus\u00e4tzlicher Feuchtigkeit. Frauen k\u00f6nnen so dem nat\u00fcrlichen Alterungs\u00adprozess entgegenwirken.<\/p>\n<\/div>\n\n\n\n<div class=\"wp-block-column is-vertically-aligned-center is-layout-flow wp-block-column-is-layout-flow\">\n<p class=\"has-text-align-center no-margin-bottom has-purple-color has-text-color has-small-font-size\"><strong>UNSER K\u00d6RPER BRAUCHT HYALURONS\u00c4URE<\/strong><\/p>\n\n\n\n<div class=\"wp-block-image\"><figure class=\"aligncenter size-full is-resized\"><img loading=\"lazy\" decoding=\"async\" src=\"https:\/\/menopearl.com\/wp-content\/uploads\/2020\/09\/Der_Koerper_braucht_Hyaluronsaeure.png\" alt=\"Infografik: Unser K\u00f6per braucht Hyalurons\u00e4ure.\" class=\"wp-image-2512\" width=\"309\" height=\"277\" srcset=\"https:\/\/menopearl.com\/wp-content\/uploads\/2020\/09\/Der_Koerper_braucht_Hyaluronsaeure.png 527w, https:\/\/menopearl.com\/wp-content\/uploads\/2020\/09\/Der_Koerper_braucht_Hyaluronsaeure-300x269.png 300w\" sizes=\"auto, (max-width: 309px) 100vw, 309px\" \/><\/figure><\/div>\n<\/div>\n<\/div>\n\n\n\n<div class=\"wp-block-columns are-vertically-aligned-center is-layout-flex wp-container-core-columns-is-layout-3 wp-block-columns-is-layout-flex\">\n<div class=\"wp-block-column is-vertically-aligned-center is-layout-flow wp-block-column-is-layout-flow\">\n<p>Die orale Einnahme von Hyalurons\u00e4ure ist v\u00f6llig unbedenklich. Sie gelangt durch die Blutbahn in alle Hautschichten und entfaltet so ihre tiefgreifende Wirkung.<\/p>\n\n\n\n<p>Menopearl\u00ae enth\u00e4lt eine Hyalurons\u00e4ure, die sich durch ein niedriges Molekulargewicht auszeichnet, was den Vorteil hat, dass sie schnell durch den Magen-Darm-Trakt aufgenommen werden kann.<\/p>\n\n\n\n<p>Die Hyalurons\u00e4ure in Menopearl\u00ae wird durch reine Biofermentation gewonnen und ist frei von tierischen Komponenten.<\/p>\n<\/div>\n\n\n\n<div class=\"wp-block-column is-vertically-aligned-center is-layout-flow wp-block-column-is-layout-flow\">\n<div class=\"wp-block-image\"><figure class=\"aligncenter size-full is-resized\"><img loading=\"lazy\" decoding=\"async\" src=\"https:\/\/menopearl.com\/wp-content\/uploads\/2020\/09\/HA_Wasserhaushalt_Haut_Aufpolsterung.png\" alt=\"\" class=\"wp-image-2323\" width=\"308\" height=\"354\" srcset=\"https:\/\/menopearl.com\/wp-content\/uploads\/2020\/09\/HA_Wasserhaushalt_Haut_Aufpolsterung.png 410w, https:\/\/menopearl.com\/wp-content\/uploads\/2020\/09\/HA_Wasserhaushalt_Haut_Aufpolsterung-261x300.png 261w\" sizes=\"auto, (max-width: 308px) 100vw, 308px\" \/><\/figure><\/div>\n<\/div>\n<\/div>\n\n\n\n<div class=\"wp-block-columns are-vertically-aligned-center is-layout-flex wp-container-core-columns-is-layout-4 wp-block-columns-is-layout-flex\">\n<div class=\"wp-block-column is-vertically-aligned-center is-layout-flow wp-block-column-is-layout-flow\">\n<div style=\"height:60px\" aria-hidden=\"true\" class=\"wp-block-spacer\"><\/div>\n\n\n\n<div class=\"wp-block-buttons aligncenter is-layout-flex wp-block-buttons-is-layout-flex\">\n<div class=\"wp-block-button\"><a class=\"wp-block-button__link has-gold-from-left-gradient-background has-background\" href=\"https:\/\/shop.menopearl.com\/de\/produkt\/menopearl\/\" style=\"border-radius:50px\"><strong>KAUFEN<\/strong> <img loading=\"lazy\" decoding=\"async\" width=\"24\" height=\"24\" class=\"wp-image-1441\" style=\"width: 24px;\" src=\"https:\/\/menopearl.com\/wp-content\/uploads\/2020\/08\/shopping-cart-white.svg\" alt=\"\"><\/a><\/div>\n<\/div>\n\n\n\n<div style=\"height:60px\" aria-hidden=\"true\" class=\"wp-block-spacer\"><\/div>\n<\/div>\n\n\n\n<div class=\"wp-block-column is-vertically-aligned-center is-layout-flow wp-block-column-is-layout-flow\">\n<div class=\"wp-block-image\"><figure class=\"aligncenter size-full is-resized\"><img loading=\"lazy\" decoding=\"async\" src=\"https:\/\/menopearl.com\/wp-content\/uploads\/2020\/09\/HA_frei_von_tierischen_Komponenten_laktosefrei.png\" alt=\"\" class=\"wp-image-2534\" width=\"307\" height=\"305\" srcset=\"https:\/\/menopearl.com\/wp-content\/uploads\/2020\/09\/HA_frei_von_tierischen_Komponenten_laktosefrei.png 474w, https:\/\/menopearl.com\/wp-content\/uploads\/2020\/09\/HA_frei_von_tierischen_Komponenten_laktosefrei-150x150.png 150w, https:\/\/menopearl.com\/wp-content\/uploads\/2020\/09\/HA_frei_von_tierischen_Komponenten_laktosefrei-125x125.png 125w\" sizes=\"auto, (max-width: 307px) 100vw, 307px\" \/><\/figure><\/div>\n<\/div>\n<\/div>\n\n\n\n<div style=\"height:75px\" aria-hidden=\"true\" class=\"wp-block-spacer\"><\/div>\n","protected":false},"excerpt":{"rendered":"<p>Hyalurons\u00e4ure ist in unserem K\u00f6rper von Natur aus vorhanden. Sie wirkt wie ein Schmiermittel f\u00fcr Gelenke und gewisse Gewebe. Sie kommt vor allem in der Haut und in den Schleimh\u00e4uten, in den Knochen, in den Knorpeln, in der Gelenks\u00adfl\u00fcssigkeit und im Glask\u00f6rper der Augen vor. Jeder Mensch verf\u00fcgt von Geburt an \u00fcber ein bestimmtes Kontingent<a class=\"excerpt-read-more\" href=\"https:\/\/menopearl.com\/de\/mein-menopearl\/hyaluronsaeure\/\" title=\"ReadHyalurons\u00e4ure\">&#8230; Read more &raquo;<\/a><\/p>\n","protected":false},"author":1,"featured_media":0,"parent":116,"menu_order":2,"comment_status":"closed","ping_status":"closed","template":"","meta":{"_acf_changed":false,"footnotes":""},"class_list":["post-269","page","type-page","status-publish","hentry"],"acf":[],"yoast_head":"<!-- This site is optimized with the Yoast SEO plugin v24.5 - https:\/\/yoast.com\/wordpress\/plugins\/seo\/ -->\n<title>MENOPEARL\u00ae - attraktives Aussehen im Wechsel durch Hyalurons\u00e4ure<\/title>\n<meta name=\"description\" content=\"Die in Menopearl\u00ae enthaltene Hyalurons\u00e4ure kann besonders gut vom K\u00f6rper aufgenommen werden. Die Haut wird von innen heraus mit Feuchtigkeit versorgt.\" \/>\n<meta name=\"robots\" content=\"index, follow, max-snippet:-1, max-image-preview:large, max-video-preview:-1\" \/>\n<link rel=\"canonical\" href=\"https:\/\/menopearl.com\/de\/mein-menopearl\/hyaluronsaeure\/\" \/>\n<meta property=\"og:locale\" content=\"de_DE\" \/>\n<meta property=\"og:type\" content=\"article\" \/>\n<meta property=\"og:title\" content=\"MENOPEARL\u00ae - attraktives Aussehen im Wechsel durch Hyalurons\u00e4ure\" \/>\n<meta property=\"og:description\" content=\"Die in Menopearl\u00ae enthaltene Hyalurons\u00e4ure kann besonders gut vom K\u00f6rper aufgenommen werden. Die Haut wird von innen heraus mit Feuchtigkeit versorgt.\" \/>\n<meta property=\"og:url\" content=\"https:\/\/menopearl.com\/de\/mein-menopearl\/hyaluronsaeure\/\" \/>\n<meta property=\"og:site_name\" content=\"MENOPEARL\u00ae\" \/>\n<meta property=\"article:modified_time\" content=\"2020-09-09T18:38:08+00:00\" \/>\n<meta property=\"og:image\" content=\"http:\/\/menopearl.local\/wp-content\/uploads\/2020\/08\/pearl.png\" \/>\n<meta name=\"twitter:card\" content=\"summary_large_image\" \/>\n<meta name=\"twitter:label1\" content=\"Gesch\u00e4tzte Lesezeit\" \/>\n\t<meta name=\"twitter:data1\" content=\"2\u00a0Minuten\" \/>\n<script type=\"application\/ld+json\" class=\"yoast-schema-graph\">{\"@context\":\"https:\/\/schema.org\",\"@graph\":[{\"@type\":\"WebPage\",\"@id\":\"https:\/\/menopearl.com\/de\/mein-menopearl\/hyaluronsaeure\/\",\"url\":\"https:\/\/menopearl.com\/de\/mein-menopearl\/hyaluronsaeure\/\",\"name\":\"MENOPEARL\u00ae - attraktives Aussehen im Wechsel durch Hyalurons\u00e4ure\",\"isPartOf\":{\"@id\":\"https:\/\/menopearl.com\/#website\"},\"primaryImageOfPage\":{\"@id\":\"https:\/\/menopearl.com\/de\/mein-menopearl\/hyaluronsaeure\/#primaryimage\"},\"image\":{\"@id\":\"https:\/\/menopearl.com\/de\/mein-menopearl\/hyaluronsaeure\/#primaryimage\"},\"thumbnailUrl\":\"http:\/\/menopearl.local\/wp-content\/uploads\/2020\/08\/pearl.png\",\"datePublished\":\"2016-11-28T16:02:20+00:00\",\"dateModified\":\"2020-09-09T18:38:08+00:00\",\"description\":\"Die in Menopearl\u00ae enthaltene Hyalurons\u00e4ure kann besonders gut vom K\u00f6rper aufgenommen werden. Die Haut wird von innen heraus mit Feuchtigkeit versorgt.\",\"breadcrumb\":{\"@id\":\"https:\/\/menopearl.com\/de\/mein-menopearl\/hyaluronsaeure\/#breadcrumb\"},\"inLanguage\":\"de\",\"potentialAction\":[{\"@type\":\"ReadAction\",\"target\":[\"https:\/\/menopearl.com\/de\/mein-menopearl\/hyaluronsaeure\/\"]}]},{\"@type\":\"ImageObject\",\"inLanguage\":\"de\",\"@id\":\"https:\/\/menopearl.com\/de\/mein-menopearl\/hyaluronsaeure\/#primaryimage\",\"url\":\"http:\/\/menopearl.local\/wp-content\/uploads\/2020\/08\/pearl.png\",\"contentUrl\":\"http:\/\/menopearl.local\/wp-content\/uploads\/2020\/08\/pearl.png\"},{\"@type\":\"BreadcrumbList\",\"@id\":\"https:\/\/menopearl.com\/de\/mein-menopearl\/hyaluronsaeure\/#breadcrumb\",\"itemListElement\":[{\"@type\":\"ListItem\",\"position\":1,\"name\":\"Home\",\"item\":\"https:\/\/menopearl.com\/de\/\"},{\"@type\":\"ListItem\",\"position\":2,\"name\":\"Mein Menopearl\u00ae\",\"item\":\"https:\/\/menopearl.com\/de\/mein-menopearl\/\"},{\"@type\":\"ListItem\",\"position\":3,\"name\":\"Hyalurons\u00e4ure\"}]},{\"@type\":\"WebSite\",\"@id\":\"https:\/\/menopearl.com\/#website\",\"url\":\"https:\/\/menopearl.com\/\",\"name\":\"MENOPEARL\u00ae\",\"description\":\"Your companion during Menopause\",\"potentialAction\":[{\"@type\":\"SearchAction\",\"target\":{\"@type\":\"EntryPoint\",\"urlTemplate\":\"https:\/\/menopearl.com\/?s={search_term_string}\"},\"query-input\":{\"@type\":\"PropertyValueSpecification\",\"valueRequired\":true,\"valueName\":\"search_term_string\"}}],\"inLanguage\":\"de\"}]}<\/script>\n<!-- \/ Yoast SEO plugin. -->","yoast_head_json":{"title":"MENOPEARL\u00ae - attraktives Aussehen im Wechsel durch Hyalurons\u00e4ure","description":"Die in Menopearl\u00ae enthaltene Hyalurons\u00e4ure kann besonders gut vom K\u00f6rper aufgenommen werden. Die Haut wird von innen heraus mit Feuchtigkeit versorgt.","robots":{"index":"index","follow":"follow","max-snippet":"max-snippet:-1","max-image-preview":"max-image-preview:large","max-video-preview":"max-video-preview:-1"},"canonical":"https:\/\/menopearl.com\/de\/mein-menopearl\/hyaluronsaeure\/","og_locale":"de_DE","og_type":"article","og_title":"MENOPEARL\u00ae - attraktives Aussehen im Wechsel durch Hyalurons\u00e4ure","og_description":"Die in Menopearl\u00ae enthaltene Hyalurons\u00e4ure kann besonders gut vom K\u00f6rper aufgenommen werden. Die Haut wird von innen heraus mit Feuchtigkeit versorgt.","og_url":"https:\/\/menopearl.com\/de\/mein-menopearl\/hyaluronsaeure\/","og_site_name":"MENOPEARL\u00ae","article_modified_time":"2020-09-09T18:38:08+00:00","og_image":[{"url":"http:\/\/menopearl.local\/wp-content\/uploads\/2020\/08\/pearl.png","type":"","width":"","height":""}],"twitter_card":"summary_large_image","twitter_misc":{"Gesch\u00e4tzte Lesezeit":"2\u00a0Minuten"},"schema":{"@context":"https:\/\/schema.org","@graph":[{"@type":"WebPage","@id":"https:\/\/menopearl.com\/de\/mein-menopearl\/hyaluronsaeure\/","url":"https:\/\/menopearl.com\/de\/mein-menopearl\/hyaluronsaeure\/","name":"MENOPEARL\u00ae - attraktives Aussehen im Wechsel durch Hyalurons\u00e4ure","isPartOf":{"@id":"https:\/\/menopearl.com\/#website"},"primaryImageOfPage":{"@id":"https:\/\/menopearl.com\/de\/mein-menopearl\/hyaluronsaeure\/#primaryimage"},"image":{"@id":"https:\/\/menopearl.com\/de\/mein-menopearl\/hyaluronsaeure\/#primaryimage"},"thumbnailUrl":"http:\/\/menopearl.local\/wp-content\/uploads\/2020\/08\/pearl.png","datePublished":"2016-11-28T16:02:20+00:00","dateModified":"2020-09-09T18:38:08+00:00","description":"Die in Menopearl\u00ae enthaltene Hyalurons\u00e4ure kann besonders gut vom K\u00f6rper aufgenommen werden. Die Haut wird von innen heraus mit Feuchtigkeit versorgt.","breadcrumb":{"@id":"https:\/\/menopearl.com\/de\/mein-menopearl\/hyaluronsaeure\/#breadcrumb"},"inLanguage":"de","potentialAction":[{"@type":"ReadAction","target":["https:\/\/menopearl.com\/de\/mein-menopearl\/hyaluronsaeure\/"]}]},{"@type":"ImageObject","inLanguage":"de","@id":"https:\/\/menopearl.com\/de\/mein-menopearl\/hyaluronsaeure\/#primaryimage","url":"http:\/\/menopearl.local\/wp-content\/uploads\/2020\/08\/pearl.png","contentUrl":"http:\/\/menopearl.local\/wp-content\/uploads\/2020\/08\/pearl.png"},{"@type":"BreadcrumbList","@id":"https:\/\/menopearl.com\/de\/mein-menopearl\/hyaluronsaeure\/#breadcrumb","itemListElement":[{"@type":"ListItem","position":1,"name":"Home","item":"https:\/\/menopearl.com\/de\/"},{"@type":"ListItem","position":2,"name":"Mein Menopearl\u00ae","item":"https:\/\/menopearl.com\/de\/mein-menopearl\/"},{"@type":"ListItem","position":3,"name":"Hyalurons\u00e4ure"}]},{"@type":"WebSite","@id":"https:\/\/menopearl.com\/#website","url":"https:\/\/menopearl.com\/","name":"MENOPEARL\u00ae","description":"Your companion during Menopause","potentialAction":[{"@type":"SearchAction","target":{"@type":"EntryPoint","urlTemplate":"https:\/\/menopearl.com\/?s={search_term_string}"},"query-input":{"@type":"PropertyValueSpecification","valueRequired":true,"valueName":"search_term_string"}}],"inLanguage":"de"}]}},"_links":{"self":[{"href":"https:\/\/menopearl.com\/de\/wp-json\/wp\/v2\/pages\/269","targetHints":{"allow":["GET"]}}],"collection":[{"href":"https:\/\/menopearl.com\/de\/wp-json\/wp\/v2\/pages"}],"about":[{"href":"https:\/\/menopearl.com\/de\/wp-json\/wp\/v2\/types\/page"}],"author":[{"embeddable":true,"href":"https:\/\/menopearl.com\/de\/wp-json\/wp\/v2\/users\/1"}],"replies":[{"embeddable":true,"href":"https:\/\/menopearl.com\/de\/wp-json\/wp\/v2\/comments?post=269"}],"version-history":[{"count":41,"href":"https:\/\/menopearl.com\/de\/wp-json\/wp\/v2\/pages\/269\/revisions"}],"predecessor-version":[{"id":2542,"href":"https:\/\/menopearl.com\/de\/wp-json\/wp\/v2\/pages\/269\/revisions\/2542"}],"up":[{"embeddable":true,"href":"https:\/\/menopearl.com\/de\/wp-json\/wp\/v2\/pages\/116"}],"wp:attachment":[{"href":"https:\/\/menopearl.com\/de\/wp-json\/wp\/v2\/media?parent=269"}],"curies":[{"name":"wp","href":"https:\/\/api.w.org\/{rel}","templated":true}]}}