{"id":2713,"date":"2016-11-28T14:16:17","date_gmt":"2016-11-28T13:16:17","guid":{"rendered":"https:\/\/menopearl.com\/meine-menopause\/die-wechseljahre"},"modified":"2020-09-16T12:15:06","modified_gmt":"2020-09-16T10:15:06","slug":"die-wechseljahre","status":"publish","type":"page","link":"https:\/\/menopearl.com\/at\/meine-menopause\/die-wechseljahre\/","title":{"rendered":"Die Wechseljahre"},"content":{"rendered":"\n<div class=\"wp-block-cover alignfull is-position-center-center menopearl-page-header\" style=\"background-image:url(https:\/\/menopearl.com\/wp-content\/uploads\/2020\/09\/page-header-bg-scaled.jpg);background-position:50% 50%\"><div class=\"wp-block-cover__inner-container is-layout-flow wp-block-cover-is-layout-flow\">\n<p class=\"has-text-align-center has-white-color has-text-color\">\u00abICH WILL MICH VOLL ALS FRAU ENTFALTEN. <br><strong>ICH WILL UNBESCHWERT FRAU SEIN.<\/strong>\u00bb<\/p>\n\n\n\n<div class=\"wp-block-image show-for-medium\"><figure class=\"aligncenter size-large is-resized\"><img loading=\"lazy\" decoding=\"async\" src=\"https:\/\/menopearl.com\/at\/wp-content\/uploads\/2020\/08\/pearl.png\" alt=\"\" class=\"wp-image-2625\" width=\"72\" height=\"72\" srcset=\"https:\/\/menopearl.com\/wp-content\/uploads\/2020\/08\/pearl.png 288w, https:\/\/menopearl.com\/wp-content\/uploads\/2020\/08\/pearl-150x150.png 150w, https:\/\/menopearl.com\/wp-content\/uploads\/2020\/08\/pearl-125x125.png 125w\" sizes=\"auto, (max-width: 72px) 100vw, 72px\" \/><\/figure><\/div>\n<\/div><\/div>\n\n\n\n<h1 class=\"has-text-align-center has-purple-color has-text-color wp-block-heading\">DIE WECHSELJAHRE<\/h1>\n\n\n\n<p class=\"has-purple-color has-text-color\"><strong>Der Beginn der Wechseljahre kann von Frau zu Frau sehr unterschiedlich sein und macht sich auf individuelle Weise bemerkbar. Diese Lebensphase verl\u00e4uft nicht bei allen Frauen nach dem selben Muster. Es l\u00e4sst sich auch kein eindeutiger Zeitpunkt fest\u00admachen, an dem die hormonelle Ver\u00e4nderung im weiblichen K\u00f6rper beginnt. Die Wechseljahre setzen nicht abrupt, sondern ganz allm\u00e4hlich ein.<\/strong><\/p>\n\n\n\n<p>Diese Ver\u00e4nderungen werden durch das feine Zusammenspiel der Hormone der Frau verursacht. Sie arbeiten im K\u00f6rper als Botenstoffe, die unsere Stoffwechselprozesse steuern und regulieren. Hormone werden \u00fcber unseren Blutkreislauf zu den jeweiligen Ziel\u00adorganen transportiert, um sich dort an speziellen Zellen, sogenannten Rezeptoren, festzusetzen. Dies funktioniert nach dem Schl\u00fcssel-Schloss-Prinzip, das bedeutet: Jedes Hormon (= Schl\u00fcssel) passt nur an einen bestimmten Rezeptor (= Schloss). So k\u00f6nnen nur gewisse Hormone an spezifischen Zellen des Zielorgans andocken und dort Stoffwechsel\u00adprozesse ausl\u00f6sen.<\/p>\n\n\n\n<p>Bei der Frau steuern unter anderem die weiblichen Hormone \u00d6strogen und Progesteron die Fortpflanzung, die Follikelentwicklung, den Eisprung sowie Aufbau und Absto\u00dfen der Geb\u00e4rmutterschleimhaut. Die Produktion von Geschlechtshormonen ver\u00e4ndert sich im Laufe des Lebens, besonders ab dem 40. Lebensjahr.<\/p>\n\n\n\n<p>Mit dem Nachlassen der Hormonproduktion in den Eierst\u00f6cken beginnen auch die Wechsel\u00adjahre. Damit ver\u00e4ndern sich die Dauer, H\u00e4ufigkeit und Intensit\u00e4t der Monatsblutungen, sie werden zun\u00e4chst unregelm\u00e4\u00dfiger und bleiben schlie\u00dflich ganz aus.<\/p>\n\n\n\n<div class=\"wp-block-group alignfull has-white-color has-purple-background-color has-text-color has-background\"><div class=\"wp-block-group__inner-container is-layout-flow wp-block-group-is-layout-flow\">\n<p class=\"has-white-color has-text-color\"><strong>Ver\u00e4nderte Monatsblutungen am Beginn&nbsp;der Wechseljahre:<\/strong><\/p>\n\n\n\n<ul class=\"wp-block-list\"><li><span class=\"has-inline-color has-white-color\">St\u00e4rkere oder schw\u00e4chere Blutungen<\/span><\/li><li><span class=\"has-inline-color has-white-color\">L\u00e4ngere oder k\u00fcrzere Dauer der Blutung<\/span><\/li><li><span class=\"has-inline-color has-white-color\">Schmierblutungen<\/span><\/li><li><span class=\"has-inline-color has-white-color\">Verk\u00fcrzte oder verl\u00e4ngerte Zyklen<\/span><\/li><\/ul>\n<\/div><\/div>\n\n\n\n<p>Die Wechseljahre, die medizinisch auch als Klima\u00adkterium bezeichnet werden, lassen sich in 3 unterschiedliche Phasen einteilen.Sowohl der Beginn als auch die Dauer sind bei jeder Frau unterschiedlich und individuell.<\/p>\n\n\n\n<p>Eine Frau kommt, wenn auch zu unterschiedlichen Zeiten, zun\u00e4chst in die Pr\u00e4menopause, gefolgt von der Perimenopause und schlie\u00dflich enden die Wechseljahre mit der Postmenopause.<\/p>\n\n\n\n<div class=\"wp-block-cover alignfull has-purple-background-color has-background-dim\"><div class=\"wp-block-cover__inner-container is-layout-flow wp-block-cover-is-layout-flow\">\n<div style=\"height:30px\" aria-hidden=\"true\" class=\"wp-block-spacer\"><\/div>\n\n\n\n<h4 class=\"has-text-align-center has-white-color has-text-color wp-block-heading\"><strong>KLIMAKTERIUM &#8211; DIE 3 PHASEN DES WECHSELS<\/strong><\/h4>\n\n\n\n<div class=\"wp-block-image\"><figure class=\"aligncenter size-full is-resized\"><img loading=\"lazy\" decoding=\"async\" src=\"https:\/\/menopearl.com\/at\/wp-content\/uploads\/2020\/09\/3_Phasen_der_Menopause_Praemenopause_Perimenopause_Postmenopause.png\" alt=\"Drei Phasen der Menopause.\" class=\"wp-image-2834\" width=\"690\" height=\"300\" srcset=\"https:\/\/menopearl.com\/wp-content\/uploads\/2020\/09\/3_Phasen_der_Menopause_Praemenopause_Perimenopause_Postmenopause.png 2760w, https:\/\/menopearl.com\/wp-content\/uploads\/2020\/09\/3_Phasen_der_Menopause_Praemenopause_Perimenopause_Postmenopause-300x130.png 300w, https:\/\/menopearl.com\/wp-content\/uploads\/2020\/09\/3_Phasen_der_Menopause_Praemenopause_Perimenopause_Postmenopause-1024x445.png 1024w, https:\/\/menopearl.com\/wp-content\/uploads\/2020\/09\/3_Phasen_der_Menopause_Praemenopause_Perimenopause_Postmenopause-768x334.png 768w, https:\/\/menopearl.com\/wp-content\/uploads\/2020\/09\/3_Phasen_der_Menopause_Praemenopause_Perimenopause_Postmenopause-1536x668.png 1536w, https:\/\/menopearl.com\/wp-content\/uploads\/2020\/09\/3_Phasen_der_Menopause_Praemenopause_Perimenopause_Postmenopause-2048x890.png 2048w\" sizes=\"auto, (max-width: 690px) 100vw, 690px\" \/><\/figure><\/div>\n\n\n\n<p><\/p>\n<\/div><\/div>\n\n\n\n<p><strong><span class=\"has-inline-color has-purple-color\">Pr\u00e4menopause<\/span><\/strong><br>Sie beginnt ca. 5-10 Jahre vor der letzten Monatsblutung, meist zwischen dem 40. und 45. Lebensjahr. Die Hormonproduktion l\u00e4sst in dieser Phase allm\u00e4hlich nach, der Zyklus wird unregelm\u00e4\u00dfiger. Die ersten Anzeichen, beginnend um das 40. Lebens\u00adjahr, erlebt die Frau in Form von relativ schwachen Symptomen, die sie vielleicht gar nicht beachtet. Oft kommt man \u00fcberhaupt nicht auf die Idee, sie den beginnenden Wechseljahren zuzuschreiben.<\/p>\n\n\n\n<p><strong><span class=\"has-inline-color has-purple-color\">Perimenopause<\/span><\/strong><br>Sie startet ein Jahr vor und endet um das Jahr nach der letzten Monatsblutung.<\/p>\n\n\n\n<p><strong><span class=\"has-inline-color has-purple-color\">Postmenopause<\/span><\/strong><br>Sie schlie\u00dft direkt an die Perimenopause an und ist in etwa mit dem 65. Lebensjahr zu Ende. Insgesamt dauert diese Phase ca. 12 Jahre.<\/p>\n\n\n\n<div style=\"height:60px\" aria-hidden=\"true\" class=\"wp-block-spacer\"><\/div>\n\n\n\n<div class=\"wp-block-buttons aligncenter is-layout-flex wp-block-buttons-is-layout-flex\">\n<div class=\"wp-block-button buynow open-buynow-popup\"><a class=\"wp-block-button__link has-gold-from-left-gradient-background has-background\" href=\"#\" style=\"border-radius:50px\"><strong>KAUFEN<\/strong> <img loading=\"lazy\" decoding=\"async\" width=\"24\" height=\"24\" class=\"wp-image-1441\" style=\"width: 24px;\" src=\"https:\/\/menopearl.com\/wp-content\/uploads\/2020\/08\/shopping-cart-white.svg\" alt=\"\"><\/a><\/div>\n<\/div>\n\n\n\n<div style=\"height:60px\" aria-hidden=\"true\" class=\"wp-block-spacer\"><\/div>\n\n\n\n<p><\/p>\n","protected":false},"excerpt":{"rendered":"<p>DIE WECHSELJAHRE Der Beginn der Wechseljahre kann von Frau zu Frau sehr unterschiedlich sein und macht sich auf individuelle Weise bemerkbar. Diese Lebensphase verl\u00e4uft nicht bei allen Frauen nach dem selben Muster. Es l\u00e4sst sich auch kein eindeutiger Zeitpunkt fest\u00admachen, an dem die hormonelle Ver\u00e4nderung im weiblichen K\u00f6rper beginnt. Die Wechseljahre setzen nicht abrupt, sondern<a class=\"excerpt-read-more\" href=\"https:\/\/menopearl.com\/at\/meine-menopause\/die-wechseljahre\/\" title=\"ReadDie Wechseljahre\">&#8230; Read more &raquo;<\/a><\/p>\n","protected":false},"author":1,"featured_media":0,"parent":2707,"menu_order":0,"comment_status":"closed","ping_status":"closed","template":"","meta":{"_acf_changed":false,"footnotes":""},"class_list":["post-2713","page","type-page","status-publish","hentry"],"acf":[],"yoast_head":"<!-- This site is optimized with the Yoast SEO plugin v24.5 - https:\/\/yoast.com\/wordpress\/plugins\/seo\/ -->\n<title>MENOPEARL\u00ae - Wechselbeschwerden attraktiv und unbeschwert lindern<\/title>\n<meta name=\"description\" content=\"Menopearl\u00ae\u00a0- einzigartige Kombination in den Wechseljahren, die zur Linderung von Wechselbeschwerden beitr\u00e4gt und ein attraktives Aussehen unterst\u00fctzt.\" \/>\n<meta name=\"robots\" content=\"index, follow, max-snippet:-1, max-image-preview:large, max-video-preview:-1\" \/>\n<link rel=\"canonical\" href=\"https:\/\/menopearl.com\/at\/meine-menopause\/die-wechseljahre\/\" \/>\n<meta property=\"og:locale\" content=\"de_DE\" \/>\n<meta property=\"og:type\" content=\"article\" \/>\n<meta property=\"og:title\" content=\"MENOPEARL\u00ae - Wechselbeschwerden attraktiv und unbeschwert lindern\" \/>\n<meta property=\"og:description\" content=\"Menopearl\u00ae\u00a0- einzigartige Kombination in den Wechseljahren, die zur Linderung von Wechselbeschwerden beitr\u00e4gt und ein attraktives Aussehen unterst\u00fctzt.\" \/>\n<meta property=\"og:url\" content=\"https:\/\/menopearl.com\/at\/meine-menopause\/die-wechseljahre\/\" \/>\n<meta property=\"og:site_name\" content=\"MENOPEARL\u00ae\" \/>\n<meta property=\"article:modified_time\" content=\"2020-09-16T10:15:06+00:00\" \/>\n<meta name=\"twitter:card\" content=\"summary_large_image\" \/>\n<meta name=\"twitter:image\" content=\"https:\/\/menopearl.com\/at\/wp-content\/uploads\/2020\/08\/pearl.png\" \/>\n<meta name=\"twitter:label1\" content=\"Est. reading time\" \/>\n\t<meta name=\"twitter:data1\" content=\"2 minutes\" \/>\n<script type=\"application\/ld+json\" class=\"yoast-schema-graph\">{\"@context\":\"https:\/\/schema.org\",\"@graph\":[{\"@type\":\"WebPage\",\"@id\":\"https:\/\/menopearl.com\/at\/meine-menopause\/die-wechseljahre\/\",\"url\":\"https:\/\/menopearl.com\/at\/meine-menopause\/die-wechseljahre\/\",\"name\":\"MENOPEARL\u00ae - Wechselbeschwerden attraktiv und unbeschwert lindern\",\"isPartOf\":{\"@id\":\"https:\/\/menopearl.com\/#website\"},\"primaryImageOfPage\":{\"@id\":\"https:\/\/menopearl.com\/at\/meine-menopause\/die-wechseljahre\/#primaryimage\"},\"image\":{\"@id\":\"https:\/\/menopearl.com\/at\/meine-menopause\/die-wechseljahre\/#primaryimage\"},\"thumbnailUrl\":\"https:\/\/menopearl.com\/at\/wp-content\/uploads\/2020\/08\/pearl.png\",\"datePublished\":\"2016-11-28T13:16:17+00:00\",\"dateModified\":\"2020-09-16T10:15:06+00:00\",\"description\":\"Menopearl\u00ae\u00a0- einzigartige Kombination in den Wechseljahren, die zur Linderung von Wechselbeschwerden beitr\u00e4gt und ein attraktives Aussehen unterst\u00fctzt.\",\"breadcrumb\":{\"@id\":\"https:\/\/menopearl.com\/at\/meine-menopause\/die-wechseljahre\/#breadcrumb\"},\"inLanguage\":\"de-AT\",\"potentialAction\":[{\"@type\":\"ReadAction\",\"target\":[\"https:\/\/menopearl.com\/at\/meine-menopause\/die-wechseljahre\/\"]}]},{\"@type\":\"ImageObject\",\"inLanguage\":\"de-AT\",\"@id\":\"https:\/\/menopearl.com\/at\/meine-menopause\/die-wechseljahre\/#primaryimage\",\"url\":\"https:\/\/menopearl.com\/at\/wp-content\/uploads\/2020\/08\/pearl.png\",\"contentUrl\":\"https:\/\/menopearl.com\/at\/wp-content\/uploads\/2020\/08\/pearl.png\"},{\"@type\":\"BreadcrumbList\",\"@id\":\"https:\/\/menopearl.com\/at\/meine-menopause\/die-wechseljahre\/#breadcrumb\",\"itemListElement\":[{\"@type\":\"ListItem\",\"position\":1,\"name\":\"Home\",\"item\":\"https:\/\/menopearl.com\/at\/\"},{\"@type\":\"ListItem\",\"position\":2,\"name\":\"Meine Menopause\",\"item\":\"https:\/\/menopearl.com\/at\/meine-menopause\/\"},{\"@type\":\"ListItem\",\"position\":3,\"name\":\"Die Wechseljahre\"}]},{\"@type\":\"WebSite\",\"@id\":\"https:\/\/menopearl.com\/#website\",\"url\":\"https:\/\/menopearl.com\/\",\"name\":\"MENOPEARL\u00ae\",\"description\":\"Your companion during Menopause\",\"potentialAction\":[{\"@type\":\"SearchAction\",\"target\":{\"@type\":\"EntryPoint\",\"urlTemplate\":\"https:\/\/menopearl.com\/?s={search_term_string}\"},\"query-input\":{\"@type\":\"PropertyValueSpecification\",\"valueRequired\":true,\"valueName\":\"search_term_string\"}}],\"inLanguage\":\"de-AT\"}]}<\/script>\n<!-- \/ Yoast SEO plugin. -->","yoast_head_json":{"title":"MENOPEARL\u00ae - Wechselbeschwerden attraktiv und unbeschwert lindern","description":"Menopearl\u00ae\u00a0- einzigartige Kombination in den Wechseljahren, die zur Linderung von Wechselbeschwerden beitr\u00e4gt und ein attraktives Aussehen unterst\u00fctzt.","robots":{"index":"index","follow":"follow","max-snippet":"max-snippet:-1","max-image-preview":"max-image-preview:large","max-video-preview":"max-video-preview:-1"},"canonical":"https:\/\/menopearl.com\/at\/meine-menopause\/die-wechseljahre\/","og_locale":"de_DE","og_type":"article","og_title":"MENOPEARL\u00ae - Wechselbeschwerden attraktiv und unbeschwert lindern","og_description":"Menopearl\u00ae\u00a0- einzigartige Kombination in den Wechseljahren, die zur Linderung von Wechselbeschwerden beitr\u00e4gt und ein attraktives Aussehen unterst\u00fctzt.","og_url":"https:\/\/menopearl.com\/at\/meine-menopause\/die-wechseljahre\/","og_site_name":"MENOPEARL\u00ae","article_modified_time":"2020-09-16T10:15:06+00:00","twitter_card":"summary_large_image","twitter_image":"https:\/\/menopearl.com\/at\/wp-content\/uploads\/2020\/08\/pearl.png","twitter_misc":{"Est. reading time":"2 minutes"},"schema":{"@context":"https:\/\/schema.org","@graph":[{"@type":"WebPage","@id":"https:\/\/menopearl.com\/at\/meine-menopause\/die-wechseljahre\/","url":"https:\/\/menopearl.com\/at\/meine-menopause\/die-wechseljahre\/","name":"MENOPEARL\u00ae - Wechselbeschwerden attraktiv und unbeschwert lindern","isPartOf":{"@id":"https:\/\/menopearl.com\/#website"},"primaryImageOfPage":{"@id":"https:\/\/menopearl.com\/at\/meine-menopause\/die-wechseljahre\/#primaryimage"},"image":{"@id":"https:\/\/menopearl.com\/at\/meine-menopause\/die-wechseljahre\/#primaryimage"},"thumbnailUrl":"https:\/\/menopearl.com\/at\/wp-content\/uploads\/2020\/08\/pearl.png","datePublished":"2016-11-28T13:16:17+00:00","dateModified":"2020-09-16T10:15:06+00:00","description":"Menopearl\u00ae\u00a0- einzigartige Kombination in den Wechseljahren, die zur Linderung von Wechselbeschwerden beitr\u00e4gt und ein attraktives Aussehen unterst\u00fctzt.","breadcrumb":{"@id":"https:\/\/menopearl.com\/at\/meine-menopause\/die-wechseljahre\/#breadcrumb"},"inLanguage":"de-AT","potentialAction":[{"@type":"ReadAction","target":["https:\/\/menopearl.com\/at\/meine-menopause\/die-wechseljahre\/"]}]},{"@type":"ImageObject","inLanguage":"de-AT","@id":"https:\/\/menopearl.com\/at\/meine-menopause\/die-wechseljahre\/#primaryimage","url":"https:\/\/menopearl.com\/at\/wp-content\/uploads\/2020\/08\/pearl.png","contentUrl":"https:\/\/menopearl.com\/at\/wp-content\/uploads\/2020\/08\/pearl.png"},{"@type":"BreadcrumbList","@id":"https:\/\/menopearl.com\/at\/meine-menopause\/die-wechseljahre\/#breadcrumb","itemListElement":[{"@type":"ListItem","position":1,"name":"Home","item":"https:\/\/menopearl.com\/at\/"},{"@type":"ListItem","position":2,"name":"Meine Menopause","item":"https:\/\/menopearl.com\/at\/meine-menopause\/"},{"@type":"ListItem","position":3,"name":"Die Wechseljahre"}]},{"@type":"WebSite","@id":"https:\/\/menopearl.com\/#website","url":"https:\/\/menopearl.com\/","name":"MENOPEARL\u00ae","description":"Your companion during Menopause","potentialAction":[{"@type":"SearchAction","target":{"@type":"EntryPoint","urlTemplate":"https:\/\/menopearl.com\/?s={search_term_string}"},"query-input":{"@type":"PropertyValueSpecification","valueRequired":true,"valueName":"search_term_string"}}],"inLanguage":"de-AT"}]}},"_links":{"self":[{"href":"https:\/\/menopearl.com\/at\/wp-json\/wp\/v2\/pages\/2713","targetHints":{"allow":["GET"]}}],"collection":[{"href":"https:\/\/menopearl.com\/at\/wp-json\/wp\/v2\/pages"}],"about":[{"href":"https:\/\/menopearl.com\/at\/wp-json\/wp\/v2\/types\/page"}],"author":[{"embeddable":true,"href":"https:\/\/menopearl.com\/at\/wp-json\/wp\/v2\/users\/1"}],"replies":[{"embeddable":true,"href":"https:\/\/menopearl.com\/at\/wp-json\/wp\/v2\/comments?post=2713"}],"version-history":[{"count":2,"href":"https:\/\/menopearl.com\/at\/wp-json\/wp\/v2\/pages\/2713\/revisions"}],"predecessor-version":[{"id":2836,"href":"https:\/\/menopearl.com\/at\/wp-json\/wp\/v2\/pages\/2713\/revisions\/2836"}],"up":[{"embeddable":true,"href":"https:\/\/menopearl.com\/at\/wp-json\/wp\/v2\/pages\/2707"}],"wp:attachment":[{"href":"https:\/\/menopearl.com\/at\/wp-json\/wp\/v2\/media?parent=2713"}],"curies":[{"name":"wp","href":"https:\/\/api.w.org\/{rel}","templated":true}]}}