{"id":2711,"date":"2016-11-28T14:28:53","date_gmt":"2016-11-28T13:28:53","guid":{"rendered":"https:\/\/menopearl.com\/meine-menopause\/beschwerden-in-den-wechseljahren"},"modified":"2020-09-16T12:14:25","modified_gmt":"2020-09-16T10:14:25","slug":"beschwerden-in-den-wechseljahren","status":"publish","type":"page","link":"https:\/\/menopearl.com\/at\/meine-menopause\/beschwerden-in-den-wechseljahren\/","title":{"rendered":"Beschwerden in den Wechseljahren"},"content":{"rendered":"\n<div class=\"wp-block-cover alignfull is-position-center-center menopearl-page-header\" style=\"background-image:url(https:\/\/menopearl.com\/wp-content\/uploads\/2020\/09\/page-header-bg-scaled.jpg);background-position:50% 50%\"><div class=\"wp-block-cover__inner-container is-layout-flow wp-block-cover-is-layout-flow\">\n<p class=\"has-text-align-center has-white-color has-text-color\">\u00abICH STEH\u2019 MITTEN IM LEBEN. <br><strong>ABER IN LETZTER ZEIT MANCHMAL NEBEN MIR.<\/strong>\u00bb<\/p>\n\n\n\n<div class=\"wp-block-image show-for-medium\"><figure class=\"aligncenter size-large is-resized\"><img loading=\"lazy\" decoding=\"async\" src=\"https:\/\/menopearl.com\/at\/wp-content\/uploads\/2020\/08\/pearl.png\" alt=\"\" class=\"wp-image-2625\" width=\"72\" height=\"72\" srcset=\"https:\/\/menopearl.com\/wp-content\/uploads\/2020\/08\/pearl.png 288w, https:\/\/menopearl.com\/wp-content\/uploads\/2020\/08\/pearl-150x150.png 150w, https:\/\/menopearl.com\/wp-content\/uploads\/2020\/08\/pearl-125x125.png 125w\" sizes=\"auto, (max-width: 72px) 100vw, 72px\" \/><\/figure><\/div>\n<\/div><\/div>\n\n\n\n<h1 class=\"has-text-align-center has-purple-color has-text-color wp-block-heading\">BESCHWERDEN IN DEN WECHSELJAHREN<\/h1>\n\n\n\n<p class=\"has-purple-color has-text-color\"><strong>Frauen in den Wechseljahren sind im Zuge der Hormon\u00adumstellung von k\u00f6rperlichen Beschwerden betroffen, die ihre Lebensqualit\u00e4t stark beeintr\u00e4chtigen k\u00f6nnen.<\/strong><\/p>\n\n\n\n<div class=\"wp-block-columns are-vertically-aligned-center is-layout-flex wp-container-core-columns-is-layout-1 wp-block-columns-is-layout-flex\">\n<div class=\"wp-block-column is-vertically-aligned-center is-layout-flow wp-block-column-is-layout-flow\">\n<p>Diese hormonelle \u00dcbergangszeit kann dazu f\u00fchren, dass K\u00f6rper und Psyche aus dem Gleichgewicht geraten. Die bekanntesten Symptome sind sicherlich Hitze\u00adwallungen und Schwei\u00dfausbr\u00fcche, begleitet von Herzrasen und anschlie\u00dfendem K\u00e4lte\u00adgef\u00fchl. Meist treten diese Beschwerden in der Nacht auf und f\u00fchren zu Schlafst\u00f6rungen.<\/p>\n\n\n\n<p>Viele Frauen bemerken aber auch eine Ver\u00e4nderung ihrer Stimmungslage. Sie erkennen sich oft nicht wieder und erleben Reizbarkeit, Aggression, Antriebslosigkeit, Angstzust\u00e4nde, Konzentrations\u00adschw\u00e4che und Leistungsabfall.<\/p>\n\n\n\n<p>Die Wechseljahre sind auch dadurch gekennzeichnet, dass die Alterung der Haut zunimmt und ihre Elastizit\u00e4t verloren geht. Man bemerkt zunehmend Falten, die Haut wird trockener und d\u00fcnner. Es bleiben auch mehr Haare in der B\u00fcrste h\u00e4ngen als fr\u00fcher, au\u00dferdem werden sie spr\u00f6der und d\u00fcnner. Aber auch das geh\u00f6rt zum nat\u00fcrlichen Alterungsprozess.<\/p>\n\n\n\n<p>Die gute Nachricht ist, dass nicht alle Frauen unter allen Symptomen leiden. Die H\u00e4ufigkeit und auch die Intensit\u00e4t der Wechselbeschwerden sind von Frau zu Frau sehr unterschiedlich ausgepr\u00e4gt.<\/p>\n<\/div>\n\n\n\n<div class=\"wp-block-column is-vertically-aligned-center is-layout-flow wp-block-column-is-layout-flow\">\n<div class=\"wp-block-image\"><figure class=\"aligncenter size-full is-resized\"><img loading=\"lazy\" decoding=\"async\" src=\"https:\/\/menopearl.com\/at\/wp-content\/uploads\/2020\/09\/Wechselbeschwerden_Beschwerdebilder.png\" alt=\"Wechselbeschwerden im \u00dcberblick\" class=\"wp-image-2712\" width=\"488\" height=\"354\" srcset=\"https:\/\/menopearl.com\/wp-content\/uploads\/2020\/09\/Wechselbeschwerden_Beschwerdebilder.png 651w, https:\/\/menopearl.com\/wp-content\/uploads\/2020\/09\/Wechselbeschwerden_Beschwerdebilder-300x218.png 300w\" sizes=\"auto, (max-width: 488px) 100vw, 488px\" \/><\/figure><\/div>\n<\/div>\n<\/div>\n\n\n\n<div style=\"height:60px\" aria-hidden=\"true\" class=\"wp-block-spacer\"><\/div>\n\n\n\n<div class=\"wp-block-buttons aligncenter is-layout-flex wp-block-buttons-is-layout-flex\">\n<div class=\"wp-block-button buynow open-buynow-popup\"><a class=\"wp-block-button__link has-gold-from-left-gradient-background has-background\" href=\"#\" style=\"border-radius:50px\"><strong>KAUFEN<\/strong> <img loading=\"lazy\" decoding=\"async\" width=\"24\" height=\"24\" class=\"wp-image-1441\" style=\"width: 24px;\" src=\"https:\/\/menopearl.com\/wp-content\/uploads\/2020\/08\/shopping-cart-white.svg\" alt=\"\"><\/a><\/div>\n<\/div>\n\n\n\n<div style=\"height:60px\" aria-hidden=\"true\" class=\"wp-block-spacer\"><\/div>\n\n\n\n<div class=\"wp-block-group alignfull has-white-color has-purple-background-color has-text-color has-background\"><div class=\"wp-block-group__inner-container is-layout-flow wp-block-group-is-layout-flow\">\n<h3 class=\"has-text-align-center wp-block-heading\"><strong>WECHSELBESCHWERDEN<\/strong><\/h3>\n\n\n\n<ul class=\"wp-block-list\"><li>Leistungsabfall, Konzentrationsschw\u00e4che,&nbsp;M\u00fcdigkeit, Schlafst\u00f6rungen\/Schlaflosigkeit, Stimmungsschwankungen, Reizbarkeit, depressive Verstimmung und Angstzust\u00e4nde<\/li><li>Hitzewallungen, Schwei\u00dfausbr\u00fcche, Nachtschwitzen, ver\u00e4nderte K\u00f6rperfettverteilung, Gewichtszunahme<\/li><li>Trockenheit der Haut und Schleimh\u00e4ute (z.B. trockene Scheide, trockenes Auge), Schmerzen beim Geschlechtsverkehr, Libidoverlust, Gelenksbeschwerden<\/li><\/ul>\n<\/div><\/div>\n","protected":false},"excerpt":{"rendered":"<p>BESCHWERDEN IN DEN WECHSELJAHREN Frauen in den Wechseljahren sind im Zuge der Hormon\u00adumstellung von k\u00f6rperlichen Beschwerden betroffen, die ihre Lebensqualit\u00e4t stark beeintr\u00e4chtigen k\u00f6nnen. Diese hormonelle \u00dcbergangszeit kann dazu f\u00fchren, dass K\u00f6rper und Psyche aus dem Gleichgewicht geraten. Die bekanntesten Symptome sind sicherlich Hitze\u00adwallungen und Schwei\u00dfausbr\u00fcche, begleitet von Herzrasen und anschlie\u00dfendem K\u00e4lte\u00adgef\u00fchl. Meist treten diese Beschwerden<a class=\"excerpt-read-more\" href=\"https:\/\/menopearl.com\/at\/meine-menopause\/beschwerden-in-den-wechseljahren\/\" title=\"ReadBeschwerden in den Wechseljahren\">&#8230; Read more &raquo;<\/a><\/p>\n","protected":false},"author":1,"featured_media":0,"parent":2707,"menu_order":0,"comment_status":"closed","ping_status":"closed","template":"","meta":{"_acf_changed":false,"footnotes":""},"class_list":["post-2711","page","type-page","status-publish","hentry"],"acf":[],"yoast_head":"<!-- This site is optimized with the Yoast SEO plugin v24.5 - https:\/\/yoast.com\/wordpress\/plugins\/seo\/ -->\n<title>MENOPEARL\u00ae - Wechselbeschwerden attraktiv und unbeschwert lindern<\/title>\n<meta name=\"description\" content=\"Menopearl\u00ae\u00a0- einzigartige Kombination in den Wechseljahren, die zur Linderung von Wechselbeschwerden beitr\u00e4gt und ein attraktives Aussehen unterst\u00fctzt.\" \/>\n<meta name=\"robots\" content=\"index, follow, max-snippet:-1, max-image-preview:large, max-video-preview:-1\" \/>\n<link rel=\"canonical\" href=\"https:\/\/menopearl.com\/at\/meine-menopause\/beschwerden-in-den-wechseljahren\/\" \/>\n<meta property=\"og:locale\" content=\"de_DE\" \/>\n<meta property=\"og:type\" content=\"article\" \/>\n<meta property=\"og:title\" content=\"MENOPEARL\u00ae - Wechselbeschwerden attraktiv und unbeschwert lindern\" \/>\n<meta property=\"og:description\" content=\"Menopearl\u00ae\u00a0- einzigartige Kombination in den Wechseljahren, die zur Linderung von Wechselbeschwerden beitr\u00e4gt und ein attraktives Aussehen unterst\u00fctzt.\" \/>\n<meta property=\"og:url\" content=\"https:\/\/menopearl.com\/at\/meine-menopause\/beschwerden-in-den-wechseljahren\/\" \/>\n<meta property=\"og:site_name\" content=\"MENOPEARL\u00ae\" \/>\n<meta property=\"article:modified_time\" content=\"2020-09-16T10:14:25+00:00\" \/>\n<meta property=\"og:image\" content=\"https:\/\/menopearl.com\/at\/wp-content\/uploads\/2020\/08\/pearl.png\" \/>\n<meta name=\"twitter:card\" content=\"summary_large_image\" \/>\n<meta name=\"twitter:label1\" content=\"Est. reading time\" \/>\n\t<meta name=\"twitter:data1\" content=\"1 minute\" \/>\n<script type=\"application\/ld+json\" class=\"yoast-schema-graph\">{\"@context\":\"https:\/\/schema.org\",\"@graph\":[{\"@type\":\"WebPage\",\"@id\":\"https:\/\/menopearl.com\/at\/meine-menopause\/beschwerden-in-den-wechseljahren\/\",\"url\":\"https:\/\/menopearl.com\/at\/meine-menopause\/beschwerden-in-den-wechseljahren\/\",\"name\":\"MENOPEARL\u00ae - Wechselbeschwerden attraktiv und unbeschwert lindern\",\"isPartOf\":{\"@id\":\"https:\/\/menopearl.com\/#website\"},\"primaryImageOfPage\":{\"@id\":\"https:\/\/menopearl.com\/at\/meine-menopause\/beschwerden-in-den-wechseljahren\/#primaryimage\"},\"image\":{\"@id\":\"https:\/\/menopearl.com\/at\/meine-menopause\/beschwerden-in-den-wechseljahren\/#primaryimage\"},\"thumbnailUrl\":\"https:\/\/menopearl.com\/at\/wp-content\/uploads\/2020\/08\/pearl.png\",\"datePublished\":\"2016-11-28T13:28:53+00:00\",\"dateModified\":\"2020-09-16T10:14:25+00:00\",\"description\":\"Menopearl\u00ae\u00a0- einzigartige Kombination in den Wechseljahren, die zur Linderung von Wechselbeschwerden beitr\u00e4gt und ein attraktives Aussehen unterst\u00fctzt.\",\"breadcrumb\":{\"@id\":\"https:\/\/menopearl.com\/at\/meine-menopause\/beschwerden-in-den-wechseljahren\/#breadcrumb\"},\"inLanguage\":\"de-AT\",\"potentialAction\":[{\"@type\":\"ReadAction\",\"target\":[\"https:\/\/menopearl.com\/at\/meine-menopause\/beschwerden-in-den-wechseljahren\/\"]}]},{\"@type\":\"ImageObject\",\"inLanguage\":\"de-AT\",\"@id\":\"https:\/\/menopearl.com\/at\/meine-menopause\/beschwerden-in-den-wechseljahren\/#primaryimage\",\"url\":\"https:\/\/menopearl.com\/at\/wp-content\/uploads\/2020\/08\/pearl.png\",\"contentUrl\":\"https:\/\/menopearl.com\/at\/wp-content\/uploads\/2020\/08\/pearl.png\"},{\"@type\":\"BreadcrumbList\",\"@id\":\"https:\/\/menopearl.com\/at\/meine-menopause\/beschwerden-in-den-wechseljahren\/#breadcrumb\",\"itemListElement\":[{\"@type\":\"ListItem\",\"position\":1,\"name\":\"Home\",\"item\":\"https:\/\/menopearl.com\/at\/\"},{\"@type\":\"ListItem\",\"position\":2,\"name\":\"Meine Menopause\",\"item\":\"https:\/\/menopearl.com\/at\/meine-menopause\/\"},{\"@type\":\"ListItem\",\"position\":3,\"name\":\"Beschwerden in den Wechseljahren\"}]},{\"@type\":\"WebSite\",\"@id\":\"https:\/\/menopearl.com\/#website\",\"url\":\"https:\/\/menopearl.com\/\",\"name\":\"MENOPEARL\u00ae\",\"description\":\"Your companion during Menopause\",\"potentialAction\":[{\"@type\":\"SearchAction\",\"target\":{\"@type\":\"EntryPoint\",\"urlTemplate\":\"https:\/\/menopearl.com\/?s={search_term_string}\"},\"query-input\":{\"@type\":\"PropertyValueSpecification\",\"valueRequired\":true,\"valueName\":\"search_term_string\"}}],\"inLanguage\":\"de-AT\"}]}<\/script>\n<!-- \/ Yoast SEO plugin. -->","yoast_head_json":{"title":"MENOPEARL\u00ae - Wechselbeschwerden attraktiv und unbeschwert lindern","description":"Menopearl\u00ae\u00a0- einzigartige Kombination in den Wechseljahren, die zur Linderung von Wechselbeschwerden beitr\u00e4gt und ein attraktives Aussehen unterst\u00fctzt.","robots":{"index":"index","follow":"follow","max-snippet":"max-snippet:-1","max-image-preview":"max-image-preview:large","max-video-preview":"max-video-preview:-1"},"canonical":"https:\/\/menopearl.com\/at\/meine-menopause\/beschwerden-in-den-wechseljahren\/","og_locale":"de_DE","og_type":"article","og_title":"MENOPEARL\u00ae - Wechselbeschwerden attraktiv und unbeschwert lindern","og_description":"Menopearl\u00ae\u00a0- einzigartige Kombination in den Wechseljahren, die zur Linderung von Wechselbeschwerden beitr\u00e4gt und ein attraktives Aussehen unterst\u00fctzt.","og_url":"https:\/\/menopearl.com\/at\/meine-menopause\/beschwerden-in-den-wechseljahren\/","og_site_name":"MENOPEARL\u00ae","article_modified_time":"2020-09-16T10:14:25+00:00","og_image":[{"url":"https:\/\/menopearl.com\/at\/wp-content\/uploads\/2020\/08\/pearl.png","type":"","width":"","height":""}],"twitter_card":"summary_large_image","twitter_misc":{"Est. reading time":"1 minute"},"schema":{"@context":"https:\/\/schema.org","@graph":[{"@type":"WebPage","@id":"https:\/\/menopearl.com\/at\/meine-menopause\/beschwerden-in-den-wechseljahren\/","url":"https:\/\/menopearl.com\/at\/meine-menopause\/beschwerden-in-den-wechseljahren\/","name":"MENOPEARL\u00ae - Wechselbeschwerden attraktiv und unbeschwert lindern","isPartOf":{"@id":"https:\/\/menopearl.com\/#website"},"primaryImageOfPage":{"@id":"https:\/\/menopearl.com\/at\/meine-menopause\/beschwerden-in-den-wechseljahren\/#primaryimage"},"image":{"@id":"https:\/\/menopearl.com\/at\/meine-menopause\/beschwerden-in-den-wechseljahren\/#primaryimage"},"thumbnailUrl":"https:\/\/menopearl.com\/at\/wp-content\/uploads\/2020\/08\/pearl.png","datePublished":"2016-11-28T13:28:53+00:00","dateModified":"2020-09-16T10:14:25+00:00","description":"Menopearl\u00ae\u00a0- einzigartige Kombination in den Wechseljahren, die zur Linderung von Wechselbeschwerden beitr\u00e4gt und ein attraktives Aussehen unterst\u00fctzt.","breadcrumb":{"@id":"https:\/\/menopearl.com\/at\/meine-menopause\/beschwerden-in-den-wechseljahren\/#breadcrumb"},"inLanguage":"de-AT","potentialAction":[{"@type":"ReadAction","target":["https:\/\/menopearl.com\/at\/meine-menopause\/beschwerden-in-den-wechseljahren\/"]}]},{"@type":"ImageObject","inLanguage":"de-AT","@id":"https:\/\/menopearl.com\/at\/meine-menopause\/beschwerden-in-den-wechseljahren\/#primaryimage","url":"https:\/\/menopearl.com\/at\/wp-content\/uploads\/2020\/08\/pearl.png","contentUrl":"https:\/\/menopearl.com\/at\/wp-content\/uploads\/2020\/08\/pearl.png"},{"@type":"BreadcrumbList","@id":"https:\/\/menopearl.com\/at\/meine-menopause\/beschwerden-in-den-wechseljahren\/#breadcrumb","itemListElement":[{"@type":"ListItem","position":1,"name":"Home","item":"https:\/\/menopearl.com\/at\/"},{"@type":"ListItem","position":2,"name":"Meine Menopause","item":"https:\/\/menopearl.com\/at\/meine-menopause\/"},{"@type":"ListItem","position":3,"name":"Beschwerden in den Wechseljahren"}]},{"@type":"WebSite","@id":"https:\/\/menopearl.com\/#website","url":"https:\/\/menopearl.com\/","name":"MENOPEARL\u00ae","description":"Your companion during Menopause","potentialAction":[{"@type":"SearchAction","target":{"@type":"EntryPoint","urlTemplate":"https:\/\/menopearl.com\/?s={search_term_string}"},"query-input":{"@type":"PropertyValueSpecification","valueRequired":true,"valueName":"search_term_string"}}],"inLanguage":"de-AT"}]}},"_links":{"self":[{"href":"https:\/\/menopearl.com\/at\/wp-json\/wp\/v2\/pages\/2711","targetHints":{"allow":["GET"]}}],"collection":[{"href":"https:\/\/menopearl.com\/at\/wp-json\/wp\/v2\/pages"}],"about":[{"href":"https:\/\/menopearl.com\/at\/wp-json\/wp\/v2\/types\/page"}],"author":[{"embeddable":true,"href":"https:\/\/menopearl.com\/at\/wp-json\/wp\/v2\/users\/1"}],"replies":[{"embeddable":true,"href":"https:\/\/menopearl.com\/at\/wp-json\/wp\/v2\/comments?post=2711"}],"version-history":[{"count":2,"href":"https:\/\/menopearl.com\/at\/wp-json\/wp\/v2\/pages\/2711\/revisions"}],"predecessor-version":[{"id":2826,"href":"https:\/\/menopearl.com\/at\/wp-json\/wp\/v2\/pages\/2711\/revisions\/2826"}],"up":[{"embeddable":true,"href":"https:\/\/menopearl.com\/at\/wp-json\/wp\/v2\/pages\/2707"}],"wp:attachment":[{"href":"https:\/\/menopearl.com\/at\/wp-json\/wp\/v2\/media?parent=2711"}],"curies":[{"name":"wp","href":"https:\/\/api.w.org\/{rel}","templated":true}]}}