{"id":2705,"date":"2016-11-28T17:18:36","date_gmt":"2016-11-28T16:18:36","guid":{"rendered":"https:\/\/menopearl.com\/mein-menopearl\/isoflavone-sind-keine-hormone"},"modified":"2020-09-16T12:13:44","modified_gmt":"2020-09-16T10:13:44","slug":"isoflavone-sind-keine-hormone","status":"publish","type":"page","link":"https:\/\/menopearl.com\/at\/mein-menopearl\/isoflavone-sind-keine-hormone\/","title":{"rendered":"Isoflavone keine Hormone"},"content":{"rendered":"\n<div class=\"wp-block-cover alignfull is-position-center-center menopearl-page-header\" style=\"background-image:url(https:\/\/menopearl.com\/wp-content\/uploads\/2020\/09\/page-header-bg-scaled.jpg);background-position:50% 50%\"><div class=\"wp-block-cover__inner-container is-layout-flow wp-block-cover-is-layout-flow\">\n<p class=\"has-text-align-center has-white-color has-text-color\">\u00abICH WAR IMMER EINE LEIDENSCHAFTLICHE FRAU. <br><strong>IN LETZTER ZEIT F\u00dcHL\u2019 ICH MICH MANCHMAL ETWAS LUSTLOS<\/strong>.\u00bb<\/p>\n\n\n\n<div class=\"wp-block-image show-for-medium\"><figure class=\"aligncenter size-large is-resized\"><img loading=\"lazy\" decoding=\"async\" src=\"https:\/\/menopearl.com\/at\/wp-content\/uploads\/2020\/08\/pearl.png\" alt=\"\" class=\"wp-image-2625\" width=\"72\" height=\"72\" srcset=\"https:\/\/menopearl.com\/wp-content\/uploads\/2020\/08\/pearl.png 288w, https:\/\/menopearl.com\/wp-content\/uploads\/2020\/08\/pearl-150x150.png 150w, https:\/\/menopearl.com\/wp-content\/uploads\/2020\/08\/pearl-125x125.png 125w\" sizes=\"auto, (max-width: 72px) 100vw, 72px\" \/><\/figure><\/div>\n<\/div><\/div>\n\n\n\n<h1 class=\"has-text-align-center has-purple-color has-text-color wp-block-heading\"><strong>ISOFLAVONE SIND KEINE HORMONE<\/strong><br>WAS SIND EIGENTLICH ISOFLAVONE&nbsp;?<\/h1>\n\n\n\n<p>Isoflavone sind rein pflanzliche Stoffe mit einer \u00f6strogen-\u00e4hnlichen Struktur. Sie k\u00f6nnen an den menschlichen \u00d6strogen-Rezeptoren sowohl \u00f6strogenartige als auch anti-\u00f6strogenartige Effekte im K\u00f6rper erzielen. Dies ist abh\u00e4ngig vom \u00d6strogenspiegel und der Menopause-Phase, in der sich die Frau gerade befindet:<\/p>\n\n\n\n<ul class=\"wp-block-list\"><li>Bei \u00d6strogenmangel docken die Isoflavone an die \u00d6strogenrezeptoren an und rufen dort \u00e4hnliche Effekte wie die k\u00f6rpereigenen weiblichen Hormone hervor, jedoch in abgeschw\u00e4chter Form.<\/li><li>Bei einem erh\u00f6hten \u00d6strogengehalt werden diese Rezeptoren ebenfalls besetzt. In diesem Fall k\u00f6nnen die k\u00f6rpereigenen \u00d6strogene jedoch nicht mehr an die Rezeptoren andocken.<\/li><\/ul>\n\n\n\n<p>So k\u00f6nnen Isoflavone die hormonellen Vorg\u00e4nge im weiblichen K\u00f6rper positiv beeinflussen. Sie spielen in allen drei Phasen der Wechseljahre eine wichtige Rolle. Die Einnahme von Isoflavonen ist bereits in der fr\u00fchen Phase ratsam, denn sie k\u00f6nnen verhindern, dass die \u00d6strogenrezeptoren mit Fortschreiten des Wechsels nach und nach verk\u00fcmmern.<\/p>\n\n\n\n<p>Isoflavone k\u00f6nnen den weiblichen K\u00f6rper zudem vor Langzeit\u00adfolgen sch\u00fctzen, weil sie das Risiko f\u00fcr z.B. Osteoporose und Herz-Kreislauf-Erkrankungen senken k\u00f6nnen.<\/p>\n\n\n\n<div class=\"wp-block-cover alignfull has-purple-background-color has-background-dim is-position-center-center\"><div class=\"wp-block-cover__inner-container is-layout-flow wp-block-cover-is-layout-flow\">\n<div style=\"height:30px\" aria-hidden=\"true\" class=\"wp-block-spacer\"><\/div>\n\n\n\n<h4 class=\"has-text-align-center has-white-color has-text-color wp-block-heading\"><strong>MENOPEARL<sup>\u00ae<\/sup> VON ANFANG AN<\/strong><\/h4>\n\n\n\n<div class=\"wp-block-image size-large wp-image-2706\"><figure class=\"aligncenter size-full is-resized\"><img loading=\"lazy\" decoding=\"async\" src=\"https:\/\/menopearl.com\/at\/wp-content\/uploads\/2016\/11\/menopearl-von-anfang-an.png\" alt=\"Modifiziert nach: Kuhl H (2001) und Randolph JF et al (2011)\" class=\"wp-image-2706\" width=\"472\" height=\"287\" srcset=\"https:\/\/menopearl.com\/wp-content\/uploads\/2016\/11\/menopearl-von-anfang-an.png 1200w, https:\/\/menopearl.com\/wp-content\/uploads\/2016\/11\/menopearl-von-anfang-an-300x183.png 300w, https:\/\/menopearl.com\/wp-content\/uploads\/2016\/11\/menopearl-von-anfang-an-768x467.png 768w, https:\/\/menopearl.com\/wp-content\/uploads\/2016\/11\/menopearl-von-anfang-an-1024x623.png 1024w\" sizes=\"auto, (max-width: 472px) 100vw, 472px\" \/><figcaption><span class=\"has-inline-color has-white-color\">Modifiziert nach: Kuhl H (2001) und Randolph JF et al (2011)<\/span><\/figcaption><\/figure><\/div>\n<\/div><\/div>\n\n\n\n<div class=\"wp-block-image\"><figure class=\"aligncenter size-full is-resized\"><img loading=\"lazy\" decoding=\"async\" src=\"https:\/\/menopearl.com\/wp-content\/uploads\/2016\/11\/redclover_my_menopearl_Freisteller_2.png\" alt=\"\" class=\"wp-image-652\" width=\"512\" height=\"194\" srcset=\"https:\/\/menopearl.com\/wp-content\/uploads\/2016\/11\/redclover_my_menopearl_Freisteller_2.png 1024w, https:\/\/menopearl.com\/wp-content\/uploads\/2016\/11\/redclover_my_menopearl_Freisteller_2-300x113.png 300w, https:\/\/menopearl.com\/wp-content\/uploads\/2016\/11\/redclover_my_menopearl_Freisteller_2-768x290.png 768w\" sizes=\"auto, (max-width: 512px) 100vw, 512px\" \/><\/figure><\/div>\n\n\n\n<h3 class=\"has-text-align-center has-purple-color has-text-color wp-block-heading\">MF11RCE\u00ae IST SICHER IN DER LANGZEITEINNAHME:<\/h3>\n\n\n\n<div class=\"wp-block-group has-white-color has-purple-background-color has-text-color has-background\"><div class=\"wp-block-group__inner-container is-layout-flow wp-block-group-is-layout-flow\">\n<ul class=\"wp-block-list\"><li>Die Sicherheit, Wirksamkeit und Vertr\u00e4glichkeit von MF11RCE\u00ae wurde umfangreich gepr\u00fcft und best\u00e4tigt.<\/li><li>MF11RCE\u00ae ist rein pflanzlich und sehr gut vertr\u00e4glich.<\/li><li>Die Europ\u00e4ische Beh\u00f6rde f\u00fcr Lebensmittelsicherheit (EFSA) best\u00e4tigt die Sicherheit von Isoflavonen in der Langzeiteinnahme.<\/li><li>Isoflavone werden von der \u00f6sterreichischen Menopausegesellschaft f\u00fcr die Therapie von Wechselbeschwerden empfohlen.<\/li><\/ul>\n<\/div><\/div>\n\n\n\n<div style=\"height:60px\" aria-hidden=\"true\" class=\"wp-block-spacer\"><\/div>\n\n\n\n<div class=\"wp-block-buttons aligncenter is-layout-flex wp-block-buttons-is-layout-flex\">\n<div class=\"wp-block-button buynow open-buynow-popup\"><a class=\"wp-block-button__link has-gold-from-left-gradient-background has-background\" href=\"#\" style=\"border-radius:50px\"><strong>KAUFEN<\/strong> <img loading=\"lazy\" decoding=\"async\" width=\"24\" height=\"24\" class=\"wp-image-1441\" style=\"width: 24px;\" src=\"https:\/\/menopearl.com\/wp-content\/uploads\/2020\/08\/shopping-cart-white.svg\" alt=\"\"><\/a><\/div>\n<\/div>\n\n\n\n<div style=\"height:60px\" aria-hidden=\"true\" class=\"wp-block-spacer\"><\/div>\n\n\n\n<p><\/p>\n","protected":false},"excerpt":{"rendered":"<p>ISOFLAVONE SIND KEINE HORMONEWAS SIND EIGENTLICH ISOFLAVONE&nbsp;? Isoflavone sind rein pflanzliche Stoffe mit einer \u00f6strogen-\u00e4hnlichen Struktur. Sie k\u00f6nnen an den menschlichen \u00d6strogen-Rezeptoren sowohl \u00f6strogenartige als auch anti-\u00f6strogenartige Effekte im K\u00f6rper erzielen. Dies ist abh\u00e4ngig vom \u00d6strogenspiegel und der Menopause-Phase, in der sich die Frau gerade befindet: Bei \u00d6strogenmangel docken die Isoflavone an die \u00d6strogenrezeptoren an<a class=\"excerpt-read-more\" href=\"https:\/\/menopearl.com\/at\/mein-menopearl\/isoflavone-sind-keine-hormone\/\" title=\"ReadIsoflavone keine Hormone\">&#8230; Read more &raquo;<\/a><\/p>\n","protected":false},"author":1,"featured_media":0,"parent":2657,"menu_order":3,"comment_status":"closed","ping_status":"closed","template":"","meta":{"_acf_changed":false,"footnotes":""},"class_list":["post-2705","page","type-page","status-publish","hentry"],"acf":[],"yoast_head":"<!-- This site is optimized with the Yoast SEO plugin v24.5 - https:\/\/yoast.com\/wordpress\/plugins\/seo\/ -->\n<title>MENOPEARL\u00ae - Wechselbeschwerden hormonfrei lindern<\/title>\n<meta name=\"description\" content=\"Menopearl\u00ae enth\u00e4lt den speziellen Isoflavon-Extrakt MF11RCE\u00ae sowie als besonderes Plus eine niedermolekulare Hyalurons\u00e4ure und ist damit v\u00f6llig hormonfrei.\" \/>\n<meta name=\"robots\" content=\"index, follow, max-snippet:-1, max-image-preview:large, max-video-preview:-1\" \/>\n<link rel=\"canonical\" href=\"https:\/\/menopearl.com\/at\/mein-menopearl\/isoflavone-sind-keine-hormone\/\" \/>\n<meta property=\"og:locale\" content=\"de_DE\" \/>\n<meta property=\"og:type\" content=\"article\" \/>\n<meta property=\"og:title\" content=\"MENOPEARL\u00ae - Wechselbeschwerden hormonfrei lindern\" \/>\n<meta property=\"og:description\" content=\"Menopearl\u00ae enth\u00e4lt den speziellen Isoflavon-Extrakt MF11RCE\u00ae sowie als besonderes Plus eine niedermolekulare Hyalurons\u00e4ure und ist damit v\u00f6llig hormonfrei.\" \/>\n<meta property=\"og:url\" content=\"https:\/\/menopearl.com\/at\/mein-menopearl\/isoflavone-sind-keine-hormone\/\" \/>\n<meta property=\"og:site_name\" content=\"MENOPEARL\u00ae\" \/>\n<meta property=\"article:modified_time\" content=\"2020-09-16T10:13:44+00:00\" \/>\n<meta property=\"og:image\" content=\"https:\/\/menopearl.com\/at\/wp-content\/uploads\/2020\/08\/pearl.png\" \/>\n<meta name=\"twitter:card\" content=\"summary_large_image\" \/>\n<meta name=\"twitter:label1\" content=\"Est. reading time\" \/>\n\t<meta name=\"twitter:data1\" content=\"1 minute\" \/>\n<script type=\"application\/ld+json\" class=\"yoast-schema-graph\">{\"@context\":\"https:\/\/schema.org\",\"@graph\":[{\"@type\":\"WebPage\",\"@id\":\"https:\/\/menopearl.com\/at\/mein-menopearl\/isoflavone-sind-keine-hormone\/\",\"url\":\"https:\/\/menopearl.com\/at\/mein-menopearl\/isoflavone-sind-keine-hormone\/\",\"name\":\"MENOPEARL\u00ae - Wechselbeschwerden hormonfrei lindern\",\"isPartOf\":{\"@id\":\"https:\/\/menopearl.com\/#website\"},\"primaryImageOfPage\":{\"@id\":\"https:\/\/menopearl.com\/at\/mein-menopearl\/isoflavone-sind-keine-hormone\/#primaryimage\"},\"image\":{\"@id\":\"https:\/\/menopearl.com\/at\/mein-menopearl\/isoflavone-sind-keine-hormone\/#primaryimage\"},\"thumbnailUrl\":\"https:\/\/menopearl.com\/at\/wp-content\/uploads\/2020\/08\/pearl.png\",\"datePublished\":\"2016-11-28T16:18:36+00:00\",\"dateModified\":\"2020-09-16T10:13:44+00:00\",\"description\":\"Menopearl\u00ae enth\u00e4lt den speziellen Isoflavon-Extrakt MF11RCE\u00ae sowie als besonderes Plus eine niedermolekulare Hyalurons\u00e4ure und ist damit v\u00f6llig hormonfrei.\",\"breadcrumb\":{\"@id\":\"https:\/\/menopearl.com\/at\/mein-menopearl\/isoflavone-sind-keine-hormone\/#breadcrumb\"},\"inLanguage\":\"de-AT\",\"potentialAction\":[{\"@type\":\"ReadAction\",\"target\":[\"https:\/\/menopearl.com\/at\/mein-menopearl\/isoflavone-sind-keine-hormone\/\"]}]},{\"@type\":\"ImageObject\",\"inLanguage\":\"de-AT\",\"@id\":\"https:\/\/menopearl.com\/at\/mein-menopearl\/isoflavone-sind-keine-hormone\/#primaryimage\",\"url\":\"https:\/\/menopearl.com\/at\/wp-content\/uploads\/2020\/08\/pearl.png\",\"contentUrl\":\"https:\/\/menopearl.com\/at\/wp-content\/uploads\/2020\/08\/pearl.png\"},{\"@type\":\"BreadcrumbList\",\"@id\":\"https:\/\/menopearl.com\/at\/mein-menopearl\/isoflavone-sind-keine-hormone\/#breadcrumb\",\"itemListElement\":[{\"@type\":\"ListItem\",\"position\":1,\"name\":\"Home\",\"item\":\"https:\/\/menopearl.com\/at\/\"},{\"@type\":\"ListItem\",\"position\":2,\"name\":\"Mein Menopearl\u00ae\",\"item\":\"https:\/\/menopearl.com\/at\/mein-menopearl\/\"},{\"@type\":\"ListItem\",\"position\":3,\"name\":\"Isoflavone keine Hormone\"}]},{\"@type\":\"WebSite\",\"@id\":\"https:\/\/menopearl.com\/#website\",\"url\":\"https:\/\/menopearl.com\/\",\"name\":\"MENOPEARL\u00ae\",\"description\":\"Your companion during Menopause\",\"potentialAction\":[{\"@type\":\"SearchAction\",\"target\":{\"@type\":\"EntryPoint\",\"urlTemplate\":\"https:\/\/menopearl.com\/?s={search_term_string}\"},\"query-input\":{\"@type\":\"PropertyValueSpecification\",\"valueRequired\":true,\"valueName\":\"search_term_string\"}}],\"inLanguage\":\"de-AT\"}]}<\/script>\n<!-- \/ Yoast SEO plugin. -->","yoast_head_json":{"title":"MENOPEARL\u00ae - Wechselbeschwerden hormonfrei lindern","description":"Menopearl\u00ae enth\u00e4lt den speziellen Isoflavon-Extrakt MF11RCE\u00ae sowie als besonderes Plus eine niedermolekulare Hyalurons\u00e4ure und ist damit v\u00f6llig hormonfrei.","robots":{"index":"index","follow":"follow","max-snippet":"max-snippet:-1","max-image-preview":"max-image-preview:large","max-video-preview":"max-video-preview:-1"},"canonical":"https:\/\/menopearl.com\/at\/mein-menopearl\/isoflavone-sind-keine-hormone\/","og_locale":"de_DE","og_type":"article","og_title":"MENOPEARL\u00ae - Wechselbeschwerden hormonfrei lindern","og_description":"Menopearl\u00ae enth\u00e4lt den speziellen Isoflavon-Extrakt MF11RCE\u00ae sowie als besonderes Plus eine niedermolekulare Hyalurons\u00e4ure und ist damit v\u00f6llig hormonfrei.","og_url":"https:\/\/menopearl.com\/at\/mein-menopearl\/isoflavone-sind-keine-hormone\/","og_site_name":"MENOPEARL\u00ae","article_modified_time":"2020-09-16T10:13:44+00:00","og_image":[{"url":"https:\/\/menopearl.com\/at\/wp-content\/uploads\/2020\/08\/pearl.png","type":"","width":"","height":""}],"twitter_card":"summary_large_image","twitter_misc":{"Est. reading time":"1 minute"},"schema":{"@context":"https:\/\/schema.org","@graph":[{"@type":"WebPage","@id":"https:\/\/menopearl.com\/at\/mein-menopearl\/isoflavone-sind-keine-hormone\/","url":"https:\/\/menopearl.com\/at\/mein-menopearl\/isoflavone-sind-keine-hormone\/","name":"MENOPEARL\u00ae - Wechselbeschwerden hormonfrei lindern","isPartOf":{"@id":"https:\/\/menopearl.com\/#website"},"primaryImageOfPage":{"@id":"https:\/\/menopearl.com\/at\/mein-menopearl\/isoflavone-sind-keine-hormone\/#primaryimage"},"image":{"@id":"https:\/\/menopearl.com\/at\/mein-menopearl\/isoflavone-sind-keine-hormone\/#primaryimage"},"thumbnailUrl":"https:\/\/menopearl.com\/at\/wp-content\/uploads\/2020\/08\/pearl.png","datePublished":"2016-11-28T16:18:36+00:00","dateModified":"2020-09-16T10:13:44+00:00","description":"Menopearl\u00ae enth\u00e4lt den speziellen Isoflavon-Extrakt MF11RCE\u00ae sowie als besonderes Plus eine niedermolekulare Hyalurons\u00e4ure und ist damit v\u00f6llig hormonfrei.","breadcrumb":{"@id":"https:\/\/menopearl.com\/at\/mein-menopearl\/isoflavone-sind-keine-hormone\/#breadcrumb"},"inLanguage":"de-AT","potentialAction":[{"@type":"ReadAction","target":["https:\/\/menopearl.com\/at\/mein-menopearl\/isoflavone-sind-keine-hormone\/"]}]},{"@type":"ImageObject","inLanguage":"de-AT","@id":"https:\/\/menopearl.com\/at\/mein-menopearl\/isoflavone-sind-keine-hormone\/#primaryimage","url":"https:\/\/menopearl.com\/at\/wp-content\/uploads\/2020\/08\/pearl.png","contentUrl":"https:\/\/menopearl.com\/at\/wp-content\/uploads\/2020\/08\/pearl.png"},{"@type":"BreadcrumbList","@id":"https:\/\/menopearl.com\/at\/mein-menopearl\/isoflavone-sind-keine-hormone\/#breadcrumb","itemListElement":[{"@type":"ListItem","position":1,"name":"Home","item":"https:\/\/menopearl.com\/at\/"},{"@type":"ListItem","position":2,"name":"Mein Menopearl\u00ae","item":"https:\/\/menopearl.com\/at\/mein-menopearl\/"},{"@type":"ListItem","position":3,"name":"Isoflavone keine Hormone"}]},{"@type":"WebSite","@id":"https:\/\/menopearl.com\/#website","url":"https:\/\/menopearl.com\/","name":"MENOPEARL\u00ae","description":"Your companion during Menopause","potentialAction":[{"@type":"SearchAction","target":{"@type":"EntryPoint","urlTemplate":"https:\/\/menopearl.com\/?s={search_term_string}"},"query-input":{"@type":"PropertyValueSpecification","valueRequired":true,"valueName":"search_term_string"}}],"inLanguage":"de-AT"}]}},"_links":{"self":[{"href":"https:\/\/menopearl.com\/at\/wp-json\/wp\/v2\/pages\/2705","targetHints":{"allow":["GET"]}}],"collection":[{"href":"https:\/\/menopearl.com\/at\/wp-json\/wp\/v2\/pages"}],"about":[{"href":"https:\/\/menopearl.com\/at\/wp-json\/wp\/v2\/types\/page"}],"author":[{"embeddable":true,"href":"https:\/\/menopearl.com\/at\/wp-json\/wp\/v2\/users\/1"}],"replies":[{"embeddable":true,"href":"https:\/\/menopearl.com\/at\/wp-json\/wp\/v2\/comments?post=2705"}],"version-history":[{"count":2,"href":"https:\/\/menopearl.com\/at\/wp-json\/wp\/v2\/pages\/2705\/revisions"}],"predecessor-version":[{"id":2824,"href":"https:\/\/menopearl.com\/at\/wp-json\/wp\/v2\/pages\/2705\/revisions\/2824"}],"up":[{"embeddable":true,"href":"https:\/\/menopearl.com\/at\/wp-json\/wp\/v2\/pages\/2657"}],"wp:attachment":[{"href":"https:\/\/menopearl.com\/at\/wp-json\/wp\/v2\/media?parent=2705"}],"curies":[{"name":"wp","href":"https:\/\/api.w.org\/{rel}","templated":true}]}}