{"id":2698,"date":"2016-11-28T16:32:59","date_gmt":"2016-11-28T15:32:59","guid":{"rendered":"https:\/\/menopearl.com\/mein-menopearl\/mf11rce-ein-besonderer-rotklee-extrakt"},"modified":"2020-09-16T12:11:47","modified_gmt":"2020-09-16T10:11:47","slug":"mf11rce-ein-besonderer-rotklee-extrakt","status":"publish","type":"page","link":"https:\/\/menopearl.com\/at\/mein-menopearl\/mf11rce-ein-besonderer-rotklee-extrakt\/","title":{"rendered":"MF11RCE\u00ae"},"content":{"rendered":"\n<div class=\"wp-block-cover alignfull is-position-center-center menopearl-page-header\" style=\"background-image:url(https:\/\/menopearl.com\/wp-content\/uploads\/2020\/09\/page-header-bg-scaled.jpg);background-position:50% 50%\"><div class=\"wp-block-cover__inner-container is-layout-flow wp-block-cover-is-layout-flow\">\n<p class=\"has-text-align-center has-white-color has-text-color\">\u00abICH WAR IMMER EINE LEIDENSCHAFTLICHE FRAU. <strong>IN LETZTER ZEIT F\u00dcHL\u2019 ICH MICH MANCHMAL ETWAS LUSTLOS.<\/strong>.\u00bb<\/p>\n\n\n\n<div class=\"wp-block-image show-for-medium\"><figure class=\"aligncenter size-large is-resized\"><img loading=\"lazy\" decoding=\"async\" src=\"https:\/\/menopearl.com\/at\/wp-content\/uploads\/2020\/08\/pearl.png\" alt=\"\" class=\"wp-image-2625\" width=\"72\" height=\"72\" srcset=\"https:\/\/menopearl.com\/wp-content\/uploads\/2020\/08\/pearl.png 288w, https:\/\/menopearl.com\/wp-content\/uploads\/2020\/08\/pearl-150x150.png 150w, https:\/\/menopearl.com\/wp-content\/uploads\/2020\/08\/pearl-125x125.png 125w\" sizes=\"auto, (max-width: 72px) 100vw, 72px\" \/><\/figure><\/div>\n<\/div><\/div>\n\n\n\n<h1 class=\"has-text-align-center has-purple-color has-text-color wp-block-heading\"><strong>MF11RCE\u00ae <\/strong><br>EIN BESONDERER ROTKLEE-EXTRAKT<\/h1>\n\n\n\n<div class=\"wp-block-image\"><figure class=\"alignright is-resized\"><img decoding=\"async\" src=\"https:\/\/menopearl.com\/at\/wp-content\/uploads\/2016\/11\/Button_Klee_Isoflavone.png\" alt=\"button_klee_isoflavone\" class=\"wp-image-2699\" width=\"150\" srcset=\"https:\/\/menopearl.com\/wp-content\/uploads\/2016\/11\/Button_Klee_Isoflavone.png 150w, https:\/\/menopearl.com\/wp-content\/uploads\/2016\/11\/Button_Klee_Isoflavone-125x125.png 125w\" sizes=\"(max-width: 150px) 100vw, 150px\" \/><\/figure><\/div>\n\n\n\n<p class=\"has-purple-color has-text-color\"><strong>MF11RCE<sup>\u00ae<\/sup> ist ein spezieller, aus erlesenen Rotkleepflanzen gewonnener Extrakt, mit einem genau festgelegten und streng kontrollierten Verh\u00e4ltnis der vier wichtigsten Isoflavone: Formononetin, Biochanin A, Genistein und Daidzein.<\/strong><\/p>\n\n\n\n<p>F\u00fcr die Wirksamkeit eines pflanzlichen Produktes sind die Zusammensetzung, die Qualit\u00e4t und auch die Konzentration der Wirkstoffe verantwortlich. Alle drei Faktoren sind in Menopearl<sup>\u00ae<\/sup> ber\u00fccksichtigt. Aufgrund jahrelanger wissenschaftlicher Forschung hat sich die Zusammensetzung von Menopearl<sup>\u00ae<\/sup> als die bew\u00e4hrteste Kombination erwiesen.<\/p>\n\n\n\n<div class=\"wp-block-image\"><figure class=\"alignright size-full is-resized\"><a href=\"#sources\"><img decoding=\"async\" src=\"https:\/\/menopearl.com\/wp-content\/uploads\/2020\/09\/MF11RCE_6_Studien_belegen_die_Wirksamkeit.png\" alt=\"Studienbelegte Wirksamkeit von MF11RCE\u00ae Isoflavonen\" class=\"wp-image-2521\" width=\"170\" srcset=\"https:\/\/menopearl.com\/wp-content\/uploads\/2020\/09\/MF11RCE_6_Studien_belegen_die_Wirksamkeit.png 474w, https:\/\/menopearl.com\/wp-content\/uploads\/2020\/09\/MF11RCE_6_Studien_belegen_die_Wirksamkeit-300x300.png 300w, https:\/\/menopearl.com\/wp-content\/uploads\/2020\/09\/MF11RCE_6_Studien_belegen_die_Wirksamkeit-150x150.png 150w, https:\/\/menopearl.com\/wp-content\/uploads\/2020\/09\/MF11RCE_6_Studien_belegen_die_Wirksamkeit-125x125.png 125w\" sizes=\"(max-width: 474px) 100vw, 474px\" \/><\/a><\/figure><\/div>\n\n\n\n<p>F\u00fcr die Herstellung von MF11RCE<sup>\u00ae<\/sup> wird ausschlie\u00dflich Rotklee aus der Europ\u00e4ischen Union verwendet, der nach den strengen Vorgaben der GAP (Good Agricultural Practice) kultiviert wird. In der Produktion werden genauest kontrollierte Verfahren eingesetzt, um die optimale Zusammensetzung und Reinheit der Isoflavone zu gew\u00e4hrleisten.<\/p>\n\n\n\n<p>Klinische Daten der Forschungsgruppe des Landsteiner Instituts best\u00e4tigen die Effektivit\u00e4t von MF11RCE<sup>\u00ae<\/sup> in einer Dosierung von 80\u2009mg.<\/p>\n\n\n\n<div class=\"wp-block-group alignfull has-white-color has-purple-background-color has-text-color has-background\"><div class=\"wp-block-group__inner-container is-layout-flow wp-block-group-is-layout-flow\">\n<p>Wissenschaftliche Studien beweisen die Wirksamkeit von MF11RCE<sup>\u00ae<\/sup>. So konnte die Frequenz der <strong>Hitze\u00adwallungen<\/strong> um <strong>74\u2009%<\/strong> und jene der <strong>n\u00e4chtlichen Schwei\u00dfausbr\u00fcche<\/strong> um <strong>72\u2009%<\/strong> reduziert werden.<\/p>\n\n\n\n<p>Eine Studie des Landsteiner Instituts ermittelte die Reduktion von <strong>depressiven Ver\u00adstimmungen<\/strong> um<strong> 78 %<\/strong> sowie bei <strong>Angstzust\u00e4nden<\/strong> um <strong>76 %.<\/strong><\/p>\n\n\n\n<p class=\"no-margin-bottom\">Weitere wissenschaftliche Studien best\u00e4tigen den positiven Einfluss auf den <strong>Hautzustand,<\/strong> die <strong>Kopfbehaarung<\/strong> und die <strong>Libido.<\/strong> Auch bei einer<strong> trockenen Scheide<\/strong> zeigte sich eine Verbesserung.<\/p>\n<\/div><\/div>\n\n\n\n<div style=\"height:60px\" aria-hidden=\"true\" class=\"wp-block-spacer\"><\/div>\n\n\n\n<div class=\"wp-block-buttons aligncenter is-layout-flex wp-block-buttons-is-layout-flex\">\n<div class=\"wp-block-button buynow open-buynow-popup\"><a class=\"wp-block-button__link has-gold-from-left-gradient-background has-background\" href=\"#\" style=\"border-radius:50px\"><strong>KAUFEN<\/strong> <img loading=\"lazy\" decoding=\"async\" width=\"24\" height=\"24\" class=\"wp-image-1441\" style=\"width: 24px;\" src=\"https:\/\/menopearl.com\/wp-content\/uploads\/2020\/08\/shopping-cart-white.svg\" alt=\"\"><\/a><\/div>\n<\/div>\n\n\n\n<div style=\"height:60px\" aria-hidden=\"true\" class=\"wp-block-spacer\"><\/div>\n\n\n\n<p><\/p>\n\n\n\n<hr class=\"wp-block-separator\"\/>\n\n\n\n<p class=\"has-small-font-size\" id=\"sources\"><em><sup>1) <\/sup>Schmidt M. et al.; Consensus: Soy isoflavones as a first-line approach to the treatment of menopausal vasomotor complaints, Gynecol Endocrinol. 2016 Jun;32(6);427-30.<br><sup>2) <\/sup>Risk assessment for peri- and post-menopausal women taking food supplements containing isolated isoflavones, EFSA Journal 2015;13(10):4246.<br><sup>3)<\/sup> Imhof M. et al.; Effects of a red clover extract (MF11RCE<sup>\u00ae<\/sup>) on endometrium and sex hormones in postmenopausal women, Maturitas 2006 55: 76-81.<br><sup>4) <\/sup>Lipovac M., et al.; The effect of red clover isoflavone supplementation over vasomotor and menopausal symptoms in postmenopausal women, GynecolEndocrinol 2012 28(3): 203-207.<br><sup>5)<\/sup> Lipovac M., et al.; Improvement of postmenopausal depressive and anxiety symptoms after treatment with isoflavones derived from red clover extracts, Maturitas 2010 65: 258-261.6) Chedraui P., et al.; Red clover extract (MF11RCE<sup>\u00ae<\/sup>) supplementation and postmenopausal vaginal and sexual health, Int J Gynaecol Obstet 2006 95(3): 296-7.<br><sup>7)<\/sup> Lipovac M., et al.; Effect of red clover Isoflavones over skin, appendages, and mucosal status in postmenopausal women, Obstet Gynecol Int 2011: 9493021.<br><sup>8)<\/sup> Lipovac M., et al.; Red clover isoflavone metabolite bioavailability is decreased after fructooligosaccharide supplementation, Fitoterapia 2015, 105: 93-101.<br><sup>9)<\/sup> Oral administration of hyaluronan: A review. New perspectives and evidences of Exceptional HYAL, NutraCos. November\/December 2011: 3-7.<br><sup>10)<\/sup> Kawada C. et al.; Ingestion of hyaluronans (molecular weights 800 k and 300 k) improves dry skin conditions: a randomized, double blind, controlled study, J. Clin. Biochem. Nutr. 2015; 56(1): 66-73.<br><sup>11) <\/sup>Kawada C. et al.; Ingested hyaluronan moisturizes dry skin, Nutr J. 2014; 13: 70.<br><sup>12)<\/sup> Oe M. et al.: Oral hyaluronan relieves wrinkles: a doubleblinded, placebo-controlled study over a 12-week period, Clinical, Cosmetic and Investigational Dermatology 2017:10 267\u2013273.<\/em><\/p>\n","protected":false},"excerpt":{"rendered":"<p>MF11RCE\u00ae EIN BESONDERER ROTKLEE-EXTRAKT MF11RCE\u00ae ist ein spezieller, aus erlesenen Rotkleepflanzen gewonnener Extrakt, mit einem genau festgelegten und streng kontrollierten Verh\u00e4ltnis der vier wichtigsten Isoflavone: Formononetin, Biochanin A, Genistein und Daidzein. F\u00fcr die Wirksamkeit eines pflanzlichen Produktes sind die Zusammensetzung, die Qualit\u00e4t und auch die Konzentration der Wirkstoffe verantwortlich. Alle drei Faktoren sind in Menopearl\u00ae<a class=\"excerpt-read-more\" href=\"https:\/\/menopearl.com\/at\/mein-menopearl\/mf11rce-ein-besonderer-rotklee-extrakt\/\" title=\"ReadMF11RCE\u00ae\">&#8230; Read more &raquo;<\/a><\/p>\n","protected":false},"author":1,"featured_media":0,"parent":2657,"menu_order":1,"comment_status":"closed","ping_status":"closed","template":"","meta":{"_acf_changed":false,"footnotes":""},"class_list":["post-2698","page","type-page","status-publish","hentry"],"acf":[],"yoast_head":"<!-- This site is optimized with the Yoast SEO plugin v24.5 - https:\/\/yoast.com\/wordpress\/plugins\/seo\/ -->\n<title>MENOPEARL\u00ae - Wechselbeschwerden attraktiv und unbeschwert lindern<\/title>\n<meta name=\"description\" content=\"Nur Menopearl\u00ae enth\u00e4lt den Rotklee-Extrakt MF11RCE\u00ae, welcher unter strenger Kontrolle in der EU angebaut wird und Wechselbeschwerden lindern kann.\" \/>\n<meta name=\"robots\" content=\"index, follow, max-snippet:-1, max-image-preview:large, max-video-preview:-1\" \/>\n<link rel=\"canonical\" href=\"https:\/\/menopearl.com\/at\/mein-menopearl\/mf11rce-ein-besonderer-rotklee-extrakt\/\" \/>\n<meta property=\"og:locale\" content=\"de_DE\" \/>\n<meta property=\"og:type\" content=\"article\" \/>\n<meta property=\"og:title\" content=\"MENOPEARL\u00ae - Wechselbeschwerden attraktiv und unbeschwert lindern\" \/>\n<meta property=\"og:description\" content=\"Nur Menopearl\u00ae enth\u00e4lt den Rotklee-Extrakt MF11RCE\u00ae, welcher unter strenger Kontrolle in der EU angebaut wird und Wechselbeschwerden lindern kann.\" \/>\n<meta property=\"og:url\" content=\"https:\/\/menopearl.com\/at\/mein-menopearl\/mf11rce-ein-besonderer-rotklee-extrakt\/\" \/>\n<meta property=\"og:site_name\" content=\"MENOPEARL\u00ae\" \/>\n<meta property=\"article:modified_time\" content=\"2020-09-16T10:11:47+00:00\" \/>\n<meta property=\"og:image\" content=\"https:\/\/menopearl.com\/at\/wp-content\/uploads\/2020\/08\/pearl.png\" \/>\n<meta name=\"twitter:card\" content=\"summary_large_image\" \/>\n<meta name=\"twitter:label1\" content=\"Est. reading time\" \/>\n\t<meta name=\"twitter:data1\" content=\"2 minutes\" \/>\n<script type=\"application\/ld+json\" class=\"yoast-schema-graph\">{\"@context\":\"https:\/\/schema.org\",\"@graph\":[{\"@type\":\"WebPage\",\"@id\":\"https:\/\/menopearl.com\/at\/mein-menopearl\/mf11rce-ein-besonderer-rotklee-extrakt\/\",\"url\":\"https:\/\/menopearl.com\/at\/mein-menopearl\/mf11rce-ein-besonderer-rotklee-extrakt\/\",\"name\":\"MENOPEARL\u00ae - Wechselbeschwerden attraktiv und unbeschwert lindern\",\"isPartOf\":{\"@id\":\"https:\/\/menopearl.com\/#website\"},\"primaryImageOfPage\":{\"@id\":\"https:\/\/menopearl.com\/at\/mein-menopearl\/mf11rce-ein-besonderer-rotklee-extrakt\/#primaryimage\"},\"image\":{\"@id\":\"https:\/\/menopearl.com\/at\/mein-menopearl\/mf11rce-ein-besonderer-rotklee-extrakt\/#primaryimage\"},\"thumbnailUrl\":\"https:\/\/menopearl.com\/at\/wp-content\/uploads\/2020\/08\/pearl.png\",\"datePublished\":\"2016-11-28T15:32:59+00:00\",\"dateModified\":\"2020-09-16T10:11:47+00:00\",\"description\":\"Nur Menopearl\u00ae enth\u00e4lt den Rotklee-Extrakt MF11RCE\u00ae, welcher unter strenger Kontrolle in der EU angebaut wird und Wechselbeschwerden lindern kann.\",\"breadcrumb\":{\"@id\":\"https:\/\/menopearl.com\/at\/mein-menopearl\/mf11rce-ein-besonderer-rotklee-extrakt\/#breadcrumb\"},\"inLanguage\":\"de-AT\",\"potentialAction\":[{\"@type\":\"ReadAction\",\"target\":[\"https:\/\/menopearl.com\/at\/mein-menopearl\/mf11rce-ein-besonderer-rotklee-extrakt\/\"]}]},{\"@type\":\"ImageObject\",\"inLanguage\":\"de-AT\",\"@id\":\"https:\/\/menopearl.com\/at\/mein-menopearl\/mf11rce-ein-besonderer-rotklee-extrakt\/#primaryimage\",\"url\":\"https:\/\/menopearl.com\/at\/wp-content\/uploads\/2020\/08\/pearl.png\",\"contentUrl\":\"https:\/\/menopearl.com\/at\/wp-content\/uploads\/2020\/08\/pearl.png\"},{\"@type\":\"BreadcrumbList\",\"@id\":\"https:\/\/menopearl.com\/at\/mein-menopearl\/mf11rce-ein-besonderer-rotklee-extrakt\/#breadcrumb\",\"itemListElement\":[{\"@type\":\"ListItem\",\"position\":1,\"name\":\"Home\",\"item\":\"https:\/\/menopearl.com\/at\/\"},{\"@type\":\"ListItem\",\"position\":2,\"name\":\"Mein Menopearl\u00ae\",\"item\":\"https:\/\/menopearl.com\/at\/mein-menopearl\/\"},{\"@type\":\"ListItem\",\"position\":3,\"name\":\"MF11RCE\u00ae\"}]},{\"@type\":\"WebSite\",\"@id\":\"https:\/\/menopearl.com\/#website\",\"url\":\"https:\/\/menopearl.com\/\",\"name\":\"MENOPEARL\u00ae\",\"description\":\"Your companion during Menopause\",\"potentialAction\":[{\"@type\":\"SearchAction\",\"target\":{\"@type\":\"EntryPoint\",\"urlTemplate\":\"https:\/\/menopearl.com\/?s={search_term_string}\"},\"query-input\":{\"@type\":\"PropertyValueSpecification\",\"valueRequired\":true,\"valueName\":\"search_term_string\"}}],\"inLanguage\":\"de-AT\"}]}<\/script>\n<!-- \/ Yoast SEO plugin. -->","yoast_head_json":{"title":"MENOPEARL\u00ae - Wechselbeschwerden attraktiv und unbeschwert lindern","description":"Nur Menopearl\u00ae enth\u00e4lt den Rotklee-Extrakt MF11RCE\u00ae, welcher unter strenger Kontrolle in der EU angebaut wird und Wechselbeschwerden lindern kann.","robots":{"index":"index","follow":"follow","max-snippet":"max-snippet:-1","max-image-preview":"max-image-preview:large","max-video-preview":"max-video-preview:-1"},"canonical":"https:\/\/menopearl.com\/at\/mein-menopearl\/mf11rce-ein-besonderer-rotklee-extrakt\/","og_locale":"de_DE","og_type":"article","og_title":"MENOPEARL\u00ae - Wechselbeschwerden attraktiv und unbeschwert lindern","og_description":"Nur Menopearl\u00ae enth\u00e4lt den Rotklee-Extrakt MF11RCE\u00ae, welcher unter strenger Kontrolle in der EU angebaut wird und Wechselbeschwerden lindern kann.","og_url":"https:\/\/menopearl.com\/at\/mein-menopearl\/mf11rce-ein-besonderer-rotklee-extrakt\/","og_site_name":"MENOPEARL\u00ae","article_modified_time":"2020-09-16T10:11:47+00:00","og_image":[{"url":"https:\/\/menopearl.com\/at\/wp-content\/uploads\/2020\/08\/pearl.png","type":"","width":"","height":""}],"twitter_card":"summary_large_image","twitter_misc":{"Est. reading time":"2 minutes"},"schema":{"@context":"https:\/\/schema.org","@graph":[{"@type":"WebPage","@id":"https:\/\/menopearl.com\/at\/mein-menopearl\/mf11rce-ein-besonderer-rotklee-extrakt\/","url":"https:\/\/menopearl.com\/at\/mein-menopearl\/mf11rce-ein-besonderer-rotklee-extrakt\/","name":"MENOPEARL\u00ae - Wechselbeschwerden attraktiv und unbeschwert lindern","isPartOf":{"@id":"https:\/\/menopearl.com\/#website"},"primaryImageOfPage":{"@id":"https:\/\/menopearl.com\/at\/mein-menopearl\/mf11rce-ein-besonderer-rotklee-extrakt\/#primaryimage"},"image":{"@id":"https:\/\/menopearl.com\/at\/mein-menopearl\/mf11rce-ein-besonderer-rotklee-extrakt\/#primaryimage"},"thumbnailUrl":"https:\/\/menopearl.com\/at\/wp-content\/uploads\/2020\/08\/pearl.png","datePublished":"2016-11-28T15:32:59+00:00","dateModified":"2020-09-16T10:11:47+00:00","description":"Nur Menopearl\u00ae enth\u00e4lt den Rotklee-Extrakt MF11RCE\u00ae, welcher unter strenger Kontrolle in der EU angebaut wird und Wechselbeschwerden lindern kann.","breadcrumb":{"@id":"https:\/\/menopearl.com\/at\/mein-menopearl\/mf11rce-ein-besonderer-rotklee-extrakt\/#breadcrumb"},"inLanguage":"de-AT","potentialAction":[{"@type":"ReadAction","target":["https:\/\/menopearl.com\/at\/mein-menopearl\/mf11rce-ein-besonderer-rotklee-extrakt\/"]}]},{"@type":"ImageObject","inLanguage":"de-AT","@id":"https:\/\/menopearl.com\/at\/mein-menopearl\/mf11rce-ein-besonderer-rotklee-extrakt\/#primaryimage","url":"https:\/\/menopearl.com\/at\/wp-content\/uploads\/2020\/08\/pearl.png","contentUrl":"https:\/\/menopearl.com\/at\/wp-content\/uploads\/2020\/08\/pearl.png"},{"@type":"BreadcrumbList","@id":"https:\/\/menopearl.com\/at\/mein-menopearl\/mf11rce-ein-besonderer-rotklee-extrakt\/#breadcrumb","itemListElement":[{"@type":"ListItem","position":1,"name":"Home","item":"https:\/\/menopearl.com\/at\/"},{"@type":"ListItem","position":2,"name":"Mein Menopearl\u00ae","item":"https:\/\/menopearl.com\/at\/mein-menopearl\/"},{"@type":"ListItem","position":3,"name":"MF11RCE\u00ae"}]},{"@type":"WebSite","@id":"https:\/\/menopearl.com\/#website","url":"https:\/\/menopearl.com\/","name":"MENOPEARL\u00ae","description":"Your companion during Menopause","potentialAction":[{"@type":"SearchAction","target":{"@type":"EntryPoint","urlTemplate":"https:\/\/menopearl.com\/?s={search_term_string}"},"query-input":{"@type":"PropertyValueSpecification","valueRequired":true,"valueName":"search_term_string"}}],"inLanguage":"de-AT"}]}},"_links":{"self":[{"href":"https:\/\/menopearl.com\/at\/wp-json\/wp\/v2\/pages\/2698","targetHints":{"allow":["GET"]}}],"collection":[{"href":"https:\/\/menopearl.com\/at\/wp-json\/wp\/v2\/pages"}],"about":[{"href":"https:\/\/menopearl.com\/at\/wp-json\/wp\/v2\/types\/page"}],"author":[{"embeddable":true,"href":"https:\/\/menopearl.com\/at\/wp-json\/wp\/v2\/users\/1"}],"replies":[{"embeddable":true,"href":"https:\/\/menopearl.com\/at\/wp-json\/wp\/v2\/comments?post=2698"}],"version-history":[{"count":2,"href":"https:\/\/menopearl.com\/at\/wp-json\/wp\/v2\/pages\/2698\/revisions"}],"predecessor-version":[{"id":2811,"href":"https:\/\/menopearl.com\/at\/wp-json\/wp\/v2\/pages\/2698\/revisions\/2811"}],"up":[{"embeddable":true,"href":"https:\/\/menopearl.com\/at\/wp-json\/wp\/v2\/pages\/2657"}],"wp:attachment":[{"href":"https:\/\/menopearl.com\/at\/wp-json\/wp\/v2\/media?parent=2698"}],"curies":[{"name":"wp","href":"https:\/\/api.w.org\/{rel}","templated":true}]}}