{"id":2646,"date":"2020-09-10T21:18:37","date_gmt":"2020-09-10T19:18:37","guid":{"rendered":"https:\/\/menopearl.com\/?page_id=2646"},"modified":"2020-09-10T22:01:13","modified_gmt":"2020-09-10T20:01:13","slug":"was-ist-menopearl","status":"publish","type":"page","link":"https:\/\/menopearl.com\/at\/fuer-mediziner\/was-ist-menopearl\/","title":{"rendered":"Was ist Menopearl\u00ae?"},"content":{"rendered":"\n<div class=\"wp-block-cover alignfull is-position-center-center menopearl-page-header\" style=\"background-image:url(https:\/\/menopearl.com\/at\/wp-content\/uploads\/2020\/09\/page-header-bg-1-scaled.jpg);background-color:#000000\"><div class=\"wp-block-cover__inner-container is-layout-flow wp-block-cover-is-layout-flow\">\n<p class=\"has-text-align-center has-white-color has-text-color\">BESCHWERDELINDERUNG &amp; ATTRAKTIVIT\u00c4T<br><strong><span class=\"has-inline-color has-gold-color\">2-IN-1 F\u00dcR DIE MENOPAUSE<\/span><\/strong><\/p>\n\n\n\n<div class=\"wp-block-image show-for-medium\"><figure class=\"aligncenter size-large is-resized\"><img loading=\"lazy\" decoding=\"async\" src=\"https:\/\/menopearl.com\/de\/wp-content\/uploads\/2020\/08\/pearl.png\" alt=\"\" class=\"wp-image-2625\" width=\"72\" height=\"72\" srcset=\"https:\/\/menopearl.com\/wp-content\/uploads\/2020\/08\/pearl.png 288w, https:\/\/menopearl.com\/wp-content\/uploads\/2020\/08\/pearl-150x150.png 150w, https:\/\/menopearl.com\/wp-content\/uploads\/2020\/08\/pearl-125x125.png 125w\" sizes=\"auto, (max-width: 72px) 100vw, 72px\" \/><\/figure><\/div>\n<\/div><\/div>\n\n\n\n<p><\/p>\n\n\n\n<h1 class=\"has-text-align-center no-margin-bottom has-purple-color has-text-color wp-block-heading\"><strong>MENOPEARL\u00ae<\/strong><\/h1>\n\n\n\n<div class=\"wp-block-image show-for-large\"><figure class=\"aligncenter size-full is-resized\"><img loading=\"lazy\" decoding=\"async\" src=\"https:\/\/menopearl.com\/de\/wp-content\/uploads\/2020\/09\/Button_Einzigartig.png\" alt=\"MENOPEARL\u00ae einzigartig.\" class=\"wp-image-2651\" width=\"315\" height=\"64\" srcset=\"https:\/\/menopearl.com\/wp-content\/uploads\/2020\/09\/Button_Einzigartig.png 2353w, https:\/\/menopearl.com\/wp-content\/uploads\/2020\/09\/Button_Einzigartig-300x61.png 300w, https:\/\/menopearl.com\/wp-content\/uploads\/2020\/09\/Button_Einzigartig-1024x208.png 1024w, https:\/\/menopearl.com\/wp-content\/uploads\/2020\/09\/Button_Einzigartig-768x156.png 768w, https:\/\/menopearl.com\/wp-content\/uploads\/2020\/09\/Button_Einzigartig-1536x313.png 1536w, https:\/\/menopearl.com\/wp-content\/uploads\/2020\/09\/Button_Einzigartig-2048x417.png 2048w\" sizes=\"auto, (max-width: 315px) 100vw, 315px\" \/><\/figure><\/div>\n\n\n\n<div class=\"wp-block-image hide-for-large\"><figure class=\"aligncenter size-full is-resized\"><img loading=\"lazy\" decoding=\"async\" src=\"https:\/\/menopearl.com\/de\/wp-content\/uploads\/2020\/09\/Button_Einzigartig.png\" alt=\"MENOPEARL\u00ae einzigartig.\" class=\"wp-image-2651\" width=\"160\" height=\"32\" srcset=\"https:\/\/menopearl.com\/wp-content\/uploads\/2020\/09\/Button_Einzigartig.png 2353w, https:\/\/menopearl.com\/wp-content\/uploads\/2020\/09\/Button_Einzigartig-300x61.png 300w, https:\/\/menopearl.com\/wp-content\/uploads\/2020\/09\/Button_Einzigartig-1024x208.png 1024w, https:\/\/menopearl.com\/wp-content\/uploads\/2020\/09\/Button_Einzigartig-768x156.png 768w, https:\/\/menopearl.com\/wp-content\/uploads\/2020\/09\/Button_Einzigartig-1536x313.png 1536w, https:\/\/menopearl.com\/wp-content\/uploads\/2020\/09\/Button_Einzigartig-2048x417.png 2048w\" sizes=\"auto, (max-width: 160px) 100vw, 160px\" \/><\/figure><\/div>\n\n\n\n<div style=\"height:20px\" aria-hidden=\"true\" class=\"wp-block-spacer\"><\/div>\n\n\n\n<h2 class=\"has-text-align-center has-gold-color has-text-color wp-block-heading\"><strong>DIE EINZIGARTIGE 2-IN-1 KOMBINATION <\/strong><br><strong>IN DER MENOPAUSE:<\/strong><\/h2>\n\n\n\n<div style=\"height:20px\" aria-hidden=\"true\" class=\"wp-block-spacer\"><\/div>\n\n\n\n<div class=\"wp-block-group has-gold-color has-text-color\"><div class=\"wp-block-group__inner-container is-layout-flow wp-block-group-is-layout-flow\">\n<ul class=\"h2 text-center wp-block-list\"><li><strong>LINDERT BESCHWERDEN<\/strong><\/li><li><strong>STRAFFT DAS HAUTBILD<\/strong><\/li><\/ul>\n<\/div><\/div>\n\n\n\n<p class=\"has-text-align-center h2 has-purple-color has-text-color\">80 MG <strong>MF11RCE\u00ae ROTKLEE-ISOFLAVONE <\/strong><br>+ 120 MG <strong>HYALURONS\u00c4URE&nbsp;<\/strong><\/p>\n\n\n\n<div class=\"wp-block-image\"><figure class=\"aligncenter size-full is-resized\"><a href=\"#sources\"><img loading=\"lazy\" decoding=\"async\" src=\"https:\/\/menopearl.com\/de\/wp-content\/uploads\/2020\/09\/studienbelegte-wirksamkeit.png\" alt=\"MENOPEARL\u00ae: Studienbelegte Wirksamkeit.\" class=\"wp-image-2652\" width=\"299\" height=\"298\" srcset=\"https:\/\/menopearl.com\/wp-content\/uploads\/2020\/09\/studienbelegte-wirksamkeit.png 474w, https:\/\/menopearl.com\/wp-content\/uploads\/2020\/09\/studienbelegte-wirksamkeit-300x300.png 300w, https:\/\/menopearl.com\/wp-content\/uploads\/2020\/09\/studienbelegte-wirksamkeit-150x150.png 150w, https:\/\/menopearl.com\/wp-content\/uploads\/2020\/09\/studienbelegte-wirksamkeit-125x125.png 125w\" sizes=\"auto, (max-width: 299px) 100vw, 299px\" \/><\/a><\/figure><\/div>\n\n\n\n<div class=\"wp-block-cover alignfull has-background-dim has-background-gradient has-light-purple-to-right-gradient-background is-position-center-center no-margin-bottom\" id=\"buynow\"><div class=\"wp-block-cover__inner-container is-layout-flow wp-block-cover-is-layout-flow\">\n<div style=\"height:31px\" aria-hidden=\"true\" class=\"wp-block-spacer\"><\/div>\n\n\n\n<div class=\"wp-block-image\"><figure class=\"aligncenter size-full is-resized\"><img loading=\"lazy\" decoding=\"async\" src=\"https:\/\/menopearl.com\/de\/wp-content\/uploads\/2020\/09\/pill.png\" alt=\"\" class=\"wp-image-2632\" width=\"81\" height=\"81\" srcset=\"https:\/\/menopearl.com\/wp-content\/uploads\/2020\/09\/pill.png 243w, https:\/\/menopearl.com\/wp-content\/uploads\/2020\/09\/pill-150x150.png 150w, https:\/\/menopearl.com\/wp-content\/uploads\/2020\/09\/pill-125x125.png 125w\" sizes=\"auto, (max-width: 81px) 100vw, 81px\" \/><\/figure><\/div>\n\n\n\n<h2 class=\"has-text-align-center has-purple-color has-text-color wp-block-heading\"><strong>NUR EINE TABLETTE T\u00c4GLICH.<\/strong><br><strong>DAS IST ES.<\/strong><\/h2>\n\n\n\n<p><\/p>\n<\/div><\/div>\n\n\n\n<p><\/p>\n\n\n\n<div style=\"height:25px\" aria-hidden=\"true\" class=\"wp-block-spacer\"><\/div>\n\n\n\n<p class=\"has-purple-color has-text-color\"><strong>Empfehlen Sie Menopearl\u00ae schon bei den ersten Anzeichen des Klimakteriums.<\/strong>&nbsp;<strong>Diese zeigen sich oft fr\u00fcher als gedacht und k\u00f6nnen leicht \u00fcbersehen werden.<\/strong><\/p>\n\n\n\n<ul class=\"wp-block-list\"><li>Leistungsabfall, Konzentrationsschw\u00e4che, M\u00fcdigkeit, Schlafst\u00f6rung\/Schlaflosigkeit, Stimmungsschwankungen, Reizbarkeit<\/li><li>Depressive Verstimmung und Angstzust\u00e4nde, Hitzewallungen, Schwei\u00dfausbr\u00fcche, Nachtschwitzen, ver\u00e4nderte K\u00f6rperfett\u00adverteilung, Gewichtszunahme<\/li><li>Trockenheit der Haut und Schleimh\u00e4ute (z.B. trockene Scheide, trockenes Auge), Schmerzen beim Geschlechtsverkehr, Libidoverlust, Gelenksbeschwerden<\/li><\/ul>\n\n\n\n<div class=\"wp-block-image\"><figure class=\"aligncenter size-full is-resized\"><img loading=\"lazy\" decoding=\"async\" src=\"https:\/\/menopearl.com\/de\/wp-content\/uploads\/2016\/12\/mp_graph_dreiphasen_NEU_Pfade_RGB.png\" alt=\"mp_graph_dreiphasen_neu_pfade_rgb\" class=\"wp-image-2649\" width=\"512\" height=\"310\" srcset=\"https:\/\/menopearl.com\/wp-content\/uploads\/2016\/12\/mp_graph_dreiphasen_NEU_Pfade_RGB.png 1200w, https:\/\/menopearl.com\/wp-content\/uploads\/2016\/12\/mp_graph_dreiphasen_NEU_Pfade_RGB-300x183.png 300w, https:\/\/menopearl.com\/wp-content\/uploads\/2016\/12\/mp_graph_dreiphasen_NEU_Pfade_RGB-768x467.png 768w\" sizes=\"auto, (max-width: 512px) 100vw, 512px\" \/><\/figure><\/div>\n\n\n\n<div style=\"height:65px\" aria-hidden=\"true\" class=\"wp-block-spacer\"><\/div>\n\n\n\n<h3 class=\"has-text-align-center has-purple-color has-text-color wp-block-heading\"><strong>MENOPEARL\u00ae UNTERST\u00dcTZT DIE FRAUEN OPTIMAL IN ALLEN 3 PHASEN DER MENOPAUSE<\/strong><\/h3>\n\n\n\n<div class=\"wp-block-image\"><figure class=\"aligncenter size-full is-resized\"><img loading=\"lazy\" decoding=\"async\" src=\"https:\/\/menopearl.com\/wp-content\/uploads\/2020\/09\/Menopearl_Packung.png\" alt=\"MENOPEARL\u00ae Packung\" class=\"wp-image-2556\" width=\"384\" height=\"301\" srcset=\"https:\/\/menopearl.com\/wp-content\/uploads\/2020\/09\/Menopearl_Packung.png 768w, https:\/\/menopearl.com\/wp-content\/uploads\/2020\/09\/Menopearl_Packung-300x235.png 300w\" sizes=\"auto, (max-width: 384px) 100vw, 384px\" \/><\/figure><\/div>\n\n\n\n<div style=\"height:55px\" aria-hidden=\"true\" class=\"wp-block-spacer\"><\/div>\n\n\n\n<hr class=\"wp-block-separator is-style-default\"\/>\n\n\n\n<p class=\"has-small-font-size\" id=\"sources\"><em><sup>1) <\/sup>Schmidt M. et al.; Consensus: Soy isoflavones as a first-line approach to the treatment of menopausal vasomotor complaints, Gynecol Endocrinol. 2016 Jun;32(6);427-30.<br><sup>2) <\/sup>Risk assessment for peri- and post-menopausal women taking food supplements containing isolated isoflavones, EFSA Journal 2015;13(10):4246.<br><sup>3)<\/sup> Imhof M. et al.; Effects of a red clover extract (MF11RCE<sup>\u00ae<\/sup>) on endometrium and sex hormones in postmenopausal women, Maturitas 2006 55: 76-81.<br><sup>4) <\/sup>Lipovac M., et al.; The effect of red clover isoflavone supplementation over vasomotor and menopausal symptoms in postmenopausal women, GynecolEndocrinol 2012 28(3): 203-207.<br><sup>5)<\/sup> Lipovac M., et al.; Improvement of postmenopausal depressive and anxiety symptoms after treatment with isoflavones derived from red clover extracts, Maturitas 2010 65: 258-261.6) Chedraui P., et al.; Red clover extract (MF11RCE<sup>\u00ae<\/sup>) supplementation and postmenopausal vaginal and sexual health, Int J Gynaecol Obstet 2006 95(3): 296-7.<br><sup>7)<\/sup> Lipovac M., et al.; Effect of red clover Isoflavones over skin, appendages, and mucosal status in postmenopausal women, Obstet Gynecol Int 2011: 9493021.<br><sup>8)<\/sup> Lipovac M., et al.; Red clover isoflavone metabolite bioavailability is decreased after fructooligosaccharide supplementation, Fitoterapia 2015, 105: 93-101.<br><sup>9)<\/sup> Oral administration of hyaluronan: A review. New perspectives and evidences of Exceptional HYAL, NutraCos. November\/December 2011: 3-7.<br><sup>10)<\/sup> Kawada C. et al.; Ingestion of hyaluronans (molecular weights 800 k and 300 k) improves dry skin conditions: a randomized, double blind, controlled study, J. Clin. Biochem. Nutr. 2015; 56(1): 66-73.<br><sup>11) <\/sup>Kawada C. et al.; Ingested hyaluronan moisturizes dry skin, Nutr J. 2014; 13: 70.<br><sup>12)<\/sup> Oe M. et al.: Oral hyaluronan relieves wrinkles: a doubleblinded, placebo-controlled study over a 12-week period, Clinical, Cosmetic and Investigational Dermatology 2017:10 267\u2013273.<\/em><\/p>\n","protected":false},"excerpt":{"rendered":"<p>MENOPEARL\u00ae DIE EINZIGARTIGE 2-IN-1 KOMBINATION IN DER MENOPAUSE: LINDERT BESCHWERDEN STRAFFT DAS HAUTBILD 80 MG MF11RCE\u00ae ROTKLEE-ISOFLAVONE + 120 MG HYALURONS\u00c4URE&nbsp; Empfehlen Sie Menopearl\u00ae schon bei den ersten Anzeichen des Klimakteriums.&nbsp;Diese zeigen sich oft fr\u00fcher als gedacht und k\u00f6nnen leicht \u00fcbersehen werden. Leistungsabfall, Konzentrationsschw\u00e4che, M\u00fcdigkeit, Schlafst\u00f6rung\/Schlaflosigkeit, Stimmungsschwankungen, Reizbarkeit Depressive Verstimmung und Angstzust\u00e4nde, Hitzewallungen, Schwei\u00dfausbr\u00fcche, Nachtschwitzen,<a class=\"excerpt-read-more\" href=\"https:\/\/menopearl.com\/at\/fuer-mediziner\/was-ist-menopearl\/\" title=\"ReadWas ist Menopearl\u00ae?\">&#8230; Read more &raquo;<\/a><\/p>\n","protected":false},"author":1,"featured_media":0,"parent":2644,"menu_order":0,"comment_status":"closed","ping_status":"closed","template":"","meta":{"_acf_changed":false,"footnotes":""},"class_list":["post-2646","page","type-page","status-publish","hentry"],"acf":[],"yoast_head":"<!-- This site is optimized with the Yoast SEO plugin v24.5 - https:\/\/yoast.com\/wordpress\/plugins\/seo\/ -->\n<title>Was ist Menopearl\u00ae? - MENOPEARL\u00ae<\/title>\n<meta name=\"robots\" content=\"index, follow, max-snippet:-1, max-image-preview:large, max-video-preview:-1\" \/>\n<link rel=\"canonical\" href=\"https:\/\/menopearl.com\/at\/fuer-mediziner\/was-ist-menopearl\/\" \/>\n<meta property=\"og:locale\" content=\"de_DE\" \/>\n<meta property=\"og:type\" content=\"article\" \/>\n<meta property=\"og:title\" content=\"Was ist Menopearl\u00ae? - MENOPEARL\u00ae\" \/>\n<meta property=\"og:description\" content=\"MENOPEARL\u00ae DIE EINZIGARTIGE 2-IN-1 KOMBINATION IN DER MENOPAUSE: LINDERT BESCHWERDEN STRAFFT DAS HAUTBILD 80 MG MF11RCE\u00ae ROTKLEE-ISOFLAVONE + 120 MG HYALURONS\u00c4URE&nbsp; Empfehlen Sie Menopearl\u00ae schon bei den ersten Anzeichen des Klimakteriums.&nbsp;Diese zeigen sich oft fr\u00fcher als gedacht und k\u00f6nnen leicht \u00fcbersehen werden. Leistungsabfall, Konzentrationsschw\u00e4che, M\u00fcdigkeit, Schlafst\u00f6rung\/Schlaflosigkeit, Stimmungsschwankungen, Reizbarkeit Depressive Verstimmung und Angstzust\u00e4nde, Hitzewallungen, Schwei\u00dfausbr\u00fcche, Nachtschwitzen,... Read more &raquo;\" \/>\n<meta property=\"og:url\" content=\"https:\/\/menopearl.com\/at\/fuer-mediziner\/was-ist-menopearl\/\" \/>\n<meta property=\"og:site_name\" content=\"MENOPEARL\u00ae\" \/>\n<meta property=\"article:modified_time\" content=\"2020-09-10T20:01:13+00:00\" \/>\n<meta property=\"og:image\" content=\"https:\/\/menopearl.com\/de\/wp-content\/uploads\/2020\/08\/pearl.png\" \/>\n<meta name=\"twitter:card\" content=\"summary_large_image\" \/>\n<meta name=\"twitter:label1\" content=\"Est. reading time\" \/>\n\t<meta name=\"twitter:data1\" content=\"2 minutes\" \/>\n<script type=\"application\/ld+json\" class=\"yoast-schema-graph\">{\"@context\":\"https:\/\/schema.org\",\"@graph\":[{\"@type\":\"WebPage\",\"@id\":\"https:\/\/menopearl.com\/at\/fuer-mediziner\/was-ist-menopearl\/\",\"url\":\"https:\/\/menopearl.com\/at\/fuer-mediziner\/was-ist-menopearl\/\",\"name\":\"Was ist Menopearl\u00ae? - MENOPEARL\u00ae\",\"isPartOf\":{\"@id\":\"https:\/\/menopearl.com\/#website\"},\"primaryImageOfPage\":{\"@id\":\"https:\/\/menopearl.com\/at\/fuer-mediziner\/was-ist-menopearl\/#primaryimage\"},\"image\":{\"@id\":\"https:\/\/menopearl.com\/at\/fuer-mediziner\/was-ist-menopearl\/#primaryimage\"},\"thumbnailUrl\":\"https:\/\/menopearl.com\/de\/wp-content\/uploads\/2020\/08\/pearl.png\",\"datePublished\":\"2020-09-10T19:18:37+00:00\",\"dateModified\":\"2020-09-10T20:01:13+00:00\",\"breadcrumb\":{\"@id\":\"https:\/\/menopearl.com\/at\/fuer-mediziner\/was-ist-menopearl\/#breadcrumb\"},\"inLanguage\":\"de-AT\",\"potentialAction\":[{\"@type\":\"ReadAction\",\"target\":[\"https:\/\/menopearl.com\/at\/fuer-mediziner\/was-ist-menopearl\/\"]}]},{\"@type\":\"ImageObject\",\"inLanguage\":\"de-AT\",\"@id\":\"https:\/\/menopearl.com\/at\/fuer-mediziner\/was-ist-menopearl\/#primaryimage\",\"url\":\"https:\/\/menopearl.com\/de\/wp-content\/uploads\/2020\/08\/pearl.png\",\"contentUrl\":\"https:\/\/menopearl.com\/de\/wp-content\/uploads\/2020\/08\/pearl.png\"},{\"@type\":\"BreadcrumbList\",\"@id\":\"https:\/\/menopearl.com\/at\/fuer-mediziner\/was-ist-menopearl\/#breadcrumb\",\"itemListElement\":[{\"@type\":\"ListItem\",\"position\":1,\"name\":\"Home\",\"item\":\"https:\/\/menopearl.com\/at\/\"},{\"@type\":\"ListItem\",\"position\":2,\"name\":\"Informationen f\u00fcr Mediziner\",\"item\":\"https:\/\/menopearl.com\/at\/fuer-mediziner\/\"},{\"@type\":\"ListItem\",\"position\":3,\"name\":\"Was ist Menopearl\u00ae?\"}]},{\"@type\":\"WebSite\",\"@id\":\"https:\/\/menopearl.com\/#website\",\"url\":\"https:\/\/menopearl.com\/\",\"name\":\"MENOPEARL\u00ae\",\"description\":\"Your companion during Menopause\",\"potentialAction\":[{\"@type\":\"SearchAction\",\"target\":{\"@type\":\"EntryPoint\",\"urlTemplate\":\"https:\/\/menopearl.com\/?s={search_term_string}\"},\"query-input\":{\"@type\":\"PropertyValueSpecification\",\"valueRequired\":true,\"valueName\":\"search_term_string\"}}],\"inLanguage\":\"de-AT\"}]}<\/script>\n<!-- \/ Yoast SEO plugin. -->","yoast_head_json":{"title":"Was ist Menopearl\u00ae? - MENOPEARL\u00ae","robots":{"index":"index","follow":"follow","max-snippet":"max-snippet:-1","max-image-preview":"max-image-preview:large","max-video-preview":"max-video-preview:-1"},"canonical":"https:\/\/menopearl.com\/at\/fuer-mediziner\/was-ist-menopearl\/","og_locale":"de_DE","og_type":"article","og_title":"Was ist Menopearl\u00ae? - MENOPEARL\u00ae","og_description":"MENOPEARL\u00ae DIE EINZIGARTIGE 2-IN-1 KOMBINATION IN DER MENOPAUSE: LINDERT BESCHWERDEN STRAFFT DAS HAUTBILD 80 MG MF11RCE\u00ae ROTKLEE-ISOFLAVONE + 120 MG HYALURONS\u00c4URE&nbsp; Empfehlen Sie Menopearl\u00ae schon bei den ersten Anzeichen des Klimakteriums.&nbsp;Diese zeigen sich oft fr\u00fcher als gedacht und k\u00f6nnen leicht \u00fcbersehen werden. Leistungsabfall, Konzentrationsschw\u00e4che, M\u00fcdigkeit, Schlafst\u00f6rung\/Schlaflosigkeit, Stimmungsschwankungen, Reizbarkeit Depressive Verstimmung und Angstzust\u00e4nde, Hitzewallungen, Schwei\u00dfausbr\u00fcche, Nachtschwitzen,... Read more &raquo;","og_url":"https:\/\/menopearl.com\/at\/fuer-mediziner\/was-ist-menopearl\/","og_site_name":"MENOPEARL\u00ae","article_modified_time":"2020-09-10T20:01:13+00:00","og_image":[{"url":"https:\/\/menopearl.com\/de\/wp-content\/uploads\/2020\/08\/pearl.png","type":"","width":"","height":""}],"twitter_card":"summary_large_image","twitter_misc":{"Est. reading time":"2 minutes"},"schema":{"@context":"https:\/\/schema.org","@graph":[{"@type":"WebPage","@id":"https:\/\/menopearl.com\/at\/fuer-mediziner\/was-ist-menopearl\/","url":"https:\/\/menopearl.com\/at\/fuer-mediziner\/was-ist-menopearl\/","name":"Was ist Menopearl\u00ae? - MENOPEARL\u00ae","isPartOf":{"@id":"https:\/\/menopearl.com\/#website"},"primaryImageOfPage":{"@id":"https:\/\/menopearl.com\/at\/fuer-mediziner\/was-ist-menopearl\/#primaryimage"},"image":{"@id":"https:\/\/menopearl.com\/at\/fuer-mediziner\/was-ist-menopearl\/#primaryimage"},"thumbnailUrl":"https:\/\/menopearl.com\/de\/wp-content\/uploads\/2020\/08\/pearl.png","datePublished":"2020-09-10T19:18:37+00:00","dateModified":"2020-09-10T20:01:13+00:00","breadcrumb":{"@id":"https:\/\/menopearl.com\/at\/fuer-mediziner\/was-ist-menopearl\/#breadcrumb"},"inLanguage":"de-AT","potentialAction":[{"@type":"ReadAction","target":["https:\/\/menopearl.com\/at\/fuer-mediziner\/was-ist-menopearl\/"]}]},{"@type":"ImageObject","inLanguage":"de-AT","@id":"https:\/\/menopearl.com\/at\/fuer-mediziner\/was-ist-menopearl\/#primaryimage","url":"https:\/\/menopearl.com\/de\/wp-content\/uploads\/2020\/08\/pearl.png","contentUrl":"https:\/\/menopearl.com\/de\/wp-content\/uploads\/2020\/08\/pearl.png"},{"@type":"BreadcrumbList","@id":"https:\/\/menopearl.com\/at\/fuer-mediziner\/was-ist-menopearl\/#breadcrumb","itemListElement":[{"@type":"ListItem","position":1,"name":"Home","item":"https:\/\/menopearl.com\/at\/"},{"@type":"ListItem","position":2,"name":"Informationen f\u00fcr Mediziner","item":"https:\/\/menopearl.com\/at\/fuer-mediziner\/"},{"@type":"ListItem","position":3,"name":"Was ist Menopearl\u00ae?"}]},{"@type":"WebSite","@id":"https:\/\/menopearl.com\/#website","url":"https:\/\/menopearl.com\/","name":"MENOPEARL\u00ae","description":"Your companion during Menopause","potentialAction":[{"@type":"SearchAction","target":{"@type":"EntryPoint","urlTemplate":"https:\/\/menopearl.com\/?s={search_term_string}"},"query-input":{"@type":"PropertyValueSpecification","valueRequired":true,"valueName":"search_term_string"}}],"inLanguage":"de-AT"}]}},"_links":{"self":[{"href":"https:\/\/menopearl.com\/at\/wp-json\/wp\/v2\/pages\/2646","targetHints":{"allow":["GET"]}}],"collection":[{"href":"https:\/\/menopearl.com\/at\/wp-json\/wp\/v2\/pages"}],"about":[{"href":"https:\/\/menopearl.com\/at\/wp-json\/wp\/v2\/types\/page"}],"author":[{"embeddable":true,"href":"https:\/\/menopearl.com\/at\/wp-json\/wp\/v2\/users\/1"}],"replies":[{"embeddable":true,"href":"https:\/\/menopearl.com\/at\/wp-json\/wp\/v2\/comments?post=2646"}],"version-history":[{"count":6,"href":"https:\/\/menopearl.com\/at\/wp-json\/wp\/v2\/pages\/2646\/revisions"}],"predecessor-version":[{"id":2784,"href":"https:\/\/menopearl.com\/at\/wp-json\/wp\/v2\/pages\/2646\/revisions\/2784"}],"up":[{"embeddable":true,"href":"https:\/\/menopearl.com\/at\/wp-json\/wp\/v2\/pages\/2644"}],"wp:attachment":[{"href":"https:\/\/menopearl.com\/at\/wp-json\/wp\/v2\/media?parent=2646"}],"curies":[{"name":"wp","href":"https:\/\/api.w.org\/{rel}","templated":true}]}}